{"id":88732,"date":"2022-08-31T22:40:05","date_gmt":"2022-08-31T22:40:05","guid":{"rendered":"https:\/\/www.everbridge.com\/de\/?page_id=88732"},"modified":"2024-07-25T20:07:15","modified_gmt":"2024-07-25T20:07:15","slug":"unsere-kunden","status":"publish","type":"page","link":"https:\/\/www.everbridge.com\/de\/unsere-kunden\/","title":{"rendered":"Unsere Kunden"},"content":{"rendered":"<div class=\"wp-block-tenup-hero-inside\">\n\t<div class=\"hero-inside-block\">\n\t\t<div class=\"hero-inside-container\">\n\t\t\t\n\n<div class=\"wp-block-columns is-layout-flex wp-container-core-columns-is-layout-9d6595d7 wp-block-columns-is-layout-flex\">\n<div class=\"wp-block-column hero-inside-column hero-inside-left is-layout-flow wp-block-column-is-layout-flow\" style=\"flex-basis:33.3%\">\n<h3 class=\"wp-block-heading hero-sub-title\" id=\"h-kunden\">KUNDEN<\/h3>\n\n\n\n<h1 class=\"wp-block-heading hero-entry-title\" id=\"h-ubersicht\">\u00dcbersicht<\/h1>\n<\/div>\n\n\n\n<div class=\"wp-block-column hero-inside-column hero-inside-right is-layout-flow wp-block-column-is-layout-flow\" style=\"flex-basis:66.67%\">\n<figure class=\"wp-block-image size-full hero-image-wrapwp-block-image hero-image-wrap\"><img loading=\"lazy\" decoding=\"async\" src=\"https:\/\/www.everbridge.com\/de\/wp-content\/uploads\/sites\/4\/2022\/08\/customer-overview-hero-13.jpeg\" alt=\"\" width=\"1000\" height=\"600\"><\/figure>\n<\/div>\n<\/div>\n\n\t\t<\/div>\n\t<\/div>\n<\/div>\n\n\n\n<div class=\"wp-block-columns is-layout-flex wp-container-core-columns-is-layout-9d6595d7 wp-block-columns-is-layout-flex\">\n<div class=\"wp-block-column is-layout-flow wp-block-column-is-layout-flow\">\n<h2 class=\"wp-block-heading mb-2 has-717-b-80-color has-text-color\" id=\"h-mehr-als-6-300-organisationen-vertrauen-everbridge\">Mehr als 6.300+ Organisationen vertrauen Everbridge<\/h2>\n\n\n\n<p class=\"mb-2 \">Unser oberstes Ziel ist es, Personen zu sch\u00fctzen und Unternehmen am Laufen zu halten, wenn Bedrohungen der \u00f6ffentlichen Sicherheit wie z. B. Terrorangriffe oder kritische Ereignisse in Unternehmen wie&nbsp;<a href=\"https:\/\/www.everbridge.com\/de\/losungen\/automatisierte-reaktionen-auf-it-vorfalle\/\">IT-Ausf\u00e4lle oder Cyber-Angriffe<\/a>&nbsp;auftreten. Unsere Kunden k\u00f6nnen sich dabei auf unsere Critical Event Management&nbsp;<a href=\"https:\/\/www.everbridge.com\/de\/plattform\/critical-event-management\/\">Plattform&nbsp;<\/a>&nbsp;verlassen, schnell und kontextuell &nbsp;jeden \u00fcber jedes Ger\u00e4t, \u00fcberall und zu jeder Zeit zu erreichen.<\/p>\n<\/div>\n<\/div>\n\n\n<div class=\"wp-block-tenup-background-image-with-content\">\n\t<div class=\"bg-img-content-wrap\" style=\"background-image: url('https:\/\/www.everbridge.com\/de\/wp-content\/uploads\/sites\/4\/2022\/08\/cta-left-1.jpeg');\">\n\t\t<div class=\"container\">\n\t\t\t<div class=\"bg-img-content\">\n\t\t\t\t<div class=\"bg-image-right-content\" >\n\t\t\t\t\t\t\t\t\t\t\t<div class=\"content-lists\">\n\t\t\t\t\t\t\t\n\n<h2 class=\"wp-block-heading heading-list-title\" id=\"h-kunden-1\">Kunden<\/h2>\n\n\n\n<ul class=\"wp-block-list\">\n<li><strong>9 der 10 gr\u00f6\u00dften Investmentbanken in den USA<\/strong><\/li>\n\n\n\n<li><strong>8 der 10 gr\u00f6\u00dften Automobilhersteller<\/strong><\/li>\n\n\n\n<li><strong>7 der 10 gr\u00f6\u00dften globalen Technologieunternehmen<\/strong><\/li>\n\n\n\n<li><strong>9 der 10 gr\u00f6\u00dften US-amerikanischen Gesundheitsdienstleister<\/strong><\/li>\n\n\n\n<li><strong>8 der 10 gr\u00f6\u00dften St\u00e4dte in den USA<\/strong><\/li>\n\n\n\n<li><strong>47 der 50 verkehrsreichsten nordamerikanischen Flugh\u00e4fen<\/strong><\/li>\n\n\n\n<li><strong>Das nationale Warnsystem f\u00fcr \u00fcber 20+ L\u00e4nder<\/strong><\/li>\n\n\n\n<li><strong>Top 10 Bankengruppen in Australien und Neuseeland<\/strong><\/li>\n\n\n\n<li><strong>47 der Fortune 50<\/strong><\/li>\n<\/ul>\n\n\t\t\t\t\t\t<\/div>\n\t\t\t\t\t\t\t\t\t<\/div>\n\t\t\t<\/div>\n\t\t<\/div>\n\t<\/div>\n<\/div>\n\n\n\n<div class=\"wp-block-columns mb-2 is-layout-flex wp-container-core-columns-is-layout-9d6595d7 wp-block-columns-is-layout-flex\">\n<div class=\"wp-block-column is-layout-flow wp-block-column-is-layout-flow\">\n<h2 class=\"wp-block-heading mt-2 has-717-b-80-color has-text-color\" id=\"h-erfolgsgeschichten\">Erfolgsgeschichten<\/h2>\n<\/div>\n<\/div>\n\n\n\n<div class=\"wp-block-group cards-image-wrap cards-image-on-left is-layout-flow wp-block-group-is-layout-flow\">\n<div class=\"wp-block-columns is-layout-flex wp-container-core-columns-is-layout-9d6595d7 wp-block-columns-is-layout-flex\">\n<div class=\"wp-block-column pr-3 is-layout-flow wp-block-column-is-layout-flow\">\n<figure class=\"wp-block-image size-full size-fullwp-block-image\"><img loading=\"lazy\" decoding=\"async\" src=\"https:\/\/www.everbridge.com\/de\/wp-content\/uploads\/sites\/4\/2022\/08\/alert-residents-visitors-hero-9.jpeg\" alt=\"\" class=\"wp-image-88734\"\/ width=\"1000\" height=\"600\" srcset=\"https:\/\/www.everbridge.com\/de\/wp-content\/uploads\/sites\/4\/2022\/08\/alert-residents-visitors-hero-9.jpeg 1000w, https:\/\/www.everbridge.com\/de\/wp-content\/uploads\/sites\/4\/2022\/08\/alert-residents-visitors-hero-9-300x180.jpeg 300w, https:\/\/www.everbridge.com\/de\/wp-content\/uploads\/sites\/4\/2022\/08\/alert-residents-visitors-hero-9-768x461.jpeg 768w\" sizes=\"auto, (max-width: 1000px) 100vw, 1000px\" \/><\/figure>\n<\/div>\n\n\n\n<div class=\"wp-block-column is-layout-flow wp-block-column-is-layout-flow\">\n<h2 class=\"wp-block-heading\" id=\"h-stadt-torrance-kalifornien\">Stadt Torrance (Kalifornien)<\/h2>\n\n\n\n<p class=\"\">\u201eMit Everbridge kann die Stadtverwaltung von Torrance mit verschiedenen Abteilungen, den Nachbarst\u00e4dten, Medienmitarbeitern, Privatorganisationen und Einwohnern kommunizieren. Und auf der Grundlage von geocodierten Standorten sowie vorkonfigurierten Gruppen. Die Stadt konnte mit Everbridge zudem eine engagierte Gemeinschaft und einen wechselseitigen Dialog zwischen den Einwohnern und den lokalen Beh\u00f6rden aufbauen, insbesondere nach den Explosionen in der ExxonMobil Oil Refinery.\u201c\u201c<\/p>\n\n\n\n<p class=\"has-text-align-right \">\u2013 Soraya Sutherlin, Emergency Services Manager<\/p>\n<\/div>\n<\/div>\n<\/div>\n\n\n\n<div class=\"wp-block-group cards-image-wrap cards-image-on-right is-layout-flow wp-block-group-is-layout-flow\">\n<div class=\"wp-block-columns is-layout-flex wp-container-core-columns-is-layout-9d6595d7 wp-block-columns-is-layout-flex\">\n<div class=\"wp-block-column is-layout-flow wp-block-column-is-layout-flow\">\n<h2 class=\"wp-block-heading\" id=\"h-northwest-central-dispatch-system\">Northwest Central Dispatch System<\/h2>\n\n\n\n<p class=\"\">\u201eMit Everbridge k\u00f6nnen sich die B\u00fcrger \u00fcber ein Opt-in-Portal registrieren. Sie k\u00f6nnen Daten wie ihre Mobilfunknummer, Festnetznummer, gesch\u00e4ftliche und private E-Mail-Adresse und vieles andere mehr eingeben.Noch beeindruckender ist, dass sie ihre Adresse eingeben k\u00f6nnen \u2013 z.&nbsp;B. Arbeitsplatz und Wohnort \u2013, sodass die Personen, die diese Angaben gemacht haben, benachrichtigt werden, wenn wir bestimmte Gebiete anvisieren.\u201c<\/p>\n\n\n\n<p class=\"has-text-align-right \">\u2013 Sue Cooper, Operations Manager<\/p>\n<\/div>\n\n\n\n<div class=\"wp-block-column pl-3 is-layout-flow wp-block-column-is-layout-flow\">\n<figure class=\"wp-block-image size-full size-fullwp-block-image\"><img loading=\"lazy\" decoding=\"async\" src=\"https:\/\/www.everbridge.com\/de\/wp-content\/uploads\/sites\/4\/2022\/08\/cops-in-meeting.jpeg\" alt=\"\" class=\"wp-image-88735\"\/ width=\"649\" height=\"394\" srcset=\"https:\/\/www.everbridge.com\/de\/wp-content\/uploads\/sites\/4\/2022\/08\/cops-in-meeting.jpeg 649w, https:\/\/www.everbridge.com\/de\/wp-content\/uploads\/sites\/4\/2022\/08\/cops-in-meeting-300x182.jpeg 300w\" sizes=\"auto, (max-width: 649px) 100vw, 649px\" \/><\/figure>\n<\/div>\n<\/div>\n<\/div>\n\n\n\n<div class=\"wp-block-group cards-image-wrap cards-image-on-left is-layout-flow wp-block-group-is-layout-flow\">\n<div class=\"wp-block-columns is-layout-flex wp-container-core-columns-is-layout-9d6595d7 wp-block-columns-is-layout-flex\">\n<div class=\"wp-block-column pr-3 is-layout-flow wp-block-column-is-layout-flow\">\n<figure class=\"wp-block-image size-full size-fullwp-block-image\"><img loading=\"lazy\" decoding=\"async\" src=\"https:\/\/www.everbridge.com\/de\/wp-content\/uploads\/sites\/4\/2022\/08\/industry-healthcare-er-8e8675dc6871557a168a5a0a476734e7.png\" alt=\"\" class=\"wp-image-88736\"\/ width=\"1000\" height=\"600\" srcset=\"https:\/\/www.everbridge.com\/de\/wp-content\/uploads\/sites\/4\/2022\/08\/industry-healthcare-er-8e8675dc6871557a168a5a0a476734e7.png 1000w, https:\/\/www.everbridge.com\/de\/wp-content\/uploads\/sites\/4\/2022\/08\/industry-healthcare-er-8e8675dc6871557a168a5a0a476734e7-300x180.png 300w, https:\/\/www.everbridge.com\/de\/wp-content\/uploads\/sites\/4\/2022\/08\/industry-healthcare-er-8e8675dc6871557a168a5a0a476734e7-768x461.png 768w\" sizes=\"auto, (max-width: 1000px) 100vw, 1000px\" \/><\/figure>\n<\/div>\n\n\n\n<div class=\"wp-block-column mb-2 is-layout-flow wp-block-column-is-layout-flow\">\n<h2 class=\"wp-block-heading\" id=\"h-antelope-valley-hospital\">Antelope Valley Hospital<\/h2>\n\n\n\n<p class=\"\">\u201eAls gr\u00f6\u00dfter Gesundheitsdienstleister in der Gegend m\u00fcssen wir vorbereitet und in der Lage sein, bei einem Notfall oder einer Katastrophe mit unseren Mitarbeitern zu kommunizieren. Das Everbridge-Notfallbenachrichtigungssystem ist f\u00fcr die Planungsstrategie des Krankenhauses von entscheidender Bedeutung und hilft uns, die beste Versorgung f\u00fcr unsere Patienten zu gew\u00e4hrleisten und uns auf Katastrophen vorzubereiten.\u201c<\/p>\n\n\n\n<p class=\"has-text-align-right \">\u2013 Edward Mirzabegian, Chief Executive Officer<\/p>\n\n\n\n<div class=\"wp-block-buttons is-layout-flex wp-block-buttons-is-layout-flex\">\n<div class=\"wp-block-button is-style-button-style-1\"><a class=\"wp-block-button__link wp-element-button\" href=\"https:\/\/www.everbridge.com\/customers\/success-center\/resource\/vodafone-case-study\/\">read more<\/a><\/div>\n<\/div>\n<\/div>\n<\/div>\n<\/div>\n\n\n\n<div class=\"wp-block-group quote-background-pattern has-5-d-6569-background-color has-background is-layout-flow wp-block-group-is-layout-flow\">\n<div class=\"wp-block-columns is-layout-flex wp-container-core-columns-is-layout-9d6595d7 wp-block-columns-is-layout-flex\">\n<div class=\"wp-block-column is-layout-flow wp-block-column-is-layout-flow\">\n<h2 class=\"wp-block-heading has-ffffff-color has-text-color\" id=\"h-wir-unterstutzen-6-300-kunden-in-der-ganzen-welt-ganz-gleich-ob-es-sich-dabei-um-unternehmen-den-gesundheitssektor-oder-lokale-und-nationale-regierungen-handelt-wir-arbeiten-mit-hingabe-am-erfolg-unserer-kunden-und-erfreuen-uns-einer-kundenverbleibquote-von-95\">Wir unterst\u00fctzen 6.300+ Kunden in der ganzen Welt. Ganz gleich ob es sich dabei um Unternehmen, den Gesundheitssektor oder lokale und nationale Regierungen handelt, wir arbeiten mit Hingabe am Erfolg unserer Kunden und erfreuen uns einer Kundenverbleibquote von 95 %.<\/h2>\n<\/div>\n<\/div>\n<\/div>\n\n\n\n<div class=\"wp-block-group cards-image-wrap cards-image-on-left is-layout-flow wp-block-group-is-layout-flow\">\n<div class=\"wp-block-columns is-layout-flex wp-container-core-columns-is-layout-9d6595d7 wp-block-columns-is-layout-flex\">\n<div class=\"wp-block-column pr-3 is-layout-flow wp-block-column-is-layout-flow\">\n<figure class=\"wp-block-image size-full size-fullwp-block-image\"><img loading=\"lazy\" decoding=\"async\" src=\"https:\/\/www.everbridge.com\/de\/wp-content\/uploads\/sites\/4\/2022\/08\/Case-Study-Willis-Towers-Watson-8e8675dc6871557a168a5a0a476734e7.png\" alt=\"\" class=\"wp-image-88737\"\/ width=\"1000\" height=\"600\" srcset=\"https:\/\/www.everbridge.com\/de\/wp-content\/uploads\/sites\/4\/2022\/08\/Case-Study-Willis-Towers-Watson-8e8675dc6871557a168a5a0a476734e7.png 1000w, https:\/\/www.everbridge.com\/de\/wp-content\/uploads\/sites\/4\/2022\/08\/Case-Study-Willis-Towers-Watson-8e8675dc6871557a168a5a0a476734e7-300x180.png 300w, https:\/\/www.everbridge.com\/de\/wp-content\/uploads\/sites\/4\/2022\/08\/Case-Study-Willis-Towers-Watson-8e8675dc6871557a168a5a0a476734e7-768x461.png 768w\" sizes=\"auto, (max-width: 1000px) 100vw, 1000px\" \/><\/figure>\n<\/div>\n\n\n\n<div class=\"wp-block-column is-layout-flow wp-block-column-is-layout-flow\">\n<h2 class=\"wp-block-heading\" id=\"h-willis-towers-watson\">Willis Towers Watson<\/h2>\n\n\n\n<p class=\"\">\u201cMit Everbridge sind wir in der Lage, die richtigen Nachrichten an die richtigen Personen zur richtigen Zeit zu senden. Wir verwenden dabei verschiedene Sendemethoden, einschlie\u00dflich E-Mail und SMS-Texte. Nachrichten k\u00f6nnen von lokalen Teams oder aus der Entfernung von unserem Business Continuity-Team gesendet werden, je nach Erfordernis.\u201d<\/p>\n\n\n\n<p class=\"has-text-align-right \">\u2013 Garry Smith, Global Incident Management Lead<\/p>\n<\/div>\n<\/div>\n<\/div>\n\n\n\n<div class=\"wp-block-group cards-image-wrap cards-image-on-right is-layout-flow wp-block-group-is-layout-flow\">\n<div class=\"wp-block-columns is-layout-flex wp-container-core-columns-is-layout-9d6595d7 wp-block-columns-is-layout-flex\">\n<div class=\"wp-block-column is-layout-flow wp-block-column-is-layout-flow\">\n<h2 class=\"wp-block-heading\" id=\"h-london-metal-exchange\">London Metal Exchange<\/h2>\n\n\n\n<p class=\"\">\u201cVon der Business Continuity-Perspektive aus gesehen erm\u00f6glicht uns die Plattform auf verl\u00e4ssliche Weise kritische Benachrichtigungen an bestimmte Personen und Gruppen zu senden, um diese \u00fcber einen Vorfall zu informieren und dann entsprechende Ressourcen einzusetzen, um das Problem zu beheben. Das benutzerfreundliche System von Everbridge stellt sicher, dass wir dies ohne Verz\u00f6gerung tun k\u00f6nnen und dass unsere unverzichtbare IT-Infrastruktur eine garantierte Reduzierung der Ausfallzeiten erf\u00e4hrt.\u201d<\/p>\n\n\n\n<p class=\"has-text-align-right \">\u2013 Phil McDermott, Recovery Services Manager<\/p>\n\n\n\n<div class=\"wp-block-buttons is-layout-flex wp-block-buttons-is-layout-flex\">\n<div class=\"wp-block-button is-style-button-style-1\"><a class=\"wp-block-button__link wp-element-button\" href=\"https:\/\/www.xmatters.com\/customer\/kellogg-how-to-cut-incident-resolution-times-by-80\/\" target=\"_blank\" rel=\"noreferrer noopener\">read more<\/a><\/div>\n<\/div>\n<\/div>\n\n\n\n<div class=\"wp-block-column pl-3 is-layout-flow wp-block-column-is-layout-flow\">\n<figure class=\"wp-block-image size-full size-fullwp-block-image\"><img loading=\"lazy\" decoding=\"async\" src=\"https:\/\/www.everbridge.com\/de\/wp-content\/uploads\/sites\/4\/2022\/08\/Case-Study-London-Metal-Exchange-3-ea43d75bb98e0e38fa305617a28bbeb0.png\" alt=\"\" class=\"wp-image-88738\"\/ width=\"1000\" height=\"600\" srcset=\"https:\/\/www.everbridge.com\/de\/wp-content\/uploads\/sites\/4\/2022\/08\/Case-Study-London-Metal-Exchange-3-ea43d75bb98e0e38fa305617a28bbeb0.png 1000w, https:\/\/www.everbridge.com\/de\/wp-content\/uploads\/sites\/4\/2022\/08\/Case-Study-London-Metal-Exchange-3-ea43d75bb98e0e38fa305617a28bbeb0-300x180.png 300w, https:\/\/www.everbridge.com\/de\/wp-content\/uploads\/sites\/4\/2022\/08\/Case-Study-London-Metal-Exchange-3-ea43d75bb98e0e38fa305617a28bbeb0-768x461.png 768w\" sizes=\"auto, (max-width: 1000px) 100vw, 1000px\" \/><\/figure>\n<\/div>\n<\/div>\n<\/div>\n\n\n\n<div class=\"wp-block-columns mb-3 is-layout-flex wp-container-core-columns-is-layout-9d6595d7 wp-block-columns-is-layout-flex\">\n<div class=\"wp-block-column is-layout-flow wp-block-column-is-layout-flow\">\n<h2 class=\"wp-block-heading mb-2 mt-5 has-717-b-80-color has-text-color\" id=\"h-ausgewahlte-kundenberichte\" style=\"font-style:normal;font-weight:300\">Ausgew\u00e4hlte Kundenberichte<\/h2>\n\n\n\n<h4 class=\"wp-block-heading mb-5 has-717-b-80-color has-text-color\" id=\"h-zum-lesen-der-erfolgsgeschichte-klicken-sie-auf-das-logo\">Zum Lesen der Erfolgsgeschichte klicken Sie auf das Logo.<\/h4>\n\n\n\n<div class=\"wp-block-buttons mb-3 is-layout-flex wp-block-buttons-is-layout-flex\">\n<div class=\"wp-block-button is-style-button-style-1\"><a class=\"wp-block-button__link wp-element-button\" href=\"https:\/\/www.everbridge.com\/resources\/?exposed_taxonomy_resource_type=78&amp;exposed_taxonomy_use_case=&amp;exposed_taxonomy_industry=&amp;exposed_taxonomy_medium=\">ALLE ERFOLGSGESCHICHTEN LESEN<\/a><\/div>\n<\/div>\n<\/div>\n<\/div>\n","protected":false},"excerpt":{"rendered":"<p>Mehr als 6.300+ Organisationen vertrauen Everbridge Unser oberstes Ziel ist es, Personen zu sch\u00fctzen und Unternehmen am Laufen zu halten,\u2026 <\/p>\n","protected":false},"author":1,"featured_media":0,"parent":0,"menu_order":0,"comment_status":"closed","ping_status":"closed","template":"","meta":{"_trash_the_other_posts":false,"_hide_footer":false,"resource_type":[],"editor_notices":[],"footnotes":"","page_schemas":[]},"coauthors":[],"class_list":["post-88732","page","type-page","status-publish","hentry"],"yoast_primary_category":null,"featured_image_src":null,"yoast_head":"<!-- This site is optimized with the Yoast SEO plugin v27.2 - https:\/\/yoast.com\/product\/yoast-seo-wordpress\/ -->\n<title>Unsere Kunden - Everbridge - Deutsch<\/title>\n<meta name=\"robots\" content=\"index, follow, max-snippet:-1, max-image-preview:large, max-video-preview:-1\" \/>\n<link rel=\"canonical\" href=\"https:\/\/www.everbridge.com\/de\/unsere-kunden\/\" \/>\n<meta property=\"og:locale\" content=\"de_DE\" \/>\n<meta property=\"og:type\" content=\"article\" \/>\n<meta property=\"og:title\" content=\"Unsere Kunden - Everbridge - Deutsch\" \/>\n<meta property=\"og:description\" content=\"Mehr als 6.300+ Organisationen vertrauen Everbridge Unser oberstes Ziel ist es, Personen zu sch\u00fctzen und Unternehmen am Laufen zu halten,\u2026\" \/>\n<meta property=\"og:url\" content=\"https:\/\/www.everbridge.com\/de\/unsere-kunden\/\" \/>\n<meta property=\"og:site_name\" content=\"Everbridge - Deutsch\" \/>\n<meta property=\"article:modified_time\" content=\"2024-07-25T20:07:15+00:00\" \/>\n<meta property=\"og:image\" content=\"https:\/\/www.everbridge.com\/de\/wp-content\/uploads\/sites\/4\/2022\/08\/customer-overview-hero-13.jpeg\" \/>\n<meta name=\"twitter:card\" content=\"summary_large_image\" \/>\n<meta name=\"twitter:label1\" content=\"Est. reading time\" \/>\n\t<meta name=\"twitter:data1\" content=\"4 minutes\" \/>\n<script type=\"application\/ld+json\" class=\"yoast-schema-graph\">{\"@context\":\"https:\/\/schema.org\",\"@graph\":[{\"@type\":\"WebPage\",\"@id\":\"https:\/\/www.everbridge.com\/de\/unsere-kunden\/\",\"url\":\"https:\/\/www.everbridge.com\/de\/unsere-kunden\/\",\"name\":\"Unsere Kunden - Everbridge - Deutsch\",\"isPartOf\":{\"@id\":\"https:\/\/www.everbridge.com\/de\/#website\"},\"primaryImageOfPage\":{\"@id\":\"https:\/\/www.everbridge.com\/de\/unsere-kunden\/#primaryimage\"},\"image\":{\"@id\":\"https:\/\/www.everbridge.com\/de\/unsere-kunden\/#primaryimage\"},\"thumbnailUrl\":\"https:\/\/www.everbridge.com\/de\/wp-content\/uploads\/sites\/4\/2022\/08\/customer-overview-hero-13.jpeg\",\"datePublished\":\"2022-08-31T22:40:05+00:00\",\"dateModified\":\"2024-07-25T20:07:15+00:00\",\"breadcrumb\":{\"@id\":\"https:\/\/www.everbridge.com\/de\/unsere-kunden\/#breadcrumb\"},\"inLanguage\":\"de-DE\",\"potentialAction\":[{\"@type\":\"ReadAction\",\"target\":[\"https:\/\/www.everbridge.com\/de\/unsere-kunden\/\"]}]},{\"@type\":\"ImageObject\",\"inLanguage\":\"de-DE\",\"@id\":\"https:\/\/www.everbridge.com\/de\/unsere-kunden\/#primaryimage\",\"url\":\"https:\/\/www.everbridge.com\/de\/wp-content\/uploads\/sites\/4\/2022\/08\/customer-overview-hero-13.jpeg\",\"contentUrl\":\"https:\/\/www.everbridge.com\/de\/wp-content\/uploads\/sites\/4\/2022\/08\/customer-overview-hero-13.jpeg\",\"width\":1000,\"height\":600},{\"@type\":\"BreadcrumbList\",\"@id\":\"https:\/\/www.everbridge.com\/de\/unsere-kunden\/#breadcrumb\",\"itemListElement\":[{\"@type\":\"ListItem\",\"position\":1,\"name\":\"Home\",\"item\":\"https:\/\/www.everbridge.com\/de\/\"},{\"@type\":\"ListItem\",\"position\":2,\"name\":\"Unsere Kunden\"}]},{\"@type\":\"WebSite\",\"@id\":\"https:\/\/www.everbridge.com\/de\/#website\",\"url\":\"https:\/\/www.everbridge.com\/de\/\",\"name\":\"Everbridge - Deutsch\",\"description\":\"Just another www.everbridge.com site\",\"publisher\":{\"@id\":\"https:\/\/www.everbridge.com\/de\/#organization\"},\"potentialAction\":[{\"@type\":\"SearchAction\",\"target\":{\"@type\":\"EntryPoint\",\"urlTemplate\":\"https:\/\/www.everbridge.com\/de\/?s={search_term_string}\"},\"query-input\":{\"@type\":\"PropertyValueSpecification\",\"valueRequired\":true,\"valueName\":\"search_term_string\"}}],\"inLanguage\":\"de-DE\"},{\"@type\":\"Organization\",\"@id\":\"https:\/\/www.everbridge.com\/de\/#organization\",\"name\":\"Everbridge - Deutsch\",\"url\":\"https:\/\/www.everbridge.com\/de\/\",\"logo\":{\"@type\":\"ImageObject\",\"inLanguage\":\"de-DE\",\"@id\":\"https:\/\/www.everbridge.com\/de\/#\/schema\/logo\/image\/\",\"url\":\"https:\/\/www.everbridge.com\/de\/wp-content\/uploads\/sites\/4\/2023\/03\/EVBG-Logo-Full-Color-RGB.svg\",\"contentUrl\":\"https:\/\/www.everbridge.com\/de\/wp-content\/uploads\/sites\/4\/2023\/03\/EVBG-Logo-Full-Color-RGB.svg\",\"width\":1568,\"height\":310,\"caption\":\"Everbridge - Deutsch\"},\"image\":{\"@id\":\"https:\/\/www.everbridge.com\/de\/#\/schema\/logo\/image\/\"}}]}<\/script>\n<!-- \/ Yoast SEO plugin. -->","yoast_head_json":{"title":"Unsere Kunden - Everbridge - Deutsch","robots":{"index":"index","follow":"follow","max-snippet":"max-snippet:-1","max-image-preview":"max-image-preview:large","max-video-preview":"max-video-preview:-1"},"canonical":"https:\/\/www.everbridge.com\/de\/unsere-kunden\/","og_locale":"de_DE","og_type":"article","og_title":"Unsere Kunden - Everbridge - Deutsch","og_description":"Mehr als 6.300+ Organisationen vertrauen Everbridge Unser oberstes Ziel ist es, Personen zu sch\u00fctzen und Unternehmen am Laufen zu halten,\u2026","og_url":"https:\/\/www.everbridge.com\/de\/unsere-kunden\/","og_site_name":"Everbridge - Deutsch","article_modified_time":"2024-07-25T20:07:15+00:00","og_image":[{"url":"https:\/\/www.everbridge.com\/de\/wp-content\/uploads\/sites\/4\/2022\/08\/customer-overview-hero-13.jpeg","type":"","width":"","height":""}],"twitter_card":"summary_large_image","twitter_misc":{"Est. reading time":"4 minutes"},"schema":{"@context":"https:\/\/schema.org","@graph":[{"@type":"WebPage","@id":"https:\/\/www.everbridge.com\/de\/unsere-kunden\/","url":"https:\/\/www.everbridge.com\/de\/unsere-kunden\/","name":"Unsere Kunden - Everbridge - Deutsch","isPartOf":{"@id":"https:\/\/www.everbridge.com\/de\/#website"},"primaryImageOfPage":{"@id":"https:\/\/www.everbridge.com\/de\/unsere-kunden\/#primaryimage"},"image":{"@id":"https:\/\/www.everbridge.com\/de\/unsere-kunden\/#primaryimage"},"thumbnailUrl":"https:\/\/www.everbridge.com\/de\/wp-content\/uploads\/sites\/4\/2022\/08\/customer-overview-hero-13.jpeg","datePublished":"2022-08-31T22:40:05+00:00","dateModified":"2024-07-25T20:07:15+00:00","breadcrumb":{"@id":"https:\/\/www.everbridge.com\/de\/unsere-kunden\/#breadcrumb"},"inLanguage":"de-DE","potentialAction":[{"@type":"ReadAction","target":["https:\/\/www.everbridge.com\/de\/unsere-kunden\/"]}]},{"@type":"ImageObject","inLanguage":"de-DE","@id":"https:\/\/www.everbridge.com\/de\/unsere-kunden\/#primaryimage","url":"https:\/\/www.everbridge.com\/de\/wp-content\/uploads\/sites\/4\/2022\/08\/customer-overview-hero-13.jpeg","contentUrl":"https:\/\/www.everbridge.com\/de\/wp-content\/uploads\/sites\/4\/2022\/08\/customer-overview-hero-13.jpeg","width":1000,"height":600},{"@type":"BreadcrumbList","@id":"https:\/\/www.everbridge.com\/de\/unsere-kunden\/#breadcrumb","itemListElement":[{"@type":"ListItem","position":1,"name":"Home","item":"https:\/\/www.everbridge.com\/de\/"},{"@type":"ListItem","position":2,"name":"Unsere Kunden"}]},{"@type":"WebSite","@id":"https:\/\/www.everbridge.com\/de\/#website","url":"https:\/\/www.everbridge.com\/de\/","name":"Everbridge - Deutsch","description":"Just another www.everbridge.com site","publisher":{"@id":"https:\/\/www.everbridge.com\/de\/#organization"},"potentialAction":[{"@type":"SearchAction","target":{"@type":"EntryPoint","urlTemplate":"https:\/\/www.everbridge.com\/de\/?s={search_term_string}"},"query-input":{"@type":"PropertyValueSpecification","valueRequired":true,"valueName":"search_term_string"}}],"inLanguage":"de-DE"},{"@type":"Organization","@id":"https:\/\/www.everbridge.com\/de\/#organization","name":"Everbridge - Deutsch","url":"https:\/\/www.everbridge.com\/de\/","logo":{"@type":"ImageObject","inLanguage":"de-DE","@id":"https:\/\/www.everbridge.com\/de\/#\/schema\/logo\/image\/","url":"https:\/\/www.everbridge.com\/de\/wp-content\/uploads\/sites\/4\/2023\/03\/EVBG-Logo-Full-Color-RGB.svg","contentUrl":"https:\/\/www.everbridge.com\/de\/wp-content\/uploads\/sites\/4\/2023\/03\/EVBG-Logo-Full-Color-RGB.svg","width":1568,"height":310,"caption":"Everbridge - Deutsch"},"image":{"@id":"https:\/\/www.everbridge.com\/de\/#\/schema\/logo\/image\/"}}]}},"get_extra_meta_fields":{"date_format":"F j, Y","is_summary":false,"description":"Mehr als 6.300+ Organisationen vertrauen Everbridge Unser oberstes Ziel ist es, Personen zu sch\u00fctzen und Unternehmen am Laufen zu halten,\u2026 ","external_url":"https:\/\/www.everbridge.com\/de\/unsere-kunden\/","link_text":"Read more"},"get_external_url":"https:\/\/www.everbridge.com\/de\/unsere-kunden\/","get_external_title":"Read more","get_term_title":{"author":""},"_links":{"self":[{"href":"https:\/\/www.everbridge.com\/de\/wp-json\/wp\/v2\/pages\/88732","targetHints":{"allow":["GET"]}}],"collection":[{"href":"https:\/\/www.everbridge.com\/de\/wp-json\/wp\/v2\/pages"}],"about":[{"href":"https:\/\/www.everbridge.com\/de\/wp-json\/wp\/v2\/types\/page"}],"author":[{"embeddable":true,"href":"https:\/\/www.everbridge.com\/de\/wp-json\/wp\/v2\/users\/1"}],"replies":[{"embeddable":true,"href":"https:\/\/www.everbridge.com\/de\/wp-json\/wp\/v2\/comments?post=88732"}],"version-history":[{"count":0,"href":"https:\/\/www.everbridge.com\/de\/wp-json\/wp\/v2\/pages\/88732\/revisions"}],"wp:attachment":[{"href":"https:\/\/www.everbridge.com\/de\/wp-json\/wp\/v2\/media?parent=88732"}],"wp:term":[{"taxonomy":"author","embeddable":true,"href":"https:\/\/www.everbridge.com\/de\/wp-json\/wp\/v2\/coauthors?post=88732"}],"curies":[{"name":"wp","href":"https:\/\/api.w.org\/{rel}","templated":true}]}}