{"id":92340,"date":"2024-10-24T21:28:45","date_gmt":"2024-10-24T21:28:45","guid":{"rendered":"https:\/\/www.everbridge.com\/de\/?page_id=92340"},"modified":"2025-03-18T17:29:13","modified_gmt":"2025-03-18T17:29:13","slug":"produkte","status":"publish","type":"page","link":"https:\/\/www.everbridge.com\/de\/produkte\/","title":{"rendered":"Everbridge Produkte"},"content":{"rendered":"<div class=\"wp-block-tenup-hero-inside-rebrand\">\n\t<div class=\"hero-inside-block-rebrand\">\n\t\t<div class=\"hero-inside-container\">\n\t\t\t\n\n<div class=\"wp-block-columns is-layout-flex wp-container-core-columns-is-layout-9d6595d7 wp-block-columns-is-layout-flex\">\n<div class=\"wp-block-column hero-inside-column hero-inside-left is-layout-flow wp-block-column-is-layout-flow\" style=\"flex-basis:50%\">\n<h6 class=\"wp-block-heading hero-sub-title\" id=\"h-\"><\/h6>\n\n\n\n<h1 class=\"wp-block-heading hero-entry-title\" id=\"h-empower-organizational-resilience-with-everbridge\">Organisatorische Resilienz st\u00e4rken mit Everbridge<\/h1>\n\n\n\n<p class=\"hero-content lead \">Das Everbridge-Produktportfolio bietet die umfassendste End-to-End-L\u00f6sungssuite zur Verwaltung physischer und digitaler kritischer Ereignisse. Unsere offene, unternehmensgerechte Plattform bietet die branchenweit h\u00f6chsten Ebenen an umsetzbarer Risikoaufkl\u00e4rung.<\/p>\n<\/div>\n\n\n\n<div class=\"wp-block-column hero-inside-column hero-inside-right is-layout-flow wp-block-column-is-layout-flow\" style=\"flex-basis:50%\">\n<figure class=\"wp-block-image alignleft size-full hero-image-wrap\"><div class=\"wp-block-image-wrap\"><img decoding=\"async\" src=\"https:\/\/www.everbridge.com\/wp-content\/uploads\/2023\/08\/product-overview-header2.png\" alt=\"Product Overview Header2\" class=\"wp-image-96856\" \/><\/div><\/figure>\n<\/div>\n<\/div>\n\n\t\t<\/div>\n\t<\/div>\n<\/div>\n\n\n\n<div class=\"wp-block-group cards-image-wrap cards-image-on-left is-layout-flow wp-block-group-is-layout-flow\">\n<div class=\"wp-block-columns is-layout-flex wp-container-core-columns-is-layout-9d6595d7 wp-block-columns-is-layout-flex\">\n<div class=\"wp-block-column pr-3 is-layout-flow wp-block-column-is-layout-flow\">\n<figure class=\"wp-block-image size-full size-fullwp-block-image\"><img loading=\"lazy\" decoding=\"async\" src=\"https:\/\/www.everbridge.com\/de\/wp-content\/uploads\/sites\/4\/2024\/10\/German-product-image-.png\" alt=\"German Product Image \" class=\"wp-image-92362\"\/ width=\"650\" height=\"650\" srcset=\"https:\/\/www.everbridge.com\/de\/wp-content\/uploads\/sites\/4\/2024\/10\/German-product-image-.png 650w, https:\/\/www.everbridge.com\/de\/wp-content\/uploads\/sites\/4\/2024\/10\/German-product-image--300x300.png 300w, https:\/\/www.everbridge.com\/de\/wp-content\/uploads\/sites\/4\/2024\/10\/German-product-image--150x150.png 150w\" sizes=\"auto, (max-width: 650px) 100vw, 650px\" \/><\/figure>\n<\/div>\n\n\n\n<div class=\"wp-block-column is-layout-flow wp-block-column-is-layout-flow\">\n<h2 class=\"wp-block-heading\" id=\"h-the-most-comprehensive-critical-event-management-product-suite\">Das umfassendste Produktpaket f\u00fcr Notfall- und Krisenmanagement<\/h2>\n\n\n\n<p class=\"\">Everbridge vereint fortschrittliche technische F\u00e4higkeiten in den Bereichen Risikoaufkl\u00e4rung, Kommunikation, Zusammenarbeit und Koordination in einer einzigen, modernisierten Plattform \u2013 dies optimiert Abl\u00e4ufe und vereinfacht die Benutzererfahrung.<\/p>\n\n\n\n<p class=\"\">Eine aktuelle <a href=\"https:\/\/www.everbridge.com\/blog\/forrester-tei-study-reveals-numerous-everbridge-benefits\/\" target=\"_blank\" rel=\"noreferrer noopener\">Forrester Total Economic Impact\u2122<\/a>-Studie zeigt, dass Everbridge Notfall- und Krisenmanagement (CEM) eine durchschnittliche Kapitalrendite (ROI) von 358 % liefert. Damit werden Organisationen mit den F\u00e4higkeiten und Ressourcen ausgestattet, um effektiv auf kritische Ereignisse zu reagieren und diese einzud\u00e4mmen, w\u00e4hrend Mitarbeiter, Unternehmenswerte und Gesch\u00e4ftsprozesse gesch\u00fctzt werden.<\/p>\n<\/div>\n<\/div>\n<\/div>\n\n\n\n<div class=\"wp-block-columns is-layout-flex wp-container-core-columns-is-layout-9d6595d7 wp-block-columns-is-layout-flex\">\n<div class=\"wp-block-column is-layout-flow wp-block-column-is-layout-flow\">\n<h2 class=\"wp-block-heading\" id=\"h-explore-the-everbridge-product-suite\">Entdecken Sie die Produkte von Everbridge<\/h2>\n\n\n\n<p class=\"\">Beginnen Sie Ihre Resilienzreise mit der Produktpalette von Everbridge, die f\u00fcr Unternehmen und Regierungen entwickelt wurde, um Menschen zu sch\u00fctzen und Organisationen handlungsf\u00e4hig zu halten.<\/p>\n<\/div>\n<\/div>\n\n\n\n<div class=\"wp-block-group icons-with-title-text-pattern-rebrand is-layout-flow wp-block-group-is-layout-flow\">\n<div class=\"wp-block-columns icons-with-title-text-items is-layout-flex wp-container-core-columns-is-layout-9d6595d7 wp-block-columns-is-layout-flex\">\n<div class=\"wp-block-column is-layout-flow wp-block-column-is-layout-flow\">\n<figure class=\"wp-block-image size-full size-fullwp-block-image\"><img loading=\"lazy\" decoding=\"async\" src=\"https:\/\/www.everbridge.com\/de\/wp-content\/uploads\/sites\/4\/2023\/03\/Icon-Mass-Notification-Black.svg\" alt=\"Icon Mass Notification Black\" class=\"wp-image-92030\"\/ width=\"50\" height=\"50\"><\/figure>\n\n\n\n<h3 class=\"wp-block-heading\" id=\"h-risk-intelligence\"><a href=\"https:\/\/www.everbridge.com\/products\/risk-intelligence\/\">Massenalarmierung<\/a><\/h3>\n\n\n\n<p class=\"has-000000-color has-text-color \">Verbinden Sie sich mit Ihrer gesamten Organisation und informieren Sie diese vor, w\u00e4hrend und nach einem kritischen Ereignis mit zielgerichteter Zwei-Wege-Kommunikation.<\/p>\n\n\n\n<div class=\"wp-block-buttons is-layout-flex wp-block-buttons-is-layout-flex\">\n<div class=\"wp-block-button is-style-button-style-3\"><a class=\"wp-block-button__link wp-element-button\" href=\"https:\/\/www.everbridge.com\/de\/products\/mass-notification-and-incident-communications\/\">Mehr erfahren<\/a><\/div>\n<\/div>\n<\/div>\n\n\n\n<div class=\"wp-block-column is-layout-flow wp-block-column-is-layout-flow\">\n<figure class=\"wp-block-image size-full size-fullwp-block-image\"><img loading=\"lazy\" decoding=\"async\" src=\"https:\/\/www.everbridge.com\/de\/wp-content\/uploads\/sites\/4\/2023\/03\/Icon-Crisis-Management-Black.svg\" alt=\"Icon Crisis Management Black\" class=\"wp-image-92046\"\/ width=\"50\" height=\"50\"><\/figure>\n\n\n\n<h3 class=\"wp-block-heading\" id=\"h-mass-notification\">Krisenmanagement<\/h3>\n\n\n\n<p class=\"has-000000-color has-text-color \">Koordinieren Sie die Krisenbew\u00e4ltigung \u00fcber eine einheitliche Plattform f\u00fcr nahtlose Kontrolle in unerwarteten Situationen.<\/p>\n\n\n\n<div class=\"wp-block-buttons is-layout-flex wp-block-buttons-is-layout-flex\">\n<div class=\"wp-block-button is-style-button-style-3\"><a class=\"wp-block-button__link wp-element-button\" href=\"https:\/\/www.everbridge.com\/de\/products\/crisis-management\/\">Mehr erfahren<\/a><\/div>\n<\/div>\n<\/div>\n\n\n\n<div class=\"wp-block-column is-layout-flow wp-block-column-is-layout-flow\">\n<figure class=\"wp-block-image size-full size-fullwp-block-image\"><img loading=\"lazy\" decoding=\"async\" src=\"https:\/\/www.everbridge.com\/de\/wp-content\/uploads\/sites\/4\/2023\/03\/Icon-Public-Warning-Black.svg\" alt=\"Icon Public Warning Black\" class=\"wp-image-92032\"\/ width=\"50\" height=\"50\"><\/figure>\n\n\n\n<h3 class=\"wp-block-heading\" id=\"h-crisis-management\"><a href=\"https:\/\/www.everbridge.com\/products\/crisis-management\/\">Bev\u00f6lkerungsalarmierung<\/a><\/h3>\n\n\n\n<p class=\"has-000000-color has-text-color \">Kommunizieren Sie wichtige Informationen und warnen Sie Einwohner und Besucher vor bevorstehenden oder sich entwickelnden Notf\u00e4llen mit der intelligenten L\u00f6sung f\u00fcr Warnmeldungen und Bev\u00f6lkerungsalarmierung.<\/p>\n\n\n\n<div class=\"wp-block-buttons is-layout-flex wp-block-buttons-is-layout-flex\">\n<div class=\"wp-block-button is-style-button-style-3\"><a class=\"wp-block-button__link wp-element-button\" href=\"https:\/\/www.everbridge.com\/de\/products\/oeffentliche-warnmeldungen\/\">Mehr erfahren<\/a><\/div>\n<\/div>\n<\/div>\n<\/div>\n\n\n\n<div class=\"wp-block-columns icons-with-title-text-items is-layout-flex wp-container-core-columns-is-layout-9d6595d7 wp-block-columns-is-layout-flex\">\n<div class=\"wp-block-column is-layout-flow wp-block-column-is-layout-flow\">\n<figure class=\"wp-block-image size-full size-fullwp-block-image\"><img loading=\"lazy\" decoding=\"async\" src=\"https:\/\/www.everbridge.com\/de\/wp-content\/uploads\/sites\/4\/2023\/03\/Icon-Safety-Connection-Black.svg\" alt=\"Icon Safety Connection Black\" class=\"wp-image-92036\"\/ width=\"50\" height=\"50\"><\/figure>\n\n\n\n<h3 class=\"wp-block-heading\" id=\"h-public-warning\"><a href=\"https:\/\/www.everbridge.com\/products\/public-warning\/\">Safety Connection<\/a><\/h3>\n\n\n\n<p class=\"has-000000-color has-text-color \">Lokalisieren Sie Personen schnell basierend auf ihrem Standort, senden Sie Warnungen und halten Sie sie w\u00e4hrend eines kritischen Ereignisses auf dem Laufenden.<\/p>\n\n\n\n<div class=\"wp-block-buttons is-layout-flex wp-block-buttons-is-layout-flex\">\n<div class=\"wp-block-button is-style-button-style-3\"><a class=\"wp-block-button__link wp-element-button\" href=\"https:\/\/www.everbridge.com\/de\/products\/safety-connection\/\">Mehr erfahren<\/a><\/div>\n<\/div>\n<\/div>\n\n\n\n<div class=\"wp-block-column is-layout-flow wp-block-column-is-layout-flow\">\n<figure class=\"wp-block-image size-large\"><img decoding=\"async\" src=\"https:\/\/www.everbridge.com\/wp-content\/uploads\/2023\/07\/travel-protector-2.svg\" alt=\"Public Safety\"\/><\/figure>\n\n\n\n<h3 class=\"wp-block-heading\">Travel Protector<\/h3>\n\n\n\n<p class=\"\">Sch\u00fctzen Sie Reisende und Remote Mitarbeitende, indem Sie relevante Bedrohungen erkennen, die Betroffenen warnen und geeignete Ma\u00dfnahmen empfehlen.<\/p>\n\n\n\n<div class=\"wp-block-buttons is-layout-flex wp-block-buttons-is-layout-flex\">\n<div class=\"wp-block-button is-style-button-style-3\"><a class=\"wp-block-button__link wp-element-button\" href=\"https:\/\/www.everbridge.com\/products\/travel-protector\/\">Mehr erfahren<\/a><\/div>\n<\/div>\n<\/div>\n\n\n\n<div class=\"wp-block-column is-layout-flow wp-block-column-is-layout-flow\">\n<figure class=\"wp-block-image size-full size-fullwp-block-image\"><img loading=\"lazy\" decoding=\"async\" src=\"https:\/\/www.everbridge.com\/de\/wp-content\/uploads\/sites\/4\/2023\/03\/Icon-xMatters-Black.svg\" alt=\"Icon Xmatters Black\" class=\"wp-image-92042\"\/ width=\"50\" height=\"50\"><\/figure>\n\n\n\n<h3 class=\"wp-block-heading\" id=\"h-safety-connection\">xMatters<\/h3>\n\n\n\n<p class=\"has-000000-color has-text-color \">Organisationsoptimierung durch Automatisierung und KI. Minimieren Sie die Ausfallzeiten von Infrastrukturen, Arbeitsabl\u00e4ufen und Anwendungen. <\/p>\n\n\n\n<div class=\"wp-block-buttons is-layout-flex wp-block-buttons-is-layout-flex\">\n<div class=\"wp-block-button is-style-button-style-3\"><a class=\"wp-block-button__link wp-element-button\" href=\"https:\/\/everbridge.com\/products\/safety-connection\/\">Mehr erfahren<\/a><\/div>\n<\/div>\n<\/div>\n<\/div>\n\n\n\n<div class=\"wp-block-columns icons-with-title-text-items is-layout-flex wp-container-core-columns-is-layout-9d6595d7 wp-block-columns-is-layout-flex\">\n<div class=\"wp-block-column is-layout-flow wp-block-column-is-layout-flow\" style=\"flex-basis:33.3333%\">\n<figure class=\"wp-block-image size-large is-resized size-fullwp-block-image\"><img decoding=\"async\" src=\"https:\/\/www.everbridge.com\/wp-content\/uploads\/2025\/02\/icon-bcic-black.png\" alt=\"Travel Protector 2\" style=\"width:55px;height:55px\"\/><\/figure>\n\n\n\n<h4 class=\"wp-block-heading\" id=\"h-travel-protector\">BC in the Cloud<\/h4>\n\n\n\n<p class=\"has-000000-color has-text-color \">Sichern Sie Ihre Gesch\u00e4ftskontinuit\u00e4t und Notfallwiederherstellung mit BC in the Cloud \u2013 der intelligenten L\u00f6sung zur Automatisierung und Optimierung von Business-Continuity- und Disaster-Recovery-Programmen.<\/p>\n\n\n\n<div class=\"wp-block-buttons is-layout-flex wp-block-buttons-is-layout-flex\">\n<div class=\"wp-block-button is-style-button-style-3\"><a class=\"wp-block-button__link wp-element-button\" href=\"https:\/\/www.everbridge.com\/de\/produkte\/infinite-blue\/\">Mehr erfahren<\/a><\/div>\n<\/div>\n<\/div>\n\n\n\n<div class=\"wp-block-column is-layout-flow wp-block-column-is-layout-flow\" style=\"flex-basis:33.3333%\">\n<figure class=\"wp-block-image size-full size-fullwp-block-image\"><img loading=\"lazy\" decoding=\"async\" src=\"https:\/\/www.everbridge.com\/de\/wp-content\/uploads\/sites\/4\/2023\/03\/Icon-SnapComms-Black.svg\" alt=\"Icon Snapcomms Black\" class=\"wp-image-92039\"\/ width=\"50\" height=\"50\"><\/figure>\n\n\n\n<h4 class=\"wp-block-heading\" id=\"h-control-center\"><a href=\"https:\/\/www.everbridge.com\/products\/control-center\/\">SnapComms<\/a><\/h4>\n\n\n\n<div class=\"wp-block-buttons is-layout-flex wp-block-buttons-is-layout-flex\">\n<div class=\"wp-block-button is-style-button-style-3\"><a class=\"wp-block-button__link wp-element-button\" href=\"https:\/\/www.snapcomms.com\/\" target=\"_blank\" rel=\"noreferrer noopener\">Mehr erfahren<\/a><\/div>\n<\/div>\n\n\n\n<p class=\"has-000000-color has-text-color \">Liefern Sie wirkungsvolle, multikanalige und integrierte interne Kommunikation, um Mitarbeiter zu erreichen und zu motivieren.<\/p>\n<\/div>\n<\/div>\n<\/div>\n\n\n\n<div class=\"wp-block-columns is-layout-flex wp-container-core-columns-is-layout-9d6595d7 wp-block-columns-is-layout-flex\">\n<div class=\"wp-block-column is-layout-flow wp-block-column-is-layout-flow\">\n<div class=\"wp-block-buttons is-layout-flex wp-block-buttons-is-layout-flex\">\n<div class=\"wp-block-button is-style-button-style-1\"><a class=\"wp-block-button__link wp-element-button\" href=\"https:\/\/www.everbridge.com\/de\/plattform\/critical-event-management\/\">Everbridge Produkt-Plattform &#8211; Everbridge 360\u2122<\/a><\/div>\n<\/div>\n<\/div>\n<\/div>\n\n\n\n<div style=\"height:42px\" aria-hidden=\"true\" class=\"wp-block-spacer\"><\/div>\n\n\n\n<div class=\"wp-block-group icons-with-title-text-pattern-rebrand has-292-d-2-f-background-color has-background is-layout-flow wp-block-group-is-layout-flow\">\n<div class=\"wp-block-columns icons-with-title-text-content is-layout-flex wp-container-core-columns-is-layout-9d6595d7 wp-block-columns-is-layout-flex\">\n<div class=\"wp-block-column is-layout-flow wp-block-column-is-layout-flow\">\n<h2 class=\"wp-block-heading section-title has-ffffff-color has-text-color\" id=\"h-by-the-numbers\">Everbridge in Zahlen<\/h2>\n<\/div>\n<\/div>\n\n\n\n<div class=\"wp-block-columns icons-with-title-text-items is-layout-flex wp-container-core-columns-is-layout-9d6595d7 wp-block-columns-is-layout-flex\">\n<div class=\"wp-block-column has-292-d-2-f-background-color has-background is-layout-flow wp-block-column-is-layout-flow\">\n<figure class=\"wp-block-image size-large size-fullwp-block-image\"><img decoding=\"async\" src=\"https:\/\/www.everbridge.com\/wp-content\/uploads\/2023\/03\/Icon.svg\" alt=\"Security\"\/><\/figure>\n\n\n\n<p class=\"has-ffffff-color has-text-color \">6.500+ weltweite Kunden<\/p>\n<\/div>\n\n\n\n<div class=\"wp-block-column has-292-d-2-f-background-color has-background is-layout-flow wp-block-column-is-layout-flow\">\n<figure class=\"wp-block-image size-large size-fullwp-block-image\"><img decoding=\"async\" src=\"https:\/\/www.everbridge.com\/wp-content\/uploads\/2023\/03\/Icon-1.svg\" alt=\"Security\"\/><\/figure>\n\n\n\n<p class=\"has-ffffff-color has-text-color \">6,9 Milliarden Interaktionen<\/p>\n<\/div>\n\n\n\n<div class=\"wp-block-column has-292-d-2-f-background-color has-background is-layout-flow wp-block-column-is-layout-flow\">\n<figure class=\"wp-block-image size-large size-fullwp-block-image\"><img decoding=\"async\" src=\"https:\/\/www.everbridge.com\/wp-content\/uploads\/2023\/03\/Icon-2.svg\" alt=\"Security\"\/><\/figure>\n\n\n\n<p class=\"has-ffffff-color has-text-color \">1.800+ weltweite Mitarbeiter<\/p>\n<\/div>\n\n\n\n<div class=\"wp-block-column has-292-d-2-f-background-color has-background is-layout-flow wp-block-column-is-layout-flow\">\n<figure class=\"wp-block-image size-large size-fullwp-block-image\"><img decoding=\"async\" src=\"https:\/\/www.everbridge.com\/wp-content\/uploads\/2023\/03\/Icon-1-1.svg\" alt=\"Security\"\/><\/figure>\n\n\n\n<p class=\"has-ffffff-color has-text-color \">Wir unterst\u00fctzen mehr Gemeinden, Bundesstaaten und L\u00e4nder als jeder andere Anbieter<\/p>\n<\/div>\n<\/div>\n<\/div>\n","protected":false},"excerpt":{"rendered":"<p>Das umfassendste Produktpaket f\u00fcr Notfall- und Krisenmanagement Everbridge vereint fortschrittliche technische F\u00e4higkeiten in den Bereichen Risikoaufkl\u00e4rung, Kommunikation, Zusammenarbeit und Koordination\u2026 <\/p>\n","protected":false},"author":18,"featured_media":0,"parent":0,"menu_order":0,"comment_status":"closed","ping_status":"closed","template":"","meta":{"_trash_the_other_posts":false,"_hide_footer":false,"resource_type":[],"editor_notices":[],"footnotes":"","page_schemas":[]},"coauthors":[98],"class_list":["post-92340","page","type-page","status-publish","hentry"],"yoast_primary_category":{"author":"kwhite"},"featured_image_src":null,"yoast_head":"<!-- This site is optimized with the Yoast SEO plugin v27.2 - https:\/\/yoast.com\/product\/yoast-seo-wordpress\/ -->\n<title>Everbridge Produkte<\/title>\n<meta name=\"description\" content=\"Unsere Produkte optimieren Notfallma\u00dfnahmen und verbessern die Sicherheit. Unsere L\u00f6sungen sind auf die Anforderungen global agierender Organisationen zugeschnitten.\" \/>\n<meta name=\"robots\" content=\"index, follow, max-snippet:-1, max-image-preview:large, max-video-preview:-1\" \/>\n<link rel=\"canonical\" href=\"https:\/\/www.everbridge.com\/de\/produkte\/\" \/>\n<meta property=\"og:locale\" content=\"de_DE\" \/>\n<meta property=\"og:type\" content=\"article\" \/>\n<meta property=\"og:title\" content=\"Everbridge Produkte\" \/>\n<meta property=\"og:description\" content=\"Unsere Produkte optimieren Notfallma\u00dfnahmen und verbessern die Sicherheit. Unsere L\u00f6sungen sind auf die Anforderungen global agierender Organisationen zugeschnitten.\" \/>\n<meta property=\"og:url\" content=\"https:\/\/www.everbridge.com\/de\/produkte\/\" \/>\n<meta property=\"og:site_name\" content=\"Everbridge - Deutsch\" \/>\n<meta property=\"article:modified_time\" content=\"2025-03-18T17:29:13+00:00\" \/>\n<meta name=\"twitter:card\" content=\"summary_large_image\" \/>\n<meta name=\"twitter:label1\" content=\"Est. reading time\" \/>\n\t<meta name=\"twitter:data1\" content=\"5 minutes\" \/>\n\t<meta name=\"twitter:label2\" content=\"Written by\" \/>\n\t<meta name=\"twitter:data2\" content=\"kwhite\" \/>\n<script type=\"application\/ld+json\" class=\"yoast-schema-graph\">{\"@context\":\"https:\/\/schema.org\",\"@graph\":[{\"@type\":\"WebPage\",\"@id\":\"https:\/\/www.everbridge.com\/de\/produkte\/\",\"url\":\"https:\/\/www.everbridge.com\/de\/produkte\/\",\"name\":\"Everbridge Produkte\",\"isPartOf\":{\"@id\":\"https:\/\/www.everbridge.com\/de\/#website\"},\"primaryImageOfPage\":{\"@id\":\"https:\/\/www.everbridge.com\/de\/produkte\/#primaryimage\"},\"image\":{\"@id\":\"https:\/\/www.everbridge.com\/de\/produkte\/#primaryimage\"},\"thumbnailUrl\":\"https:\/\/www.everbridge.com\/wp-content\/uploads\/2023\/08\/product-overview-header2.png\",\"datePublished\":\"2024-10-24T21:28:45+00:00\",\"dateModified\":\"2025-03-18T17:29:13+00:00\",\"description\":\"Unsere Produkte optimieren Notfallma\u00dfnahmen und verbessern die Sicherheit. Unsere L\u00f6sungen sind auf die Anforderungen global agierender Organisationen zugeschnitten.\",\"breadcrumb\":{\"@id\":\"https:\/\/www.everbridge.com\/de\/produkte\/#breadcrumb\"},\"inLanguage\":\"de-DE\",\"potentialAction\":[{\"@type\":\"ReadAction\",\"target\":[\"https:\/\/www.everbridge.com\/de\/produkte\/\"]}]},{\"@type\":\"ImageObject\",\"inLanguage\":\"de-DE\",\"@id\":\"https:\/\/www.everbridge.com\/de\/produkte\/#primaryimage\",\"url\":\"https:\/\/www.everbridge.com\/wp-content\/uploads\/2023\/08\/product-overview-header2.png\",\"contentUrl\":\"https:\/\/www.everbridge.com\/wp-content\/uploads\/2023\/08\/product-overview-header2.png\"},{\"@type\":\"BreadcrumbList\",\"@id\":\"https:\/\/www.everbridge.com\/de\/produkte\/#breadcrumb\",\"itemListElement\":[{\"@type\":\"ListItem\",\"position\":1,\"name\":\"Home\",\"item\":\"https:\/\/www.everbridge.com\/de\/\"},{\"@type\":\"ListItem\",\"position\":2,\"name\":\"Everbridge Produkte\"}]},{\"@type\":\"WebSite\",\"@id\":\"https:\/\/www.everbridge.com\/de\/#website\",\"url\":\"https:\/\/www.everbridge.com\/de\/\",\"name\":\"Everbridge - Deutsch\",\"description\":\"Just another www.everbridge.com site\",\"publisher\":{\"@id\":\"https:\/\/www.everbridge.com\/de\/#organization\"},\"potentialAction\":[{\"@type\":\"SearchAction\",\"target\":{\"@type\":\"EntryPoint\",\"urlTemplate\":\"https:\/\/www.everbridge.com\/de\/?s={search_term_string}\"},\"query-input\":{\"@type\":\"PropertyValueSpecification\",\"valueRequired\":true,\"valueName\":\"search_term_string\"}}],\"inLanguage\":\"de-DE\"},{\"@type\":\"Organization\",\"@id\":\"https:\/\/www.everbridge.com\/de\/#organization\",\"name\":\"Everbridge - Deutsch\",\"url\":\"https:\/\/www.everbridge.com\/de\/\",\"logo\":{\"@type\":\"ImageObject\",\"inLanguage\":\"de-DE\",\"@id\":\"https:\/\/www.everbridge.com\/de\/#\/schema\/logo\/image\/\",\"url\":\"https:\/\/www.everbridge.com\/de\/wp-content\/uploads\/sites\/4\/2023\/03\/EVBG-Logo-Full-Color-RGB.svg\",\"contentUrl\":\"https:\/\/www.everbridge.com\/de\/wp-content\/uploads\/sites\/4\/2023\/03\/EVBG-Logo-Full-Color-RGB.svg\",\"width\":1568,\"height\":310,\"caption\":\"Everbridge - Deutsch\"},\"image\":{\"@id\":\"https:\/\/www.everbridge.com\/de\/#\/schema\/logo\/image\/\"}}]}<\/script>\n<!-- \/ Yoast SEO plugin. -->","yoast_head_json":{"title":"Everbridge Produkte","description":"Unsere Produkte optimieren Notfallma\u00dfnahmen und verbessern die Sicherheit. Unsere L\u00f6sungen sind auf die Anforderungen global agierender Organisationen zugeschnitten.","robots":{"index":"index","follow":"follow","max-snippet":"max-snippet:-1","max-image-preview":"max-image-preview:large","max-video-preview":"max-video-preview:-1"},"canonical":"https:\/\/www.everbridge.com\/de\/produkte\/","og_locale":"de_DE","og_type":"article","og_title":"Everbridge Produkte","og_description":"Unsere Produkte optimieren Notfallma\u00dfnahmen und verbessern die Sicherheit. Unsere L\u00f6sungen sind auf die Anforderungen global agierender Organisationen zugeschnitten.","og_url":"https:\/\/www.everbridge.com\/de\/produkte\/","og_site_name":"Everbridge - Deutsch","article_modified_time":"2025-03-18T17:29:13+00:00","twitter_card":"summary_large_image","twitter_misc":{"Est. reading time":"5 minutes","Written by":"kwhite"},"schema":{"@context":"https:\/\/schema.org","@graph":[{"@type":"WebPage","@id":"https:\/\/www.everbridge.com\/de\/produkte\/","url":"https:\/\/www.everbridge.com\/de\/produkte\/","name":"Everbridge Produkte","isPartOf":{"@id":"https:\/\/www.everbridge.com\/de\/#website"},"primaryImageOfPage":{"@id":"https:\/\/www.everbridge.com\/de\/produkte\/#primaryimage"},"image":{"@id":"https:\/\/www.everbridge.com\/de\/produkte\/#primaryimage"},"thumbnailUrl":"https:\/\/www.everbridge.com\/wp-content\/uploads\/2023\/08\/product-overview-header2.png","datePublished":"2024-10-24T21:28:45+00:00","dateModified":"2025-03-18T17:29:13+00:00","description":"Unsere Produkte optimieren Notfallma\u00dfnahmen und verbessern die Sicherheit. Unsere L\u00f6sungen sind auf die Anforderungen global agierender Organisationen zugeschnitten.","breadcrumb":{"@id":"https:\/\/www.everbridge.com\/de\/produkte\/#breadcrumb"},"inLanguage":"de-DE","potentialAction":[{"@type":"ReadAction","target":["https:\/\/www.everbridge.com\/de\/produkte\/"]}]},{"@type":"ImageObject","inLanguage":"de-DE","@id":"https:\/\/www.everbridge.com\/de\/produkte\/#primaryimage","url":"https:\/\/www.everbridge.com\/wp-content\/uploads\/2023\/08\/product-overview-header2.png","contentUrl":"https:\/\/www.everbridge.com\/wp-content\/uploads\/2023\/08\/product-overview-header2.png"},{"@type":"BreadcrumbList","@id":"https:\/\/www.everbridge.com\/de\/produkte\/#breadcrumb","itemListElement":[{"@type":"ListItem","position":1,"name":"Home","item":"https:\/\/www.everbridge.com\/de\/"},{"@type":"ListItem","position":2,"name":"Everbridge Produkte"}]},{"@type":"WebSite","@id":"https:\/\/www.everbridge.com\/de\/#website","url":"https:\/\/www.everbridge.com\/de\/","name":"Everbridge - Deutsch","description":"Just another www.everbridge.com site","publisher":{"@id":"https:\/\/www.everbridge.com\/de\/#organization"},"potentialAction":[{"@type":"SearchAction","target":{"@type":"EntryPoint","urlTemplate":"https:\/\/www.everbridge.com\/de\/?s={search_term_string}"},"query-input":{"@type":"PropertyValueSpecification","valueRequired":true,"valueName":"search_term_string"}}],"inLanguage":"de-DE"},{"@type":"Organization","@id":"https:\/\/www.everbridge.com\/de\/#organization","name":"Everbridge - Deutsch","url":"https:\/\/www.everbridge.com\/de\/","logo":{"@type":"ImageObject","inLanguage":"de-DE","@id":"https:\/\/www.everbridge.com\/de\/#\/schema\/logo\/image\/","url":"https:\/\/www.everbridge.com\/de\/wp-content\/uploads\/sites\/4\/2023\/03\/EVBG-Logo-Full-Color-RGB.svg","contentUrl":"https:\/\/www.everbridge.com\/de\/wp-content\/uploads\/sites\/4\/2023\/03\/EVBG-Logo-Full-Color-RGB.svg","width":1568,"height":310,"caption":"Everbridge - Deutsch"},"image":{"@id":"https:\/\/www.everbridge.com\/de\/#\/schema\/logo\/image\/"}}]}},"get_extra_meta_fields":{"date_format":"F j, Y","is_summary":false,"description":"Das umfassendste Produktpaket f\u00fcr Notfall- und Krisenmanagement Everbridge vereint fortschrittliche technische F\u00e4higkeiten in den Bereichen Risikoaufkl\u00e4rung, Kommunikation, Zusammenarbeit und Koordination\u2026 ","external_url":"https:\/\/www.everbridge.com\/de\/produkte\/","link_text":"Read more"},"get_external_url":"https:\/\/www.everbridge.com\/de\/produkte\/","get_external_title":"Read more","get_term_title":{"author":"kwhite"},"_links":{"self":[{"href":"https:\/\/www.everbridge.com\/de\/wp-json\/wp\/v2\/pages\/92340","targetHints":{"allow":["GET"]}}],"collection":[{"href":"https:\/\/www.everbridge.com\/de\/wp-json\/wp\/v2\/pages"}],"about":[{"href":"https:\/\/www.everbridge.com\/de\/wp-json\/wp\/v2\/types\/page"}],"author":[{"embeddable":true,"href":"https:\/\/www.everbridge.com\/de\/wp-json\/wp\/v2\/users\/18"}],"replies":[{"embeddable":true,"href":"https:\/\/www.everbridge.com\/de\/wp-json\/wp\/v2\/comments?post=92340"}],"version-history":[{"count":3,"href":"https:\/\/www.everbridge.com\/de\/wp-json\/wp\/v2\/pages\/92340\/revisions"}],"predecessor-version":[{"id":92897,"href":"https:\/\/www.everbridge.com\/de\/wp-json\/wp\/v2\/pages\/92340\/revisions\/92897"}],"wp:attachment":[{"href":"https:\/\/www.everbridge.com\/de\/wp-json\/wp\/v2\/media?parent=92340"}],"wp:term":[{"taxonomy":"author","embeddable":true,"href":"https:\/\/www.everbridge.com\/de\/wp-json\/wp\/v2\/coauthors?post=92340"}],"curies":[{"name":"wp","href":"https:\/\/api.w.org\/{rel}","templated":true}]}}