{"id":92923,"date":"2025-03-18T17:13:49","date_gmt":"2025-03-18T17:13:49","guid":{"rendered":"https:\/\/www.everbridge.com\/de\/?page_id=92923"},"modified":"2025-03-18T17:13:51","modified_gmt":"2025-03-18T17:13:51","slug":"travel-protector","status":"publish","type":"page","link":"https:\/\/www.everbridge.com\/de\/produkte\/travel-protector\/","title":{"rendered":"Travel Protector"},"content":{"rendered":"<div class=\"wp-block-tenup-hero-inside-rebrand\">\n\t<div class=\"hero-inside-block-rebrand\">\n\t\t<div class=\"hero-inside-container\">\n\t\t\t\n\n<div class=\"wp-block-columns is-layout-flex wp-container-core-columns-is-layout-9d6595d7 wp-block-columns-is-layout-flex\">\n<div class=\"wp-block-column hero-inside-column hero-inside-left is-layout-flow wp-block-column-is-layout-flow\" style=\"flex-basis:50%\">\n<h6 class=\"wp-block-heading hero-sub-title pt-4\" id=\"h-\"><\/h6>\n\n\n\n<h1 class=\"wp-block-heading hero-entry-title\" id=\"h-everbridge-travel-protector\">Reise-Risikomanagement mit Everbridge Travel Protector\u2122<\/h1>\n\n\n\n<p class=\"hero-content lead \">Sch\u00fctzen Sie Reisende und Remote-Mitarbeiter, indem Sie relevante Bedrohungen fr\u00fchzeitig erkennen, Betroffene rechtzeitig warnen und geeignete Ma\u00dfnahmen ergreifen.<\/p>\n\n\n\n<div class=\"wp-block-button is-style-button-style-1\"><a class=\"wp-block-button__link wp-element-button\" href=\"https:\/\/www.everbridge.com\/de\/demo\/\">Demo vereinbaren<\/a><\/div>\n<\/div>\n\n\n\n<div class=\"wp-block-column hero-inside-column hero-inside-right is-layout-flow wp-block-column-is-layout-flow\" style=\"flex-basis:50%\">\n<figure class=\"wp-block-image aligncenter size-full is-resized hero-image-wrap is-style-default\"><div class=\"wp-block-image-wrap\"><img loading=\"lazy\" decoding=\"async\" src=\"https:\/\/www.everbridge.com\/wp-content\/uploads\/sites\/4\/2025\/03\/travel-protector-header.png\" alt=\"Travel Protector\" class=\"wp-image-92911\" width=\"600\" height=\"599\" srcset=\"https:\/\/www.everbridge.com\/de\/wp-content\/uploads\/sites\/4\/2025\/03\/travel-protector-header.png 600w, https:\/\/www.everbridge.com\/de\/wp-content\/uploads\/sites\/4\/2025\/03\/travel-protector-header-300x300.png 300w, https:\/\/www.everbridge.com\/de\/wp-content\/uploads\/sites\/4\/2025\/03\/travel-protector-header-150x150.png 150w\" sizes=\"auto, (max-width: 600px) 100vw, 600px\" \/><\/div><\/figure>\n<\/div>\n<\/div>\n\n\t\t<\/div>\n\t<\/div>\n<\/div>\n\n\n\n<div class=\"wp-block-group content-with-urls-pattern-rebrand pt-2 pb-3 has-ffffff-background-color has-background is-layout-flow wp-block-group-is-layout-flow\">\n<div class=\"wp-block-columns is-layout-flex wp-container-core-columns-is-layout-9d6595d7 wp-block-columns-is-layout-flex\">\n<div class=\"wp-block-column list-items-content is-layout-flow wp-block-column-is-layout-flow\" style=\"flex-basis:70%\">\n<h2 class=\"wp-block-heading\" id=\"h-keep-your-people-safe-wherever-they-go\">Sch\u00fctzen Sie Ihre Mitarbeitenden, egal wohin sie reisen<\/h2>\n\n\n\n<p class=\"\">Organisationen m\u00fcssen das physische und mentale Wohlbefinden ihrer Mitarbeitenden auf Reisen priorisieren. Obwohl Unternehmen die Sicherheit der Reisenden gew\u00e4hrleisten m\u00fcssen, fehlen ihnen oft die Ressourcen, um ein umfassendes <a href=\"https:\/\/www.everbridge.com\/de\/einsatzgebiete\/reise-risikomanagement\/\">Travel Risk Management Programm<\/a> aufzubauen, das potenzielle Risiken genau bewertet, relevante Informationen sammelt und eine effektive Kommunikation mit Gesch\u00e4ftsreisenden sicherstellt.<\/p>\n\n\n\n<p class=\"\">Everbridge Travel Protector\u2122 erm\u00f6glicht es Organisationen, ihre F\u00fcrsorgepflicht gegen\u00fcber Mitarbeitenden zu erf\u00fcllen, unabh\u00e4ngig davon, wo sie sich beruflich befinden. Als Teil der branchenf\u00fchrenden <a href=\"https:\/\/www.everbridge.com\/de\/plattform\/critical-event-management\/\">Everbridge 360-Plattform<\/a> bietet Travel Protector einen 360\u00b0-Bedrohungs\u00fcberblick, dynamische Reiseinformationen und fortschrittliche Kommunikationsm\u00f6glichkeiten basierend auf Reisedaten.<\/p>\n<\/div>\n\n\n\n<div class=\"wp-block-column list-items is-layout-flow wp-block-column-is-layout-flow\" style=\"flex-basis:30%\">\n<p class=\"\"><a href=\"https:\/\/www.everbridge.com\/customers\/success-center\/resource\/travel-protector-everbridge-assist-datasheet\/\">Download Datenblatt<\/a><\/p>\n\n\n\n<p class=\"\"><a href=\"https:\/\/www.everbridge.com\/solutions\/people-resilience\/\">Mitarbeitersicherheit<\/a><\/p>\n\n\n\n<p class=\"\"><a href=\"https:\/\/www.everbridge.com\/solutions\/people-resilience\/travel-risk-management\/\">Reise-Risiko Management (Travel Risk Management)<\/a><\/p>\n<\/div>\n<\/div>\n<\/div>\n\n\n\n<div class=\"wp-block-group pt-5 pb-3 cards-image-wrap-pattern-rebrand cards-image-on-left-pattern-rebrand is-layout-flow wp-block-group-is-layout-flow\">\n<div class=\"wp-block-columns is-layout-flex wp-container-core-columns-is-layout-9d6595d7 wp-block-columns-is-layout-flex\">\n<div class=\"wp-block-column is-layout-flow wp-block-column-is-layout-flow\" style=\"flex-basis:40%\">\n<figure class=\"wp-block-image size-full is-style-rc-right-topwp-block-image is-style-rc-right-top\"><img loading=\"lazy\" decoding=\"async\" src=\"https:\/\/www.everbridge.com\/wp-content\/uploads\/sites\/4\/2025\/03\/Travel-Protector-Risk-Event-in-VCC.jpg\" alt=\"Travel Protector Everbridge Dashboard\" class=\"wp-image-92912\"\/ width=\"650\" height=\"650\" srcset=\"https:\/\/www.everbridge.com\/de\/wp-content\/uploads\/sites\/4\/2025\/03\/Travel-Protector-Risk-Event-in-VCC.jpg 650w, https:\/\/www.everbridge.com\/de\/wp-content\/uploads\/sites\/4\/2025\/03\/Travel-Protector-Risk-Event-in-VCC-300x300.jpg 300w, https:\/\/www.everbridge.com\/de\/wp-content\/uploads\/sites\/4\/2025\/03\/Travel-Protector-Risk-Event-in-VCC-150x150.jpg 150w\" sizes=\"auto, (max-width: 650px) 100vw, 650px\" \/><\/figure>\n<\/div>\n\n\n\n<div class=\"wp-block-column is-layout-flow wp-block-column-is-layout-flow\" style=\"flex-basis:60%\">\n<h2 class=\"wp-block-heading section-title\" id=\"h-all-hazards-risk-intelligence\">Risiko-Intelligenz f\u00fcr alle potenziellen Gefahren<\/h2>\n\n\n\n<p class=\"\">Erhalten Sie einen 360\u00b0-\u00dcberblick \u00fcber potenzielle Gefahren f\u00fcr alle in Ihrer Organisation, einschlie\u00dflich Reisender. Identifizieren Sie Risiken f\u00fcr Reisende, stellen Sie Sicherheits- und reisevorbereitende Hinweise bereit und lassen Sie sich \u00fcber Reisepl\u00e4ne von VIPs, Personen in Hochrisikogebiete und andere relevante Buchungen informieren.<\/p>\n<\/div>\n<\/div>\n<\/div>\n\n\n\n<div class=\"wp-block-group pt-3 pb-3 cards-image-wrap-pattern-rebrand cards-image-on-right-pattern-rebrand is-layout-flow wp-block-group-is-layout-flow\">\n<div class=\"wp-block-columns is-layout-flex wp-container-core-columns-is-layout-9d6595d7 wp-block-columns-is-layout-flex\">\n<div class=\"wp-block-column is-layout-flow wp-block-column-is-layout-flow\" style=\"flex-basis:60%\">\n<h2 class=\"wp-block-heading section-title\" id=\"h-location-awareness-alerts\">Smarte Standortanalyse &amp; Warnungen<\/h2>\n\n\n\n<p class=\"\">Identifizieren Sie schnell und zuverl\u00e4ssig, welche Reisenden sich in gef\u00e4hrdeter N\u00e4he potenzieller Bedrohungen befinden. Lokalisieren Sie Reisende anhand von Standort-Check-ins \u00fcber mobile Apps, Reisebuchungen (Flug, Hotel, Bahn, Auto usw.) und leistungsstarken Reisensuchfunktionen.<\/p>\n<\/div>\n\n\n\n<div class=\"wp-block-column is-layout-flow wp-block-column-is-layout-flow\" style=\"flex-basis:40%\">\n<figure class=\"wp-block-image size-full is-style-rc-upward-arc-right-bottomwp-block-image is-style-rc-upward-arc-right-bottom\"><img loading=\"lazy\" decoding=\"async\" src=\"https:\/\/www.everbridge.com\/wp-content\/uploads\/sites\/4\/2025\/03\/Travel-Protector-in-VCC-with-person-looking-at-screen.jpg\" alt=\"Travel Protector In Vcc With Person Looking At Screen\" class=\"wp-image-92913\"\/ width=\"650\" height=\"650\" srcset=\"https:\/\/www.everbridge.com\/de\/wp-content\/uploads\/sites\/4\/2025\/03\/Travel-Protector-in-VCC-with-person-looking-at-screen.jpg 650w, https:\/\/www.everbridge.com\/de\/wp-content\/uploads\/sites\/4\/2025\/03\/Travel-Protector-in-VCC-with-person-looking-at-screen-300x300.jpg 300w, https:\/\/www.everbridge.com\/de\/wp-content\/uploads\/sites\/4\/2025\/03\/Travel-Protector-in-VCC-with-person-looking-at-screen-150x150.jpg 150w\" sizes=\"auto, (max-width: 650px) 100vw, 650px\" \/><\/figure>\n<\/div>\n<\/div>\n<\/div>\n\n\n\n<div class=\"wp-block-group pt-3 pb-3 cards-image-wrap-pattern-rebrand cards-image-on-left-pattern-rebrand is-layout-flow wp-block-group-is-layout-flow\">\n<div class=\"wp-block-columns is-layout-flex wp-container-core-columns-is-layout-9d6595d7 wp-block-columns-is-layout-flex\">\n<div class=\"wp-block-column is-layout-flow wp-block-column-is-layout-flow\" style=\"flex-basis:40%\">\n<figure class=\"wp-block-image size-full is-style-rc-right-topwp-block-image is-style-rc-right-top\"><img loading=\"lazy\" decoding=\"async\" src=\"https:\/\/www.everbridge.com\/wp-content\/uploads\/sites\/4\/2025\/03\/Person-with-mobile-app.jpg\" alt=\"Person With Mobile App\" class=\"wp-image-92914\"\/ width=\"650\" height=\"650\" srcset=\"https:\/\/www.everbridge.com\/de\/wp-content\/uploads\/sites\/4\/2025\/03\/Person-with-mobile-app.jpg 650w, https:\/\/www.everbridge.com\/de\/wp-content\/uploads\/sites\/4\/2025\/03\/Person-with-mobile-app-300x300.jpg 300w, https:\/\/www.everbridge.com\/de\/wp-content\/uploads\/sites\/4\/2025\/03\/Person-with-mobile-app-150x150.jpg 150w\" sizes=\"auto, (max-width: 650px) 100vw, 650px\" \/><\/figure>\n<\/div>\n\n\n\n<div class=\"wp-block-column is-layout-flow wp-block-column-is-layout-flow\" style=\"flex-basis:60%\">\n<h2 class=\"wp-block-heading section-title\" id=\"h-traveler-safety-app\">Reisesicherheits-App<\/h2>\n\n\n\n<p class=\"\">Reisende k\u00f6nnen potenzielle Risiken beim Reisen minimieren, indem sie eine mobile App nutzen, die speziell f\u00fcr ihre Organisation angepasst ist. Diese bietet Reise-Risiko-Intelligenz, Lernmaterialien, Benachrichtigungen und die M\u00f6glichkeit, im Notfall Kontakt aufzunehmen.<\/p>\n<\/div>\n<\/div>\n<\/div>\n\n\n\n<div class=\"wp-block-group pt-3 pb-3 cards-image-wrap-pattern-rebrand cards-image-on-right-pattern-rebrand is-layout-flow wp-block-group-is-layout-flow\">\n<div class=\"wp-block-columns is-layout-flex wp-container-core-columns-is-layout-9d6595d7 wp-block-columns-is-layout-flex\">\n<div class=\"wp-block-column is-layout-flow wp-block-column-is-layout-flow\" style=\"flex-basis:60%\">\n<h2 class=\"wp-block-heading section-title\" id=\"h-see-how-it-works\">State-of-the-art Reisesicherheit live erleben<\/h2>\n\n\n\n<p class=\"\">Mit einer neuen hybriden Belegschaft und einem Anstieg der Gesch\u00e4ftsreisen ist das Management von Reiserisiken wichtiger denn je, um das Wohlbefinden Ihrer Mitarbeitenden zu sch\u00fctzen und die Resilienz Ihrer Organisation zu st\u00e4rken. Lassen Sie uns Ihnen zeigen, wie wir helfen k\u00f6nnen.<\/p>\n\n\n\n<div class=\"wp-block-buttons is-layout-flex wp-container-core-buttons-is-layout-c07eda73 wp-block-buttons-is-layout-flex\">\n<div class=\"wp-block-button is-style-button-style-1\"><a class=\"wp-block-button__link wp-element-button\" href=\"https:\/\/www.everbridge.com\/de\/demo\/\">Demo vereinbaren<\/a><\/div>\n<\/div>\n<\/div>\n\n\n\n<div class=\"wp-block-column is-layout-flow wp-block-column-is-layout-flow\" style=\"flex-basis:40%\">\n<figure class=\"wp-block-image size-large is-style-rc-upward-arc-right-bottomwp-block-image is-style-default\"><img loading=\"lazy\" decoding=\"async\" src=\"https:\/\/www.everbridge.com\/wp-content\/uploads\/sites\/4\/2025\/03\/everbridge-travel-protector-1024x657.png\" alt=\"Everbridge Travel Protector\" class=\"wp-image-92915\"\/ width=\"10878\" height=\"6980\" srcset=\"https:\/\/www.everbridge.com\/de\/wp-content\/uploads\/sites\/4\/2025\/03\/everbridge-travel-protector-1024x657.png 1024w, https:\/\/www.everbridge.com\/de\/wp-content\/uploads\/sites\/4\/2025\/03\/everbridge-travel-protector-300x192.png 300w, https:\/\/www.everbridge.com\/de\/wp-content\/uploads\/sites\/4\/2025\/03\/everbridge-travel-protector-768x493.png 768w, https:\/\/www.everbridge.com\/de\/wp-content\/uploads\/sites\/4\/2025\/03\/everbridge-travel-protector-1536x986.png 1536w, https:\/\/www.everbridge.com\/de\/wp-content\/uploads\/sites\/4\/2025\/03\/everbridge-travel-protector-2048x1314.png 2048w\" sizes=\"auto, (max-width: 10878px) 100vw, 10878px\" \/><\/figure>\n<\/div>\n<\/div>\n<\/div>\n\n\n\n<div class=\"wp-block-group pt-3 pb-3 cards-image-wrap-pattern-rebrand cards-image-on-left-pattern-rebrand is-layout-flow wp-block-group-is-layout-flow\">\n<div class=\"wp-block-columns is-layout-flex wp-container-core-columns-is-layout-9d6595d7 wp-block-columns-is-layout-flex\">\n<div class=\"wp-block-column is-layout-flow wp-block-column-is-layout-flow\" style=\"flex-basis:40%\">\n<figure class=\"wp-block-image size-full is-style-rc-right-topwp-block-image is-style-rc-right-top\"><img loading=\"lazy\" decoding=\"async\" src=\"https:\/\/www.everbridge.com\/wp-content\/uploads\/sites\/4\/2025\/03\/GettyImages-889458234-650x650-02a336b.jpg\" alt=\"Person Looking At Computer With Headshet\" class=\"wp-image-92916\"\/ width=\"650\" height=\"650\" srcset=\"https:\/\/www.everbridge.com\/de\/wp-content\/uploads\/sites\/4\/2025\/03\/GettyImages-889458234-650x650-02a336b.jpg 650w, https:\/\/www.everbridge.com\/de\/wp-content\/uploads\/sites\/4\/2025\/03\/GettyImages-889458234-650x650-02a336b-300x300.jpg 300w, https:\/\/www.everbridge.com\/de\/wp-content\/uploads\/sites\/4\/2025\/03\/GettyImages-889458234-650x650-02a336b-150x150.jpg 150w\" sizes=\"auto, (max-width: 650px) 100vw, 650px\" \/><\/figure>\n<\/div>\n\n\n\n<div class=\"wp-block-column is-layout-flow wp-block-column-is-layout-flow\" style=\"flex-basis:60%\">\n<h2 class=\"wp-block-heading section-title\" id=\"h-24-7-medical-security-assistance\">24\/7 medical &amp; security assistance<\/h2>\n\n\n\n<p class=\"\">Get 24\/7 Medical &amp; Security Assistance with Everbridge, just one call away. Using Everbridge Assist alongside Travel Protector helps mitigate risks and respond when crises occur, embracing events that affect corporate travelers&#8217; health, safety, and well-being. Everbridge Assist<sub><sup>tm<\/sup><\/sub> is Powered by Anvil.<\/p>\n\n\n\n<div class=\"wp-block-buttons is-layout-flex wp-block-buttons-is-layout-flex\">\n<div class=\"wp-block-button is-style-button-style-1\"><a class=\"wp-block-button__link wp-element-button\" href=\"https:\/\/www.everbridge.com\/solutions\/keep-employees-safe\/everbridge-assist\/\" target=\"_blank\" rel=\"noreferrer noopener\">Mehr erfahren<\/a><\/div>\n<\/div>\n<\/div>\n<\/div>\n<\/div>\n","protected":false},"excerpt":{"rendered":"<p>Sch\u00fctzen Sie Ihre Mitarbeitenden, egal wohin sie reisen Organisationen m\u00fcssen das physische und mentale Wohlbefinden ihrer Mitarbeitenden auf Reisen priorisieren.\u2026 <\/p>\n","protected":false},"author":200,"featured_media":92924,"parent":92340,"menu_order":0,"comment_status":"closed","ping_status":"closed","template":"","meta":{"_trash_the_other_posts":false,"_hide_footer":false,"product_schema":[],"resource_type":[],"editor_notices":[],"footnotes":""},"coauthors":[112],"class_list":["post-92923","page","type-page","status-publish","has-post-thumbnail","hentry"],"yoast_primary_category":{"author":"ihr-everbridge-team"},"featured_image_src":"https:\/\/www.everbridge.com\/de\/wp-content\/uploads\/sites\/4\/2025\/03\/travel-risk-management-business-women-airport-scaled-1024x408.jpg","yoast_head":"<!-- This site is optimized with the Yoast SEO plugin v27.2 - https:\/\/yoast.com\/product\/yoast-seo-wordpress\/ -->\n<title>Travel Protector - Everbridge<\/title>\n<meta name=\"description\" content=\"Sch\u00fctzen Sie Reisende und Remote-Mitarbeiter, indem Sie relevante Bedrohungen fr\u00fchzeitig erkennen, Betroffene rechtzeitig warnen und geeignete Ma\u00dfnahmen ergreifen.\" \/>\n<meta name=\"robots\" content=\"index, follow, max-snippet:-1, max-image-preview:large, max-video-preview:-1\" \/>\n<link rel=\"canonical\" href=\"https:\/\/www.everbridge.com\/de\/produkte\/travel-protector\/\" \/>\n<meta property=\"og:locale\" content=\"de_DE\" \/>\n<meta property=\"og:type\" content=\"article\" \/>\n<meta property=\"og:title\" content=\"Travel Protector - Everbridge\" \/>\n<meta property=\"og:description\" content=\"Sch\u00fctzen Sie Reisende und Remote-Mitarbeiter, indem Sie relevante Bedrohungen fr\u00fchzeitig erkennen, Betroffene rechtzeitig warnen und geeignete Ma\u00dfnahmen ergreifen.\" \/>\n<meta property=\"og:url\" content=\"https:\/\/www.everbridge.com\/de\/produkte\/travel-protector\/\" \/>\n<meta property=\"og:site_name\" content=\"Everbridge - Deutsch\" \/>\n<meta property=\"article:modified_time\" content=\"2025-03-18T17:13:51+00:00\" \/>\n<meta property=\"og:image\" content=\"https:\/\/www.everbridge.com\/de\/wp-content\/uploads\/sites\/4\/2025\/03\/travel-risk-management-business-women-airport-scaled.jpg\" \/>\n\t<meta property=\"og:image:width\" content=\"2560\" \/>\n\t<meta property=\"og:image:height\" content=\"1019\" \/>\n\t<meta property=\"og:image:type\" content=\"image\/jpeg\" \/>\n<meta name=\"twitter:card\" content=\"summary_large_image\" \/>\n<meta name=\"twitter:label1\" content=\"Est. reading time\" \/>\n\t<meta name=\"twitter:data1\" content=\"4 minutes\" \/>\n\t<meta name=\"twitter:label2\" content=\"Written by\" \/>\n\t<meta name=\"twitter:data2\" content=\"Ihr Everbridge Team\" \/>\n<script type=\"application\/ld+json\" class=\"yoast-schema-graph\">{\"@context\":\"https:\/\/schema.org\",\"@graph\":[{\"@type\":\"WebPage\",\"@id\":\"https:\/\/www.everbridge.com\/de\/produkte\/travel-protector\/\",\"url\":\"https:\/\/www.everbridge.com\/de\/produkte\/travel-protector\/\",\"name\":\"Travel Protector - Everbridge\",\"isPartOf\":{\"@id\":\"https:\/\/www.everbridge.com\/de\/#website\"},\"primaryImageOfPage\":{\"@id\":\"https:\/\/www.everbridge.com\/de\/produkte\/travel-protector\/#primaryimage\"},\"image\":{\"@id\":\"https:\/\/www.everbridge.com\/de\/produkte\/travel-protector\/#primaryimage\"},\"thumbnailUrl\":\"https:\/\/www.everbridge.com\/de\/wp-content\/uploads\/sites\/4\/2025\/03\/travel-risk-management-business-women-airport-scaled.jpg\",\"datePublished\":\"2025-03-18T17:13:49+00:00\",\"dateModified\":\"2025-03-18T17:13:51+00:00\",\"description\":\"Sch\u00fctzen Sie Reisende und Remote-Mitarbeiter, indem Sie relevante Bedrohungen fr\u00fchzeitig erkennen, Betroffene rechtzeitig warnen und geeignete Ma\u00dfnahmen ergreifen.\",\"breadcrumb\":{\"@id\":\"https:\/\/www.everbridge.com\/de\/produkte\/travel-protector\/#breadcrumb\"},\"inLanguage\":\"de-DE\",\"potentialAction\":[{\"@type\":\"ReadAction\",\"target\":[\"https:\/\/www.everbridge.com\/de\/produkte\/travel-protector\/\"]}]},{\"@type\":\"ImageObject\",\"inLanguage\":\"de-DE\",\"@id\":\"https:\/\/www.everbridge.com\/de\/produkte\/travel-protector\/#primaryimage\",\"url\":\"https:\/\/www.everbridge.com\/de\/wp-content\/uploads\/sites\/4\/2025\/03\/travel-risk-management-business-women-airport-scaled.jpg\",\"contentUrl\":\"https:\/\/www.everbridge.com\/de\/wp-content\/uploads\/sites\/4\/2025\/03\/travel-risk-management-business-women-airport-scaled.jpg\",\"width\":2560,\"height\":1019,\"caption\":\"business woman at airport traveling\"},{\"@type\":\"BreadcrumbList\",\"@id\":\"https:\/\/www.everbridge.com\/de\/produkte\/travel-protector\/#breadcrumb\",\"itemListElement\":[{\"@type\":\"ListItem\",\"position\":1,\"name\":\"Home\",\"item\":\"https:\/\/www.everbridge.com\/de\/\"},{\"@type\":\"ListItem\",\"position\":2,\"name\":\"Everbridge Produkte\",\"item\":\"https:\/\/www.everbridge.com\/de\/produkte\/\"},{\"@type\":\"ListItem\",\"position\":3,\"name\":\"Travel Protector\"}]},{\"@type\":\"WebSite\",\"@id\":\"https:\/\/www.everbridge.com\/de\/#website\",\"url\":\"https:\/\/www.everbridge.com\/de\/\",\"name\":\"Everbridge - Deutsch\",\"description\":\"Just another www.everbridge.com site\",\"publisher\":{\"@id\":\"https:\/\/www.everbridge.com\/de\/#organization\"},\"potentialAction\":[{\"@type\":\"SearchAction\",\"target\":{\"@type\":\"EntryPoint\",\"urlTemplate\":\"https:\/\/www.everbridge.com\/de\/?s={search_term_string}\"},\"query-input\":{\"@type\":\"PropertyValueSpecification\",\"valueRequired\":true,\"valueName\":\"search_term_string\"}}],\"inLanguage\":\"de-DE\"},{\"@type\":\"Organization\",\"@id\":\"https:\/\/www.everbridge.com\/de\/#organization\",\"name\":\"Everbridge - Deutsch\",\"url\":\"https:\/\/www.everbridge.com\/de\/\",\"logo\":{\"@type\":\"ImageObject\",\"inLanguage\":\"de-DE\",\"@id\":\"https:\/\/www.everbridge.com\/de\/#\/schema\/logo\/image\/\",\"url\":\"https:\/\/www.everbridge.com\/de\/wp-content\/uploads\/sites\/4\/2023\/03\/EVBG-Logo-Full-Color-RGB.svg\",\"contentUrl\":\"https:\/\/www.everbridge.com\/de\/wp-content\/uploads\/sites\/4\/2023\/03\/EVBG-Logo-Full-Color-RGB.svg\",\"width\":1568,\"height\":310,\"caption\":\"Everbridge - Deutsch\"},\"image\":{\"@id\":\"https:\/\/www.everbridge.com\/de\/#\/schema\/logo\/image\/\"}}]}<\/script>\n<!-- \/ Yoast SEO plugin. -->","yoast_head_json":{"title":"Travel Protector - Everbridge","description":"Sch\u00fctzen Sie Reisende und Remote-Mitarbeiter, indem Sie relevante Bedrohungen fr\u00fchzeitig erkennen, Betroffene rechtzeitig warnen und geeignete Ma\u00dfnahmen ergreifen.","robots":{"index":"index","follow":"follow","max-snippet":"max-snippet:-1","max-image-preview":"max-image-preview:large","max-video-preview":"max-video-preview:-1"},"canonical":"https:\/\/www.everbridge.com\/de\/produkte\/travel-protector\/","og_locale":"de_DE","og_type":"article","og_title":"Travel Protector - Everbridge","og_description":"Sch\u00fctzen Sie Reisende und Remote-Mitarbeiter, indem Sie relevante Bedrohungen fr\u00fchzeitig erkennen, Betroffene rechtzeitig warnen und geeignete Ma\u00dfnahmen ergreifen.","og_url":"https:\/\/www.everbridge.com\/de\/produkte\/travel-protector\/","og_site_name":"Everbridge - Deutsch","article_modified_time":"2025-03-18T17:13:51+00:00","og_image":[{"width":2560,"height":1019,"url":"https:\/\/www.everbridge.com\/de\/wp-content\/uploads\/sites\/4\/2025\/03\/travel-risk-management-business-women-airport-scaled.jpg","type":"image\/jpeg"}],"twitter_card":"summary_large_image","twitter_misc":{"Est. reading time":"4 minutes","Written by":"Ihr Everbridge Team"},"schema":{"@context":"https:\/\/schema.org","@graph":[{"@type":"WebPage","@id":"https:\/\/www.everbridge.com\/de\/produkte\/travel-protector\/","url":"https:\/\/www.everbridge.com\/de\/produkte\/travel-protector\/","name":"Travel Protector - Everbridge","isPartOf":{"@id":"https:\/\/www.everbridge.com\/de\/#website"},"primaryImageOfPage":{"@id":"https:\/\/www.everbridge.com\/de\/produkte\/travel-protector\/#primaryimage"},"image":{"@id":"https:\/\/www.everbridge.com\/de\/produkte\/travel-protector\/#primaryimage"},"thumbnailUrl":"https:\/\/www.everbridge.com\/de\/wp-content\/uploads\/sites\/4\/2025\/03\/travel-risk-management-business-women-airport-scaled.jpg","datePublished":"2025-03-18T17:13:49+00:00","dateModified":"2025-03-18T17:13:51+00:00","description":"Sch\u00fctzen Sie Reisende und Remote-Mitarbeiter, indem Sie relevante Bedrohungen fr\u00fchzeitig erkennen, Betroffene rechtzeitig warnen und geeignete Ma\u00dfnahmen ergreifen.","breadcrumb":{"@id":"https:\/\/www.everbridge.com\/de\/produkte\/travel-protector\/#breadcrumb"},"inLanguage":"de-DE","potentialAction":[{"@type":"ReadAction","target":["https:\/\/www.everbridge.com\/de\/produkte\/travel-protector\/"]}]},{"@type":"ImageObject","inLanguage":"de-DE","@id":"https:\/\/www.everbridge.com\/de\/produkte\/travel-protector\/#primaryimage","url":"https:\/\/www.everbridge.com\/de\/wp-content\/uploads\/sites\/4\/2025\/03\/travel-risk-management-business-women-airport-scaled.jpg","contentUrl":"https:\/\/www.everbridge.com\/de\/wp-content\/uploads\/sites\/4\/2025\/03\/travel-risk-management-business-women-airport-scaled.jpg","width":2560,"height":1019,"caption":"business woman at airport traveling"},{"@type":"BreadcrumbList","@id":"https:\/\/www.everbridge.com\/de\/produkte\/travel-protector\/#breadcrumb","itemListElement":[{"@type":"ListItem","position":1,"name":"Home","item":"https:\/\/www.everbridge.com\/de\/"},{"@type":"ListItem","position":2,"name":"Everbridge Produkte","item":"https:\/\/www.everbridge.com\/de\/produkte\/"},{"@type":"ListItem","position":3,"name":"Travel Protector"}]},{"@type":"WebSite","@id":"https:\/\/www.everbridge.com\/de\/#website","url":"https:\/\/www.everbridge.com\/de\/","name":"Everbridge - Deutsch","description":"Just another www.everbridge.com site","publisher":{"@id":"https:\/\/www.everbridge.com\/de\/#organization"},"potentialAction":[{"@type":"SearchAction","target":{"@type":"EntryPoint","urlTemplate":"https:\/\/www.everbridge.com\/de\/?s={search_term_string}"},"query-input":{"@type":"PropertyValueSpecification","valueRequired":true,"valueName":"search_term_string"}}],"inLanguage":"de-DE"},{"@type":"Organization","@id":"https:\/\/www.everbridge.com\/de\/#organization","name":"Everbridge - Deutsch","url":"https:\/\/www.everbridge.com\/de\/","logo":{"@type":"ImageObject","inLanguage":"de-DE","@id":"https:\/\/www.everbridge.com\/de\/#\/schema\/logo\/image\/","url":"https:\/\/www.everbridge.com\/de\/wp-content\/uploads\/sites\/4\/2023\/03\/EVBG-Logo-Full-Color-RGB.svg","contentUrl":"https:\/\/www.everbridge.com\/de\/wp-content\/uploads\/sites\/4\/2023\/03\/EVBG-Logo-Full-Color-RGB.svg","width":1568,"height":310,"caption":"Everbridge - Deutsch"},"image":{"@id":"https:\/\/www.everbridge.com\/de\/#\/schema\/logo\/image\/"}}]}},"get_extra_meta_fields":{"date_format":"F j, Y","is_summary":false,"description":"Sch\u00fctzen Sie Ihre Mitarbeitenden, egal wohin sie reisen Organisationen m\u00fcssen das physische und mentale Wohlbefinden ihrer Mitarbeitenden auf Reisen priorisieren.\u2026 ","external_url":"https:\/\/www.everbridge.com\/de\/produkte\/travel-protector\/","link_text":"Read more"},"get_external_url":"https:\/\/www.everbridge.com\/de\/produkte\/travel-protector\/","get_external_title":"Read more","get_term_title":{"author":"ihr-everbridge-team"},"_links":{"self":[{"href":"https:\/\/www.everbridge.com\/de\/wp-json\/wp\/v2\/pages\/92923","targetHints":{"allow":["GET"]}}],"collection":[{"href":"https:\/\/www.everbridge.com\/de\/wp-json\/wp\/v2\/pages"}],"about":[{"href":"https:\/\/www.everbridge.com\/de\/wp-json\/wp\/v2\/types\/page"}],"author":[{"embeddable":true,"href":"https:\/\/www.everbridge.com\/de\/wp-json\/wp\/v2\/users\/200"}],"replies":[{"embeddable":true,"href":"https:\/\/www.everbridge.com\/de\/wp-json\/wp\/v2\/comments?post=92923"}],"version-history":[{"count":1,"href":"https:\/\/www.everbridge.com\/de\/wp-json\/wp\/v2\/pages\/92923\/revisions"}],"predecessor-version":[{"id":93148,"href":"https:\/\/www.everbridge.com\/de\/wp-json\/wp\/v2\/pages\/92923\/revisions\/93148"}],"up":[{"embeddable":true,"href":"https:\/\/www.everbridge.com\/de\/wp-json\/wp\/v2\/pages\/92340"}],"wp:featuredmedia":[{"embeddable":true,"href":"https:\/\/www.everbridge.com\/de\/wp-json\/wp\/v2\/media\/92924"}],"wp:attachment":[{"href":"https:\/\/www.everbridge.com\/de\/wp-json\/wp\/v2\/media?parent=92923"}],"wp:term":[{"taxonomy":"author","embeddable":true,"href":"https:\/\/www.everbridge.com\/de\/wp-json\/wp\/v2\/coauthors?post=92923"}],"curies":[{"name":"wp","href":"https:\/\/api.w.org\/{rel}","templated":true}]}}