{"id":93180,"date":"2025-09-09T16:07:57","date_gmt":"2025-09-09T16:07:57","guid":{"rendered":"https:\/\/www.everbridge.com\/de\/?page_id=93180"},"modified":"2025-10-08T20:53:57","modified_gmt":"2025-10-08T20:53:57","slug":"10-fragen-auswahl-krisen-und-notfallmanagement-software","status":"publish","type":"page","link":"https:\/\/www.everbridge.com\/de\/10-fragen-auswahl-krisen-und-notfallmanagement-software\/","title":{"rendered":"Top 10 Fragen beim Kauf einer Krisen- und Notfallmanagement (CEM) Software"},"content":{"rendered":"\n<div class=\"wp-block-group hero-with-gray-form is-layout-constrained wp-block-group-is-layout-constrained\">\n<div class=\"wp-block-columns is-layout-flex wp-container-core-columns-is-layout-9d6595d7 wp-block-columns-is-layout-flex\">\n<div class=\"wp-block-column is-layout-flow wp-block-column-is-layout-flow\">\n<h1 class=\"wp-block-heading\" style=\"margin-bottom:var(--wp--preset--spacing--xl)\">Top 10 Fragen beim Kauf einer Krisen- und Notfallmanagement (CEM) Software <\/h1>\n<\/div>\n<\/div>\n\n\n\n<div class=\"wp-block-columns is-layout-flex wp-container-core-columns-is-layout-9d6595d7 wp-block-columns-is-layout-flex\">\n<div class=\"wp-block-column text-col is-layout-flow wp-block-column-is-layout-flow\">\n<figure class=\"wp-block-image size-full\" style=\"margin-bottom:var(--wp--preset--spacing--l)\"><img loading=\"lazy\" decoding=\"async\" src=\"https:\/\/www.everbridge.com\/de\/wp-content\/uploads\/sites\/4\/2025\/09\/Hero-10QuestionsCEM-800x850-2.webp\" alt=\"Hero 10questionscem 800x850 (2)\" class=\"wp-image-93197\"\/ width=\"800\" height=\"850\" srcset=\"https:\/\/www.everbridge.com\/de\/wp-content\/uploads\/sites\/4\/2025\/09\/Hero-10QuestionsCEM-800x850-2.webp 800w, https:\/\/www.everbridge.com\/de\/wp-content\/uploads\/sites\/4\/2025\/09\/Hero-10QuestionsCEM-800x850-2-282x300.webp 282w, https:\/\/www.everbridge.com\/de\/wp-content\/uploads\/sites\/4\/2025\/09\/Hero-10QuestionsCEM-800x850-2-768x816.webp 768w\" sizes=\"auto, (max-width: 800px) 100vw, 800px\" \/><\/figure>\n\n\n\n<h3 class=\"wp-block-heading has-1437-c-1-color has-text-color has-link-color wp-elements-ec9f8135fe3048712abead8094ec1b80\">Was erwartet Sie in diesem Guide?<\/h3>\n\n\n\n<p class=\"p16 \">Entdecken Sie die 10 wichtigsten Fragen, die Sie einem Anbieter stellen sollten, wenn Sie eine Krisen- und Notfallmanagement  (CEM) Plattform ausw\u00e4hlen. Unser Leitfaden unterst\u00fctzt Sie dabei, die F\u00e4higkeiten der Anbieter, Integrationsm\u00f6glichkeiten und Skalierbarkeit gezielt zu bewerten \u2013 f\u00fcr mehr Resilienz in Ihrer Organisation. Mit praxisnahen Expertentipps zur Auswertung der Anbieterantworten erhalten Sie ein strategisches Werkzeug, um die passende CEM-L\u00f6sung f\u00fcr Ihre Anforderungen sicher auszuw\u00e4hlen.<\/p>\n\n\n\n<p class=\"p16 \"><\/p>\n<\/div>\n\n\n\n<div class=\"wp-block-column is-vertically-aligned-top form-col is-layout-flow wp-block-column-is-layout-flow\">\n<div class=\"wp-block-group form-wrapper has-fafafa-background-color has-background is-layout-constrained wp-block-group-is-layout-constrained\">\n<h5 class=\"wp-block-heading\" style=\"margin-bottom:var(--wp--preset--spacing--m)\">Laden Sie unseren Experten-Guide herunter<\/h5>\n\n\n<div class=\"marketo-form-wrap\"><form id=\"mktoForm_4100\" class=\"everbridge-form \"><\/form><div id=\"mktoForm_4100_fallback\" class=\"marketo-form-fallback\" style=\"display:none;\"><p class=\"marketo-form-fallback__message\">Unable to load form. This may be due to tracking protection, Firefox set to Strict security mode, or JavaScript being disabled. Please adjust your browser settings or contact us directly at <a href=\"tel:+18883664911\">+1 (888) 366-4911<\/a> or <a href=\"mailto:americasbdrleaders@everbridge.com\">americasbdrleaders@everbridge.com<\/a>.<\/p><\/div><\/div>\n<\/div>\n<\/div>\n<\/div>\n\n\n\n<style>\r\n  .hero-with-gray-form .text-col img {\r\n    max-height: unset;\r\n  }\r\n<\/style>\n<\/div>\n\n\n\n<script>\n    window.addEventListener('load', function () {\n        if (typeof MktoForms2 !== 'undefined') {\n\n            MktoForms2.whenReady(function (form) {\n                form.onSuccess(function (values, followUpUrl) {\n                    \/\/ Define the redirect URL\n                    let redirectUrl = 'https:\/\/go.everbridge.com\/10-fragen-auswahl-krisen-und-notfallmanagement-software-asset-page.html';\n                    \/\/ Extract aliId from the original Marketo followUpUrl\n                    const aliIdMatch = followUpUrl.match(\/[?&]aliId=([^&]+)\/);\n                    if (aliIdMatch) {\n                        const aliId = aliIdMatch[1];\n                        redirectUrl += (redirectUrl.includes('?') ? '&' : '?') + 'aliId=' + aliId;\n                    }\n                    \/\/ Redirect user\n                    window.location.href = redirectUrl;\n                    \/\/ Prevent default Marketo redirect\n                    return false;\n                });\n            });\n        }\n    });\n<\/script>\n","protected":false},"excerpt":{"rendered":"<p>Top 10 Fragen beim Kauf einer Krisen- und Notfallmanagement (CEM) Software Was erwartet Sie in diesem Guide? Entdecken Sie die\u2026 <\/p>\n","protected":false},"author":200,"featured_media":0,"parent":0,"menu_order":0,"comment_status":"closed","ping_status":"closed","template":"templates\/campaign.php","meta":{"_trash_the_other_posts":false,"_hide_footer":false,"resource_type":[],"editor_notices":[],"footnotes":"","page_schemas":[]},"coauthors":[112],"class_list":["post-93180","page","type-page","status-publish","hentry"],"yoast_primary_category":{"author":"ihr-everbridge-team"},"featured_image_src":null,"yoast_head":"<!-- This site is optimized with the Yoast SEO plugin v27.3 - https:\/\/yoast.com\/product\/yoast-seo-wordpress\/ -->\n<title>Top 10 Fragen beim Kauf einer Krisen- und Notfallmanagement (CEM) Software - Everbridge - Deutsch<\/title>\n<meta name=\"robots\" content=\"noindex, nofollow\" \/>\n<meta property=\"og:locale\" content=\"de_DE\" \/>\n<meta property=\"og:type\" content=\"article\" \/>\n<meta property=\"og:title\" content=\"Top 10 Fragen beim Kauf einer Krisen- und Notfallmanagement (CEM) Software - Everbridge - Deutsch\" \/>\n<meta property=\"og:description\" content=\"Top 10 Fragen beim Kauf einer Krisen- und Notfallmanagement (CEM) Software Was erwartet Sie in diesem Guide? Entdecken Sie die\u2026\" \/>\n<meta property=\"og:url\" content=\"https:\/\/www.everbridge.com\/de\/10-fragen-auswahl-krisen-und-notfallmanagement-software\/\" \/>\n<meta property=\"og:site_name\" content=\"Everbridge - Deutsch\" \/>\n<meta property=\"article:modified_time\" content=\"2025-10-08T20:53:57+00:00\" \/>\n<meta property=\"og:image\" content=\"https:\/\/www.everbridge.com\/de\/wp-content\/uploads\/sites\/4\/2025\/09\/Hero-10QuestionsCEM-800x850-2.webp\" \/>\n\t<meta property=\"og:image:width\" content=\"800\" \/>\n\t<meta property=\"og:image:height\" content=\"850\" \/>\n\t<meta property=\"og:image:type\" content=\"image\/webp\" \/>\n<meta name=\"twitter:card\" content=\"summary_large_image\" \/>\n<meta name=\"twitter:label1\" content=\"Est. reading time\" \/>\n\t<meta name=\"twitter:data1\" content=\"1 minute\" \/>\n\t<meta name=\"twitter:label2\" content=\"Written by\" \/>\n\t<meta name=\"twitter:data2\" content=\"Ihr Everbridge Team\" \/>\n<script type=\"application\/ld+json\" class=\"yoast-schema-graph\">{\"@context\":\"https:\\\/\\\/schema.org\",\"@graph\":[{\"@type\":\"WebPage\",\"@id\":\"https:\\\/\\\/www.everbridge.com\\\/de\\\/10-fragen-auswahl-krisen-und-notfallmanagement-software\\\/\",\"url\":\"https:\\\/\\\/www.everbridge.com\\\/de\\\/10-fragen-auswahl-krisen-und-notfallmanagement-software\\\/\",\"name\":\"Top 10 Fragen beim Kauf einer Krisen- und Notfallmanagement (CEM) Software - Everbridge - Deutsch\",\"isPartOf\":{\"@id\":\"https:\\\/\\\/www.everbridge.com\\\/de\\\/#website\"},\"primaryImageOfPage\":{\"@id\":\"https:\\\/\\\/www.everbridge.com\\\/de\\\/10-fragen-auswahl-krisen-und-notfallmanagement-software\\\/#primaryimage\"},\"image\":{\"@id\":\"https:\\\/\\\/www.everbridge.com\\\/de\\\/10-fragen-auswahl-krisen-und-notfallmanagement-software\\\/#primaryimage\"},\"thumbnailUrl\":\"https:\\\/\\\/www.everbridge.com\\\/de\\\/wp-content\\\/uploads\\\/sites\\\/4\\\/2025\\\/09\\\/Hero-10QuestionsCEM-800x850-2.webp\",\"datePublished\":\"2025-09-09T16:07:57+00:00\",\"dateModified\":\"2025-10-08T20:53:57+00:00\",\"breadcrumb\":{\"@id\":\"https:\\\/\\\/www.everbridge.com\\\/de\\\/10-fragen-auswahl-krisen-und-notfallmanagement-software\\\/#breadcrumb\"},\"inLanguage\":\"de-DE\",\"potentialAction\":[{\"@type\":\"ReadAction\",\"target\":[\"https:\\\/\\\/www.everbridge.com\\\/de\\\/10-fragen-auswahl-krisen-und-notfallmanagement-software\\\/\"]}]},{\"@type\":\"ImageObject\",\"inLanguage\":\"de-DE\",\"@id\":\"https:\\\/\\\/www.everbridge.com\\\/de\\\/10-fragen-auswahl-krisen-und-notfallmanagement-software\\\/#primaryimage\",\"url\":\"https:\\\/\\\/www.everbridge.com\\\/de\\\/wp-content\\\/uploads\\\/sites\\\/4\\\/2025\\\/09\\\/Hero-10QuestionsCEM-800x850-2.webp\",\"contentUrl\":\"https:\\\/\\\/www.everbridge.com\\\/de\\\/wp-content\\\/uploads\\\/sites\\\/4\\\/2025\\\/09\\\/Hero-10QuestionsCEM-800x850-2.webp\",\"width\":800,\"height\":850,\"caption\":\"Hero 10questionscem 800x850 (2)\"},{\"@type\":\"BreadcrumbList\",\"@id\":\"https:\\\/\\\/www.everbridge.com\\\/de\\\/10-fragen-auswahl-krisen-und-notfallmanagement-software\\\/#breadcrumb\",\"itemListElement\":[{\"@type\":\"ListItem\",\"position\":1,\"name\":\"Home\",\"item\":\"https:\\\/\\\/www.everbridge.com\\\/de\\\/\"},{\"@type\":\"ListItem\",\"position\":2,\"name\":\"Top 10 Fragen beim Kauf einer Krisen- und Notfallmanagement (CEM) Software\"}]},{\"@type\":\"WebSite\",\"@id\":\"https:\\\/\\\/www.everbridge.com\\\/de\\\/#website\",\"url\":\"https:\\\/\\\/www.everbridge.com\\\/de\\\/\",\"name\":\"Everbridge - Deutsch\",\"description\":\"Just another www.everbridge.com site\",\"publisher\":{\"@id\":\"https:\\\/\\\/www.everbridge.com\\\/de\\\/#organization\"},\"potentialAction\":[{\"@type\":\"SearchAction\",\"target\":{\"@type\":\"EntryPoint\",\"urlTemplate\":\"https:\\\/\\\/www.everbridge.com\\\/de\\\/?s={search_term_string}\"},\"query-input\":{\"@type\":\"PropertyValueSpecification\",\"valueRequired\":true,\"valueName\":\"search_term_string\"}}],\"inLanguage\":\"de-DE\"},{\"@type\":\"Organization\",\"@id\":\"https:\\\/\\\/www.everbridge.com\\\/de\\\/#organization\",\"name\":\"Everbridge - Deutsch\",\"url\":\"https:\\\/\\\/www.everbridge.com\\\/de\\\/\",\"logo\":{\"@type\":\"ImageObject\",\"inLanguage\":\"de-DE\",\"@id\":\"https:\\\/\\\/www.everbridge.com\\\/de\\\/#\\\/schema\\\/logo\\\/image\\\/\",\"url\":\"https:\\\/\\\/www.everbridge.com\\\/de\\\/wp-content\\\/uploads\\\/sites\\\/4\\\/2023\\\/03\\\/EVBG-Logo-Full-Color-RGB.svg\",\"contentUrl\":\"https:\\\/\\\/www.everbridge.com\\\/de\\\/wp-content\\\/uploads\\\/sites\\\/4\\\/2023\\\/03\\\/EVBG-Logo-Full-Color-RGB.svg\",\"width\":1568,\"height\":310,\"caption\":\"Everbridge - Deutsch\"},\"image\":{\"@id\":\"https:\\\/\\\/www.everbridge.com\\\/de\\\/#\\\/schema\\\/logo\\\/image\\\/\"}}]}<\/script>\n<!-- \/ Yoast SEO plugin. -->","yoast_head_json":{"title":"Top 10 Fragen beim Kauf einer Krisen- und Notfallmanagement (CEM) Software - Everbridge - Deutsch","robots":{"index":"noindex","follow":"nofollow"},"og_locale":"de_DE","og_type":"article","og_title":"Top 10 Fragen beim Kauf einer Krisen- und Notfallmanagement (CEM) Software - Everbridge - Deutsch","og_description":"Top 10 Fragen beim Kauf einer Krisen- und Notfallmanagement (CEM) Software Was erwartet Sie in diesem Guide? Entdecken Sie die\u2026","og_url":"https:\/\/www.everbridge.com\/de\/10-fragen-auswahl-krisen-und-notfallmanagement-software\/","og_site_name":"Everbridge - Deutsch","article_modified_time":"2025-10-08T20:53:57+00:00","og_image":[{"width":800,"height":850,"url":"https:\/\/www.everbridge.com\/de\/wp-content\/uploads\/sites\/4\/2025\/09\/Hero-10QuestionsCEM-800x850-2.webp","type":"image\/webp"}],"twitter_card":"summary_large_image","twitter_misc":{"Est. reading time":"1 minute","Written by":"Ihr Everbridge Team"},"schema":{"@context":"https:\/\/schema.org","@graph":[{"@type":"WebPage","@id":"https:\/\/www.everbridge.com\/de\/10-fragen-auswahl-krisen-und-notfallmanagement-software\/","url":"https:\/\/www.everbridge.com\/de\/10-fragen-auswahl-krisen-und-notfallmanagement-software\/","name":"Top 10 Fragen beim Kauf einer Krisen- und Notfallmanagement (CEM) Software - Everbridge - Deutsch","isPartOf":{"@id":"https:\/\/www.everbridge.com\/de\/#website"},"primaryImageOfPage":{"@id":"https:\/\/www.everbridge.com\/de\/10-fragen-auswahl-krisen-und-notfallmanagement-software\/#primaryimage"},"image":{"@id":"https:\/\/www.everbridge.com\/de\/10-fragen-auswahl-krisen-und-notfallmanagement-software\/#primaryimage"},"thumbnailUrl":"https:\/\/www.everbridge.com\/de\/wp-content\/uploads\/sites\/4\/2025\/09\/Hero-10QuestionsCEM-800x850-2.webp","datePublished":"2025-09-09T16:07:57+00:00","dateModified":"2025-10-08T20:53:57+00:00","breadcrumb":{"@id":"https:\/\/www.everbridge.com\/de\/10-fragen-auswahl-krisen-und-notfallmanagement-software\/#breadcrumb"},"inLanguage":"de-DE","potentialAction":[{"@type":"ReadAction","target":["https:\/\/www.everbridge.com\/de\/10-fragen-auswahl-krisen-und-notfallmanagement-software\/"]}]},{"@type":"ImageObject","inLanguage":"de-DE","@id":"https:\/\/www.everbridge.com\/de\/10-fragen-auswahl-krisen-und-notfallmanagement-software\/#primaryimage","url":"https:\/\/www.everbridge.com\/de\/wp-content\/uploads\/sites\/4\/2025\/09\/Hero-10QuestionsCEM-800x850-2.webp","contentUrl":"https:\/\/www.everbridge.com\/de\/wp-content\/uploads\/sites\/4\/2025\/09\/Hero-10QuestionsCEM-800x850-2.webp","width":800,"height":850,"caption":"Hero 10questionscem 800x850 (2)"},{"@type":"BreadcrumbList","@id":"https:\/\/www.everbridge.com\/de\/10-fragen-auswahl-krisen-und-notfallmanagement-software\/#breadcrumb","itemListElement":[{"@type":"ListItem","position":1,"name":"Home","item":"https:\/\/www.everbridge.com\/de\/"},{"@type":"ListItem","position":2,"name":"Top 10 Fragen beim Kauf einer Krisen- und Notfallmanagement (CEM) Software"}]},{"@type":"WebSite","@id":"https:\/\/www.everbridge.com\/de\/#website","url":"https:\/\/www.everbridge.com\/de\/","name":"Everbridge - Deutsch","description":"Just another www.everbridge.com site","publisher":{"@id":"https:\/\/www.everbridge.com\/de\/#organization"},"potentialAction":[{"@type":"SearchAction","target":{"@type":"EntryPoint","urlTemplate":"https:\/\/www.everbridge.com\/de\/?s={search_term_string}"},"query-input":{"@type":"PropertyValueSpecification","valueRequired":true,"valueName":"search_term_string"}}],"inLanguage":"de-DE"},{"@type":"Organization","@id":"https:\/\/www.everbridge.com\/de\/#organization","name":"Everbridge - Deutsch","url":"https:\/\/www.everbridge.com\/de\/","logo":{"@type":"ImageObject","inLanguage":"de-DE","@id":"https:\/\/www.everbridge.com\/de\/#\/schema\/logo\/image\/","url":"https:\/\/www.everbridge.com\/de\/wp-content\/uploads\/sites\/4\/2023\/03\/EVBG-Logo-Full-Color-RGB.svg","contentUrl":"https:\/\/www.everbridge.com\/de\/wp-content\/uploads\/sites\/4\/2023\/03\/EVBG-Logo-Full-Color-RGB.svg","width":1568,"height":310,"caption":"Everbridge - Deutsch"},"image":{"@id":"https:\/\/www.everbridge.com\/de\/#\/schema\/logo\/image\/"}}]}},"get_extra_meta_fields":{"date_format":"F j, Y","is_summary":false,"description":"Top 10 Fragen beim Kauf einer Krisen- und Notfallmanagement (CEM) Software Was erwartet Sie in diesem Guide? Entdecken Sie die\u2026 ","external_url":"https:\/\/www.everbridge.com\/de\/10-fragen-auswahl-krisen-und-notfallmanagement-software\/","link_text":"Read more"},"get_external_url":"https:\/\/www.everbridge.com\/de\/10-fragen-auswahl-krisen-und-notfallmanagement-software\/","get_external_title":"Read more","get_term_title":{"author":"ihr-everbridge-team"},"_links":{"self":[{"href":"https:\/\/www.everbridge.com\/de\/wp-json\/wp\/v2\/pages\/93180","targetHints":{"allow":["GET"]}}],"collection":[{"href":"https:\/\/www.everbridge.com\/de\/wp-json\/wp\/v2\/pages"}],"about":[{"href":"https:\/\/www.everbridge.com\/de\/wp-json\/wp\/v2\/types\/page"}],"author":[{"embeddable":true,"href":"https:\/\/www.everbridge.com\/de\/wp-json\/wp\/v2\/users\/200"}],"replies":[{"embeddable":true,"href":"https:\/\/www.everbridge.com\/de\/wp-json\/wp\/v2\/comments?post=93180"}],"version-history":[{"count":4,"href":"https:\/\/www.everbridge.com\/de\/wp-json\/wp\/v2\/pages\/93180\/revisions"}],"predecessor-version":[{"id":93238,"href":"https:\/\/www.everbridge.com\/de\/wp-json\/wp\/v2\/pages\/93180\/revisions\/93238"}],"wp:attachment":[{"href":"https:\/\/www.everbridge.com\/de\/wp-json\/wp\/v2\/media?parent=93180"}],"wp:term":[{"taxonomy":"author","embeddable":true,"href":"https:\/\/www.everbridge.com\/de\/wp-json\/wp\/v2\/coauthors?post=93180"}],"curies":[{"name":"wp","href":"https:\/\/api.w.org\/{rel}","templated":true}]}}