{"id":93403,"date":"2025-12-15T19:31:43","date_gmt":"2025-12-15T19:31:43","guid":{"rendered":"https:\/\/www.everbridge.com\/de\/?page_id=93403"},"modified":"2025-12-15T19:31:52","modified_gmt":"2025-12-15T19:31:52","slug":"bestaetigung-download-globaler-risiko-und-resilienz-ausblick-2026","status":"publish","type":"page","link":"https:\/\/www.everbridge.com\/de\/bestaetigung-download-globaler-risiko-und-resilienz-ausblick-2026\/","title":{"rendered":"Best\u00e4tigung Download Globaler Risiko- und Resilienz Ausblick 2026"},"content":{"rendered":"\n<div class=\"wp-block-group thank-you-page-hero is-layout-constrained wp-block-group-is-layout-constrained\">\n<div class=\"wp-block-columns is-layout-flex wp-container-core-columns-is-layout-9d6595d7 wp-block-columns-is-layout-flex\">\n<div class=\"wp-block-column img-col is-layout-flow wp-block-column-is-layout-flow\" style=\"flex-basis:45%\">\n<figure class=\"wp-block-image size-full\"><img loading=\"lazy\" decoding=\"async\" src=\"https:\/\/www.everbridge.com\/de\/wp-content\/uploads\/sites\/4\/2025\/12\/Hero-10QuestionsCEM-800x850-1.png\" alt=\"Hero 10questionscem 800x850 (1)\" class=\"wp-image-93406\"\/ width=\"800\" height=\"850\" srcset=\"https:\/\/www.everbridge.com\/de\/wp-content\/uploads\/sites\/4\/2025\/12\/Hero-10QuestionsCEM-800x850-1.png 800w, https:\/\/www.everbridge.com\/de\/wp-content\/uploads\/sites\/4\/2025\/12\/Hero-10QuestionsCEM-800x850-1-282x300.png 282w, https:\/\/www.everbridge.com\/de\/wp-content\/uploads\/sites\/4\/2025\/12\/Hero-10QuestionsCEM-800x850-1-768x816.png 768w\" sizes=\"auto, (max-width: 800px) 100vw, 800px\" \/><\/figure>\n<\/div>\n\n\n\n<div class=\"wp-block-column is-vertically-aligned-top text-col is-layout-flow wp-block-column-is-layout-flow\" style=\"flex-basis:55%\">\n<h3 class=\"wp-block-heading has-ffffff-color has-text-color has-link-color wp-elements-9817c85ba94c4b1835262d3cbc1a3be0\">Vielen Dank!<\/h3>\n\n\n\n<h2 class=\"wp-block-heading has-ffffff-color has-text-color has-link-color wp-elements-21a431c4276de7c5ab2fd47c31a6d951\">Laden Sie sich jetzt Ihren Globalen Risiko- und Resilienz Ausblick 2026 herunter.<\/h2>\n\n\n\n<p class=\"has-ffffff-color has-text-color has-link-color wp-elements-6837b868e00d1ce34e14fce8cf5a3d32\">Wir hoffen, dass Ihnen diese Erkenntnisse dabei helfen, zukunftsf\u00e4hige Strategien zu entwickeln, um die wachsende Risikozone zu bew\u00e4ltigen und die Widerstandsf\u00e4higkeit Ihres Unternehmens zu st\u00e4rken.<\/p>\n\n\n\n<div class=\"wp-block-buttons is-layout-flex wp-block-buttons-is-layout-flex\" style=\"margin-top:var(--wp--preset--spacing--m)\">\n<div class=\"wp-block-button is-style-button-style-14\"><a class=\"wp-block-button__link wp-element-button\" href=\"https:\/\/www.everbridge.com\/de\/wp-content\/uploads\/sites\/4\/2025\/12\/Globaler-Risiko-und-Resilienz-Ausblick-2026-Everbridge.pdf\" target=\"_blank\" rel=\"noreferrer noopener nofollow\">Download<\/a><\/div>\n<\/div>\n<\/div>\n<\/div>\n<\/div>\n\n\n\n<p class=\"\"><\/p>\n","protected":false},"excerpt":{"rendered":"<p>Vielen Dank! Laden Sie sich jetzt Ihren Globalen Risiko- und Resilienz Ausblick 2026 herunter. Wir hoffen, dass Ihnen diese Erkenntnisse\u2026 <\/p>\n","protected":false},"author":200,"featured_media":0,"parent":0,"menu_order":0,"comment_status":"closed","ping_status":"closed","template":"","meta":{"_trash_the_other_posts":false,"_hide_footer":false,"resource_type":[],"editor_notices":[],"footnotes":"","page_schemas":[]},"coauthors":[112],"class_list":["post-93403","page","type-page","status-publish","hentry"],"yoast_primary_category":{"author":"ihr-everbridge-team"},"featured_image_src":null,"yoast_head":"<!-- This site is optimized with the Yoast SEO plugin v27.3 - https:\/\/yoast.com\/product\/yoast-seo-wordpress\/ -->\n<title>Best\u00e4tigung Download Globaler Risiko- und Resilienz Ausblick 2026 - Everbridge - Deutsch<\/title>\n<meta name=\"robots\" content=\"noindex, nofollow\" \/>\n<meta property=\"og:locale\" content=\"de_DE\" \/>\n<meta property=\"og:type\" content=\"article\" \/>\n<meta property=\"og:title\" content=\"Best\u00e4tigung Download Globaler Risiko- und Resilienz Ausblick 2026 - Everbridge - Deutsch\" \/>\n<meta property=\"og:description\" content=\"Vielen Dank! Laden Sie sich jetzt Ihren Globalen Risiko- und Resilienz Ausblick 2026 herunter. Wir hoffen, dass Ihnen diese Erkenntnisse\u2026\" \/>\n<meta property=\"og:url\" content=\"https:\/\/www.everbridge.com\/de\/bestaetigung-download-globaler-risiko-und-resilienz-ausblick-2026\/\" \/>\n<meta property=\"og:site_name\" content=\"Everbridge - Deutsch\" \/>\n<meta property=\"article:modified_time\" content=\"2025-12-15T19:31:52+00:00\" \/>\n<meta property=\"og:image\" content=\"https:\/\/www.everbridge.com\/de\/wp-content\/uploads\/sites\/4\/2025\/12\/Hero-10QuestionsCEM-800x850-1.png\" \/>\n\t<meta property=\"og:image:width\" content=\"800\" \/>\n\t<meta property=\"og:image:height\" content=\"850\" \/>\n\t<meta property=\"og:image:type\" content=\"image\/png\" \/>\n<meta name=\"twitter:card\" content=\"summary_large_image\" \/>\n<meta name=\"twitter:label1\" content=\"Est. reading time\" \/>\n\t<meta name=\"twitter:data1\" content=\"1 minute\" \/>\n\t<meta name=\"twitter:label2\" content=\"Written by\" \/>\n\t<meta name=\"twitter:data2\" content=\"Ihr Everbridge Team\" \/>\n<script type=\"application\/ld+json\" class=\"yoast-schema-graph\">{\"@context\":\"https:\\\/\\\/schema.org\",\"@graph\":[{\"@type\":\"WebPage\",\"@id\":\"https:\\\/\\\/www.everbridge.com\\\/de\\\/bestaetigung-download-globaler-risiko-und-resilienz-ausblick-2026\\\/\",\"url\":\"https:\\\/\\\/www.everbridge.com\\\/de\\\/bestaetigung-download-globaler-risiko-und-resilienz-ausblick-2026\\\/\",\"name\":\"Best\u00e4tigung Download Globaler Risiko- und Resilienz Ausblick 2026 - Everbridge - Deutsch\",\"isPartOf\":{\"@id\":\"https:\\\/\\\/www.everbridge.com\\\/de\\\/#website\"},\"primaryImageOfPage\":{\"@id\":\"https:\\\/\\\/www.everbridge.com\\\/de\\\/bestaetigung-download-globaler-risiko-und-resilienz-ausblick-2026\\\/#primaryimage\"},\"image\":{\"@id\":\"https:\\\/\\\/www.everbridge.com\\\/de\\\/bestaetigung-download-globaler-risiko-und-resilienz-ausblick-2026\\\/#primaryimage\"},\"thumbnailUrl\":\"https:\\\/\\\/www.everbridge.com\\\/de\\\/wp-content\\\/uploads\\\/sites\\\/4\\\/2025\\\/12\\\/Hero-10QuestionsCEM-800x850-1.png\",\"datePublished\":\"2025-12-15T19:31:43+00:00\",\"dateModified\":\"2025-12-15T19:31:52+00:00\",\"breadcrumb\":{\"@id\":\"https:\\\/\\\/www.everbridge.com\\\/de\\\/bestaetigung-download-globaler-risiko-und-resilienz-ausblick-2026\\\/#breadcrumb\"},\"inLanguage\":\"de-DE\",\"potentialAction\":[{\"@type\":\"ReadAction\",\"target\":[\"https:\\\/\\\/www.everbridge.com\\\/de\\\/bestaetigung-download-globaler-risiko-und-resilienz-ausblick-2026\\\/\"]}]},{\"@type\":\"ImageObject\",\"inLanguage\":\"de-DE\",\"@id\":\"https:\\\/\\\/www.everbridge.com\\\/de\\\/bestaetigung-download-globaler-risiko-und-resilienz-ausblick-2026\\\/#primaryimage\",\"url\":\"https:\\\/\\\/www.everbridge.com\\\/de\\\/wp-content\\\/uploads\\\/sites\\\/4\\\/2025\\\/12\\\/Hero-10QuestionsCEM-800x850-1.png\",\"contentUrl\":\"https:\\\/\\\/www.everbridge.com\\\/de\\\/wp-content\\\/uploads\\\/sites\\\/4\\\/2025\\\/12\\\/Hero-10QuestionsCEM-800x850-1.png\",\"width\":800,\"height\":850,\"caption\":\"Hero 10questionscem 800x850 (1)\"},{\"@type\":\"BreadcrumbList\",\"@id\":\"https:\\\/\\\/www.everbridge.com\\\/de\\\/bestaetigung-download-globaler-risiko-und-resilienz-ausblick-2026\\\/#breadcrumb\",\"itemListElement\":[{\"@type\":\"ListItem\",\"position\":1,\"name\":\"Home\",\"item\":\"https:\\\/\\\/www.everbridge.com\\\/de\\\/\"},{\"@type\":\"ListItem\",\"position\":2,\"name\":\"Best\u00e4tigung Download Globaler Risiko- und Resilienz Ausblick 2026\"}]},{\"@type\":\"WebSite\",\"@id\":\"https:\\\/\\\/www.everbridge.com\\\/de\\\/#website\",\"url\":\"https:\\\/\\\/www.everbridge.com\\\/de\\\/\",\"name\":\"Everbridge - Deutsch\",\"description\":\"Just another www.everbridge.com site\",\"publisher\":{\"@id\":\"https:\\\/\\\/www.everbridge.com\\\/de\\\/#organization\"},\"potentialAction\":[{\"@type\":\"SearchAction\",\"target\":{\"@type\":\"EntryPoint\",\"urlTemplate\":\"https:\\\/\\\/www.everbridge.com\\\/de\\\/?s={search_term_string}\"},\"query-input\":{\"@type\":\"PropertyValueSpecification\",\"valueRequired\":true,\"valueName\":\"search_term_string\"}}],\"inLanguage\":\"de-DE\"},{\"@type\":\"Organization\",\"@id\":\"https:\\\/\\\/www.everbridge.com\\\/de\\\/#organization\",\"name\":\"Everbridge - Deutsch\",\"url\":\"https:\\\/\\\/www.everbridge.com\\\/de\\\/\",\"logo\":{\"@type\":\"ImageObject\",\"inLanguage\":\"de-DE\",\"@id\":\"https:\\\/\\\/www.everbridge.com\\\/de\\\/#\\\/schema\\\/logo\\\/image\\\/\",\"url\":\"https:\\\/\\\/www.everbridge.com\\\/de\\\/wp-content\\\/uploads\\\/sites\\\/4\\\/2023\\\/03\\\/EVBG-Logo-Full-Color-RGB.svg\",\"contentUrl\":\"https:\\\/\\\/www.everbridge.com\\\/de\\\/wp-content\\\/uploads\\\/sites\\\/4\\\/2023\\\/03\\\/EVBG-Logo-Full-Color-RGB.svg\",\"width\":1568,\"height\":310,\"caption\":\"Everbridge - Deutsch\"},\"image\":{\"@id\":\"https:\\\/\\\/www.everbridge.com\\\/de\\\/#\\\/schema\\\/logo\\\/image\\\/\"}}]}<\/script>\n<!-- \/ Yoast SEO plugin. -->","yoast_head_json":{"title":"Best\u00e4tigung Download Globaler Risiko- und Resilienz Ausblick 2026 - Everbridge - Deutsch","robots":{"index":"noindex","follow":"nofollow"},"og_locale":"de_DE","og_type":"article","og_title":"Best\u00e4tigung Download Globaler Risiko- und Resilienz Ausblick 2026 - Everbridge - Deutsch","og_description":"Vielen Dank! Laden Sie sich jetzt Ihren Globalen Risiko- und Resilienz Ausblick 2026 herunter. Wir hoffen, dass Ihnen diese Erkenntnisse\u2026","og_url":"https:\/\/www.everbridge.com\/de\/bestaetigung-download-globaler-risiko-und-resilienz-ausblick-2026\/","og_site_name":"Everbridge - Deutsch","article_modified_time":"2025-12-15T19:31:52+00:00","og_image":[{"width":800,"height":850,"url":"https:\/\/www.everbridge.com\/de\/wp-content\/uploads\/sites\/4\/2025\/12\/Hero-10QuestionsCEM-800x850-1.png","type":"image\/png"}],"twitter_card":"summary_large_image","twitter_misc":{"Est. reading time":"1 minute","Written by":"Ihr Everbridge Team"},"schema":{"@context":"https:\/\/schema.org","@graph":[{"@type":"WebPage","@id":"https:\/\/www.everbridge.com\/de\/bestaetigung-download-globaler-risiko-und-resilienz-ausblick-2026\/","url":"https:\/\/www.everbridge.com\/de\/bestaetigung-download-globaler-risiko-und-resilienz-ausblick-2026\/","name":"Best\u00e4tigung Download Globaler Risiko- und Resilienz Ausblick 2026 - Everbridge - Deutsch","isPartOf":{"@id":"https:\/\/www.everbridge.com\/de\/#website"},"primaryImageOfPage":{"@id":"https:\/\/www.everbridge.com\/de\/bestaetigung-download-globaler-risiko-und-resilienz-ausblick-2026\/#primaryimage"},"image":{"@id":"https:\/\/www.everbridge.com\/de\/bestaetigung-download-globaler-risiko-und-resilienz-ausblick-2026\/#primaryimage"},"thumbnailUrl":"https:\/\/www.everbridge.com\/de\/wp-content\/uploads\/sites\/4\/2025\/12\/Hero-10QuestionsCEM-800x850-1.png","datePublished":"2025-12-15T19:31:43+00:00","dateModified":"2025-12-15T19:31:52+00:00","breadcrumb":{"@id":"https:\/\/www.everbridge.com\/de\/bestaetigung-download-globaler-risiko-und-resilienz-ausblick-2026\/#breadcrumb"},"inLanguage":"de-DE","potentialAction":[{"@type":"ReadAction","target":["https:\/\/www.everbridge.com\/de\/bestaetigung-download-globaler-risiko-und-resilienz-ausblick-2026\/"]}]},{"@type":"ImageObject","inLanguage":"de-DE","@id":"https:\/\/www.everbridge.com\/de\/bestaetigung-download-globaler-risiko-und-resilienz-ausblick-2026\/#primaryimage","url":"https:\/\/www.everbridge.com\/de\/wp-content\/uploads\/sites\/4\/2025\/12\/Hero-10QuestionsCEM-800x850-1.png","contentUrl":"https:\/\/www.everbridge.com\/de\/wp-content\/uploads\/sites\/4\/2025\/12\/Hero-10QuestionsCEM-800x850-1.png","width":800,"height":850,"caption":"Hero 10questionscem 800x850 (1)"},{"@type":"BreadcrumbList","@id":"https:\/\/www.everbridge.com\/de\/bestaetigung-download-globaler-risiko-und-resilienz-ausblick-2026\/#breadcrumb","itemListElement":[{"@type":"ListItem","position":1,"name":"Home","item":"https:\/\/www.everbridge.com\/de\/"},{"@type":"ListItem","position":2,"name":"Best\u00e4tigung Download Globaler Risiko- und Resilienz Ausblick 2026"}]},{"@type":"WebSite","@id":"https:\/\/www.everbridge.com\/de\/#website","url":"https:\/\/www.everbridge.com\/de\/","name":"Everbridge - Deutsch","description":"Just another www.everbridge.com site","publisher":{"@id":"https:\/\/www.everbridge.com\/de\/#organization"},"potentialAction":[{"@type":"SearchAction","target":{"@type":"EntryPoint","urlTemplate":"https:\/\/www.everbridge.com\/de\/?s={search_term_string}"},"query-input":{"@type":"PropertyValueSpecification","valueRequired":true,"valueName":"search_term_string"}}],"inLanguage":"de-DE"},{"@type":"Organization","@id":"https:\/\/www.everbridge.com\/de\/#organization","name":"Everbridge - Deutsch","url":"https:\/\/www.everbridge.com\/de\/","logo":{"@type":"ImageObject","inLanguage":"de-DE","@id":"https:\/\/www.everbridge.com\/de\/#\/schema\/logo\/image\/","url":"https:\/\/www.everbridge.com\/de\/wp-content\/uploads\/sites\/4\/2023\/03\/EVBG-Logo-Full-Color-RGB.svg","contentUrl":"https:\/\/www.everbridge.com\/de\/wp-content\/uploads\/sites\/4\/2023\/03\/EVBG-Logo-Full-Color-RGB.svg","width":1568,"height":310,"caption":"Everbridge - Deutsch"},"image":{"@id":"https:\/\/www.everbridge.com\/de\/#\/schema\/logo\/image\/"}}]}},"get_extra_meta_fields":{"date_format":"F j, Y","is_summary":false,"description":"Vielen Dank! Laden Sie sich jetzt Ihren Globalen Risiko- und Resilienz Ausblick 2026 herunter. Wir hoffen, dass Ihnen diese Erkenntnisse\u2026 ","external_url":"https:\/\/www.everbridge.com\/de\/bestaetigung-download-globaler-risiko-und-resilienz-ausblick-2026\/","link_text":"Read more"},"get_external_url":"https:\/\/www.everbridge.com\/de\/bestaetigung-download-globaler-risiko-und-resilienz-ausblick-2026\/","get_external_title":"Read more","get_term_title":{"author":"ihr-everbridge-team"},"_links":{"self":[{"href":"https:\/\/www.everbridge.com\/de\/wp-json\/wp\/v2\/pages\/93403","targetHints":{"allow":["GET"]}}],"collection":[{"href":"https:\/\/www.everbridge.com\/de\/wp-json\/wp\/v2\/pages"}],"about":[{"href":"https:\/\/www.everbridge.com\/de\/wp-json\/wp\/v2\/types\/page"}],"author":[{"embeddable":true,"href":"https:\/\/www.everbridge.com\/de\/wp-json\/wp\/v2\/users\/200"}],"replies":[{"embeddable":true,"href":"https:\/\/www.everbridge.com\/de\/wp-json\/wp\/v2\/comments?post=93403"}],"version-history":[{"count":3,"href":"https:\/\/www.everbridge.com\/de\/wp-json\/wp\/v2\/pages\/93403\/revisions"}],"predecessor-version":[{"id":93488,"href":"https:\/\/www.everbridge.com\/de\/wp-json\/wp\/v2\/pages\/93403\/revisions\/93488"}],"wp:attachment":[{"href":"https:\/\/www.everbridge.com\/de\/wp-json\/wp\/v2\/media?parent=93403"}],"wp:term":[{"taxonomy":"author","embeddable":true,"href":"https:\/\/www.everbridge.com\/de\/wp-json\/wp\/v2\/coauthors?post=93403"}],"curies":[{"name":"wp","href":"https:\/\/api.w.org\/{rel}","templated":true}]}}