{"id":92104,"date":"2023-12-13T17:56:47","date_gmt":"2023-12-13T17:56:47","guid":{"rendered":"https:\/\/www.everbridge.com\/es\/?page_id=92104"},"modified":"2025-03-31T12:59:29","modified_gmt":"2025-03-31T12:59:29","slug":"demo","status":"publish","type":"page","link":"https:\/\/www.everbridge.com\/es\/demo\/","title":{"rendered":"Demo"},"content":{"rendered":"\n<div class=\"wp-block-columns demo-header is-layout-flex wp-container-core-columns-is-layout-9d6595d7 wp-block-columns-is-layout-flex\">\n<div class=\"wp-block-column is-layout-flow wp-block-column-is-layout-flow\">\n<h1 class=\"wp-block-heading has-text-align-center\" id=\"h-solicite-una-demostracion\">Solicite una demostraci\u00f3n<\/h1>\n\n\n\n<h2 class=\"wp-block-heading has-text-align-center has-eb-medium-font-size\" id=\"h-potencie-la-resiliencia-vea-lo-que-everbridge-puede-hacer-por-usted\">Potencie la resiliencia. Vea lo que Everbridge puede hacer por usted.<\/h2>\n<\/div>\n<\/div>\n\n\n\n<div class=\"wp-block-columns demo-cols is-layout-flex wp-container-core-columns-is-layout-9d6595d7 wp-block-columns-is-layout-flex\">\n<div class=\"wp-block-column has-ffffff-background-color has-background is-layout-flow wp-block-column-is-layout-flow\">\n<h3 class=\"wp-block-heading has-text-align-center\" id=\"h-su-informacion\">Su informaci\u00f3n<\/h3>\n\n\n<div class=\"marketo-form-wrap\"><form id=\"mktoForm_4548\" class=\"everbridge-form \"><\/form><div id=\"mktoForm_4548_fallback\" class=\"marketo-form-fallback\" style=\"display:none;\"><p class=\"marketo-form-fallback__message\">Unable to load form. This may be due to tracking protection, Firefox set to Strict security mode, or JavaScript being disabled. Please adjust your browser settings or contact us directly at <a href=\"tel:+18883664911\">+1 (888) 366-4911<\/a> or <a href=\"mailto:americasbdrleaders@everbridge.com\">americasbdrleaders@everbridge.com<\/a>.<\/p><\/div><\/div>\n<\/div>\n\n\n\n<div class=\"wp-block-column is-layout-flow wp-block-column-is-layout-flow\">\n<h3 class=\"wp-block-heading has-text-align-center\" id=\"h-plan-de-accion\">Plan de acci\u00f3n<\/h3>\n\n\n\n<div><style>.demo-cols .wp-block-column {padding: 2.5rem;} .demo-cols .wp-block-column:last-child {border: 1px solid #80949E;}.demo-header {padding: 5rem 0 0;} .wp-block-column:last-child {}.check-icon-row {padding: 1.5rem 0 1.5rem 4rem; position: relative; display: block; border-bottom: 1px solid #000; min-height: 50px;} .check-icon-row:last-child {border: 0;} .check-icon-row::before {content: url(https:\/\/www.everbridge.com\/wp-content\/uploads\/2023\/03\/Icon-Steps-Completed-Black.svg); vertical-align: middle; position: absolute; left: 0;} .everbridge-form.mktoForm {padding-bottom: 0;} .demo-cols {padding: 5rem 0;}@media(max-width: 1199px){.logo-wall-grid-layout-pattern-rebrand .logo-grid-items .wp-block-image img{max-width:235px}}<\/style>\n    <div class=\"check-icon-row\">Recibiremos su solicitud de demostraci\u00f3n y nos pondremos en contacto con usted en breve.<\/div>\n    <div class=\"check-icon-row\">Obtendr\u00e1 una demostraci\u00f3n personalizada de 60\u00a0minutos con uno de nuestros expertos.<\/div>\n    <div class=\"check-icon-row\">\u00a1En poco tiempo estar\u00e1 en marcha con un programa especializado acorde a sus necesidades!<\/div>\n<\/div>\n<\/div>\n<\/div>\n\n\n\n<div style=\"background-color: #ffffff;padding: 5rem 0\"><style>#main-content{background-color: #ECEFF1;}<\/style>\n<div class=\"is-layout-flex wp-container-21 wp-block-columns\">\n<div class=\"is-layout-flow wp-block-column has-text-align-center\">\n<h3 id=\"h-see-our-customer-reviews-on-g2\" style=\"padding-bottom: 2.5rem\"><a href=\"https:\/\/www.g2.com\/products\/everbridge-everbridge-mass-notification\/reviews?utm_source=review-widget\" target=\"_blank\" rel=\"noopener\">Consulte las opiniones de nuestros clientes en G2<\/a><\/h3>\n<div class=\"is-layout-flex wp-container-27 wp-block-columns\" style=\"text-align: left\">\n<div class=\"is-layout-flow wp-block-column\">\n<figure class=\"wp-block-image size-fullwp-block-image size-full\"><img decoding=\"async\" loading=\"lazy\" width=\"291\" height=\"138\" src=\"https:\/\/www.everbridge.com\/wp-content\/uploads\/2023\/03\/g2-logo.png\" alt=\"Logotipo de G2\" class=\"wp-image-94086\"\/><\/figure>\n<\/div>\n<div class=\"is-layout-flow wp-block-column\">\n<figure class=\"wp-block-image size-fullwp-block-image size-full\"><img decoding=\"async\" loading=\"lazy\" width=\"171\" height=\"31\" src=\"https:\/\/www.everbridge.com\/wp-content\/uploads\/2023\/03\/G2-5Stars-Blue.png\" alt=\"G2 5 estrellas azul\" class=\"wp-image-94085\"\/><\/figure>\n<p class=\"\"><a href=\"https:\/\/www.g2.com\/survey_responses\/everbridge-mass-notification-review-5080832\" target=\"_blank\" rel=\"noopener\">\u00abCon Everbridge, nuestras alertas fluyen f\u00e1cilmente.\u00bb<\/a><\/p>\n<p class=\"\"><strong><a href=\"https:\/\/www.g2.com\/survey_responses\/everbridge-mass-notification-review-5080832\" target=\"_blank\" rel=\"noopener\">Brenda G.<\/a><\/strong><\/p>\n<\/div><div class=\"is-layout-flow wp-block-column\">\n<figure class=\"wp-block-image size-fullwp-block-image size-full\"><img decoding=\"async\" loading=\"lazy\" width=\"171\" height=\"31\" src=\"https:\/\/www.everbridge.com\/wp-content\/uploads\/2023\/03\/G2-5Stars-Blue.png\" alt=\"G2 5 estrellas azul\" class=\"wp-image-94085\"\/><\/figure>\n<p class=\"\"><a href=\"https:\/\/www.g2.com\/products\/everbridge-everbridge-mass-notification\/reviews\/everbridge-mass-notification-review-5436500\" target=\"_blank\" rel=\"noopener\">\u00abTodo lo que necesitas en un solo lugar.\u00bb<\/a><\/p>\n<p class=\"\"><strong><a href=\"https:\/\/www.g2.com\/products\/everbridge-everbridge-mass-notification\/reviews\/everbridge-mass-notification-review-5436500\" target=\"_blank\" rel=\"noopener\">Mark T.<\/a><\/strong><\/p>\n<\/div>\n<div class=\"is-layout-flow wp-block-column\">\n<figure class=\"wp-block-image size-fullwp-block-image size-full\"><img decoding=\"async\" loading=\"lazy\" width=\"171\" height=\"31\" src=\"https:\/\/www.everbridge.com\/wp-content\/uploads\/2023\/03\/G2-5Stars-Blue.png\" alt=\"G2 5 estrellas azul\" class=\"wp-image-94085\"\/><\/figure>\n<p class=\"\"><a href=\"https:\/\/www.g2.com\/products\/everbridge-everbridge-mass-notification\/reviews\/everbridge-mass-notification-review-5434013\" target=\"_blank\" rel=\"noopener\">\u00abUna interfaz sencilla y un sitio web r\u00e1pido y reactivo.\u00bb<\/a><\/p>\n<p class=\"\"><strong><a href=\"https:\/\/www.g2.com\/products\/everbridge-everbridge-mass-notification\/reviews\/everbridge-mass-notification-review-5434013\" target=\"_blank\" rel=\"noopener\">Glen B.<\/a><\/strong><\/p>\n<\/div>\n<\/div>\n<\/div>\n<\/div>\n<\/div>\n\n\n\n<div class=\"wp-block-group logo-wall-grid-layout-pattern-rebrand has-background has-eceff-1-background-color is-layout-flow wp-block-group-is-layout-flow\">\n<div class=\"wp-block-columns logo-grid-heading is-layout-flex wp-container-core-columns-is-layout-9d6595d7 wp-block-columns-is-layout-flex\">\n<div class=\"wp-block-column is-layout-flow wp-block-column-is-layout-flow\" style=\"flex-basis:100%\">\n<h3 class=\"wp-block-heading has-text-align-center\" id=\"h-mas-de-6500-clientes-de-todo-el-mundo-utilizan-everbridge\">M\u00e1s de 6500 clientes de todo el mundo utilizan Everbridge<\/h3>\n<\/div>\n<\/div>\n\n\n\n<div class=\"wp-block-columns logo-grid-items is-layout-flex wp-container-core-columns-is-layout-9d6595d7 wp-block-columns-is-layout-flex\">\n<div class=\"wp-block-column is-layout-flow wp-block-column-is-layout-flow\">\n<figure class=\"wp-block-image size-full has-text-align-center\"><img decoding=\"async\" src=\"https:\/\/www.everbridge.com\/wp-content\/uploads\/2023\/03\/Santander_Logotipo.svg\" alt=\"Logotipo de Santander\" class=\"wp-image-94020\"\/><\/figure>\n\n\n\n<figure class=\"wp-block-image size-full has-text-align-center\"><img decoding=\"async\" src=\"https:\/\/www.everbridge.com\/wp-content\/uploads\/2023\/03\/Goldman_Sachs_Signature.svg\" alt=\"Firma de Goldman Sachs\" class=\"wp-image-94021\"\/><\/figure>\n\n\n\n<figure class=\"wp-block-image size-full has-text-align-center\"><img decoding=\"async\" src=\"https:\/\/www.everbridge.com\/wp-content\/uploads\/2023\/03\/Sanofi-2022.svg\" alt=\"Sanofi 2022\" class=\"wp-image-94025\"\/><\/figure>\n\n\n\n<figure class=\"wp-block-image size-full has-text-align-center\"><img decoding=\"async\" src=\"https:\/\/www.everbridge.com\/wp-content\/uploads\/2023\/03\/siemens-logo-default.svg\" alt=\"Logotipo predeterminado de Siemens\" class=\"wp-image-94023\"\/><\/figure>\n\n\n\n<figure class=\"wp-block-image size-full has-text-align-center\"><img decoding=\"async\" src=\"https:\/\/www.everbridge.com\/wp-content\/uploads\/2023\/03\/takeda_logo.svg\" alt=\"Logotipo de Takeda\" class=\"wp-image-94024\"\/><\/figure>\n<\/div>\n<\/div>\n<\/div>\n\n\n\n<style> form {--clr-primary-300: hsl(227, 89%, 58%);--clr-primary-400: hsl(228, 81%, 42%);--clr-neutral-100: hsl(0, 0%, 100%);--clr-neutral-700: hsl(201, 19%, 33%);--clr-neutral-900: hsl(0, 0%, 0%);--clr-accent-6: hsl(354, 75%, 40%);--size-300: 0.75rem;--size-400: 1rem;--size-500: 1.5rem;--size-600: 2rem;--fw-medium: 500;--three-spaces: '\\00a0\\00a0\\00a0';}.everbridge-form.mktoForm {visibility: hidden;}.everbridge-form.mktoForm[data-styles-ready='true'] {visibility: visible;}.everbridge-form.mktoForm .mktoFormRow[data-wrapper-for] {display: grid;grid-template-columns: repeat(2, minmax(min-content, 400px));gap: 2.5rem;margin-block: 1rem;}.everbridge-form.mktoForm .mktoFieldDescriptor.mktoFormCol {width: revert;}:is(.mktoFormRow[data-wrapper-for='Form_Comments__c'], .mktoFormRow[data-wrapper-for='SurveyQuestion1'], .mktoFormRow[data-wrapper-for='cASLOptInCheck'], .mktoFormRow[data-wrapper-for='gDPROptIn']) .mktoFormCol {grid-column: 1\/-1;}.everbridge-form.mktoForm .mktoButtonRow {margin-top: 2rem;}.everbridge-form.mktoForm .mktoRequiredField .mktoAsterix, .everbridge-form.mktoForm .mktoGutter, .everbridge-form.mktoForm .mktoLabel {display: none !important;}#LblcASLOptInCheck, #LblgDPROptIn {display: block !important;color: var(--clr-neutral-700);font-size: var(--size-300);}.everbridge-form.mktoForm label {font-weight: var(--fw-medium) !important;}.everbridge-form.mktoForm label em {font-style: inherit;}:is(.mktoFormRow[data-wrapper-for='cASLOptInCheck'], .mktoFormRow[data-wrapper-for='gDPROptIn']) .mktoFieldWrap {display: flex;flex-direction: row-reverse;gap: 0.5rem;}.everbridge-form.mktoForm .mktoFieldDescriptor.mktoFormCol .mktoFieldWrap .mktoCheckboxList input {position: revert;}.everbridge-form.mktoForm input[type='url'], .everbridge-form.mktoForm input[type='text'], .everbridge-form.mktoForm input[type='date'], .everbridge-form.mktoForm input[type='tel'], .everbridge-form.mktoForm input[type='email'], .everbridge-form.mktoForm input[type='number'], .everbridge-form.mktoForm textarea.mktoField, .everbridge-form.mktoForm select.mktoField {width: 100% !important;line-height: 2.8125rem;box-sizing: border-box;font-family: Inter, sans-serif;border: 1px solid #1e1e1e;font-size: 1rem !important;padding: 0 0 0 0.5rem;background: transparent;}.mktoRequired::after {content: '\\0000a0*';}.everbridge-form.mktoForm select {-webkit-appearance: none;border-radius: 0px;-moz-appearance: none;height: 2.75rem;}.everbridge-form.mktoForm ::placeholder, .everbridge-form.mktoForm select:invalid, .everbridge-form.mktoForm select option[value=''] {color: var(--clr-neutral-900);opacity: 1;}.everbridge-form.mktoForm option:not(:first-of-type) {color: var(--clr-neutral-900);}.everbridge-form.mktoForm .mktoButtonRow .mktoButtonWrap button.mktoButton {background: var(--clr-primary-400);background-image: none;border: none;border-radius: 2px;font-size: 1rem;font-weight: var(--fw-medium);color: var(--clr-neutral-100);line-height: 1.25;padding: 1.125rem 1.25rem !important;margin: 0;text-transform: none;}.everbridge-form.mktoForm .mktoButtonRow .mktoButtonWrap button.mktoButton::after {content: var(--three-spaces) '\\002192';}.everbridge-form.mktoForm .mktoButtonRow .mktoButtonWrap button.mktoButton:is(:hover, :focus) {background-color: var(--clr-primary-300);border: none;transition: all 0.3s ease-out;}.everbridge-form.mktoForm .mktoError {position: absolute;z-index: 99;right: inherit !important;bottom: inherit !important;margin-top: -8px !important;}.everbridge-form.mktoForm .mktoError .mktoErrorArrow {background-color: var(--clr-accent-6);border-right: none;border-bottom: none;display: inline-block;height: var(--size-400);-webkit-transform: rotate(45deg);-moz-transform: rotate(45deg);transform: rotate(45deg);-ms-transform: rotate(45deg);width: var(--size-400);margin-top: 3px;}.everbridge-form.mktoForm .mktoError .mktoErrorMsg {display: block;margin-top: 8px;background-color: var(--clr-accent-6);font-size: var(--size-300);font-weight: var(--fw-medium);color: var(--clr-neutral-100);max-width: 16em;padding: 0.4em 0.6em;}.everbridge-form.mktoForm .mktoError .mktoErrorArrowWrap {width: var(--size-400);height: 8px;overflow: hidden;position: absolute;top: 0;left: 10px;z-index: 100;}.everbridge-form.mktoForm .mktoFormRow .mktoFormCol:nth-child(2) {padding: 0;}@media only screen and (max-width: 35em) {.everbridge-form.mktoForm .mktoFormRow[data-wrapper-for] {grid-template-columns: 1fr;gap: 1rem;}}<\/style>\n\n<script type=\"text\/javascript\" id=\"\">function destyleMktoForm(b,c){var a=getSelection.call.bind([].slice),e=a(b.querySelectorAll(\"[style]\")).concat(b);e.forEach(function(d){d.removeAttribute(\"style\")});a=a(document.styleSheets);a.forEach(function(d){if(-1!=[mktoForms2BaseStyle,mktoForms2ThemeStyle].indexOf(d.ownerNode)||b.contains(d.ownerNode))d.disabled=!0});c||(b.setAttribute(\"data-styles-ready\",\"true\"),console.log(\"Marketo form styles ready at: \"+performance.now()))}\nMktoForms2.whenRendered(function(b){b=b.getFormElem()[0];destyleMktoForm(b);Array.from(document.querySelectorAll(\".mktoAsterix, .mktoOffset, .mktoGutter, .mktoClear\")).forEach(function(c){c.remove()});[\"#Country\",\"#Industry\"].forEach(function(c){var a=document.querySelector(c+\" option:first-child\");a&&(a.setAttribute(\"selected\",\"\"),a.setAttribute(\"disabled\",\"\"),a.setAttribute(\"hidden\",\"\"),0===a.text.indexOf(\"Select\")&&(a.text=c.substr(1)+\"*\"))});b=Array.from(b.querySelectorAll(\".mktoFormRow\"));b.forEach(function(c){var a=\nc.querySelector(\".mktoField\");a&&\"hidden\"!==a.getAttribute(\"type\")&&c.setAttribute(\"data-wrapper-for\",a.getAttribute(\"name\"))})});<\/script>\n","protected":false},"excerpt":{"rendered":"<p>Solicite una demostraci\u00f3n Potencie la resiliencia. Vea lo que Everbridge puede hacer por usted. Su informaci\u00f3n Plan de acci\u00f3n Recibiremos\u2026 <\/p>\n","protected":false},"author":1,"featured_media":79953,"parent":0,"menu_order":0,"comment_status":"closed","ping_status":"closed","template":"templates\/campaign.php","meta":{"_trash_the_other_posts":false,"_hide_footer":false,"resource_type":[],"editor_notices":[],"footnotes":"","page_schemas":[]},"coauthors":[],"class_list":["post-92104","page","type-page","status-publish","has-post-thumbnail","hentry"],"yoast_primary_category":null,"featured_image_src":"https:\/\/www.everbridge.com\/es\/wp-content\/uploads\/sites\/5\/2022\/01\/thumbnail_image002.png","yoast_head":"<!-- This site is optimized with the Yoast SEO plugin v27.2 - https:\/\/yoast.com\/product\/yoast-seo-wordpress\/ -->\n<title>Demo - Everbridge - Espanol<\/title>\n<meta name=\"description\" content=\"Hable con el equipo de expertos de Everbridge para averiguar c\u00f3mo la resiliencia operativa puede proteger tanto sus activos como a su personal.\" \/>\n<meta name=\"robots\" content=\"index, follow, max-snippet:-1, max-image-preview:large, max-video-preview:-1\" \/>\n<link rel=\"canonical\" href=\"https:\/\/www.everbridge.com\/es\/demo\/\" \/>\n<meta property=\"og:locale\" content=\"en_US\" \/>\n<meta property=\"og:type\" content=\"article\" \/>\n<meta property=\"og:title\" content=\"Demo - Everbridge - Espanol\" \/>\n<meta property=\"og:description\" content=\"Hable con el equipo de expertos de Everbridge para averiguar c\u00f3mo la resiliencia operativa puede proteger tanto sus activos como a su personal.\" \/>\n<meta property=\"og:url\" content=\"https:\/\/www.everbridge.com\/es\/demo\/\" \/>\n<meta property=\"og:site_name\" content=\"Everbridge - Espanol\" \/>\n<meta property=\"article:modified_time\" content=\"2025-03-31T12:59:29+00:00\" \/>\n<meta property=\"og:image\" content=\"https:\/\/www.everbridge.com\/es\/wp-content\/uploads\/sites\/5\/2022\/01\/thumbnail_image002.png\" \/>\n\t<meta property=\"og:image:width\" content=\"649\" \/>\n\t<meta property=\"og:image:height\" content=\"236\" \/>\n\t<meta property=\"og:image:type\" content=\"image\/png\" \/>\n<meta name=\"twitter:card\" content=\"summary_large_image\" \/>\n<meta name=\"twitter:label1\" content=\"Est. reading time\" \/>\n\t<meta name=\"twitter:data1\" content=\"3 minutes\" \/>\n<script type=\"application\/ld+json\" class=\"yoast-schema-graph\">{\"@context\":\"https:\/\/schema.org\",\"@graph\":[{\"@type\":\"WebPage\",\"@id\":\"https:\/\/www.everbridge.com\/es\/demo\/\",\"url\":\"https:\/\/www.everbridge.com\/es\/demo\/\",\"name\":\"Demo - Everbridge - Espanol\",\"isPartOf\":{\"@id\":\"https:\/\/www.everbridge.com\/es\/#website\"},\"primaryImageOfPage\":{\"@id\":\"https:\/\/www.everbridge.com\/es\/demo\/#primaryimage\"},\"image\":{\"@id\":\"https:\/\/www.everbridge.com\/es\/demo\/#primaryimage\"},\"thumbnailUrl\":\"https:\/\/www.everbridge.com\/es\/wp-content\/uploads\/sites\/5\/2022\/01\/thumbnail_image002.png\",\"datePublished\":\"2023-12-13T17:56:47+00:00\",\"dateModified\":\"2025-03-31T12:59:29+00:00\",\"description\":\"Hable con el equipo de expertos de Everbridge para averiguar c\u00f3mo la resiliencia operativa puede proteger tanto sus activos como a su personal.\",\"breadcrumb\":{\"@id\":\"https:\/\/www.everbridge.com\/es\/demo\/#breadcrumb\"},\"inLanguage\":\"en-US\",\"potentialAction\":[{\"@type\":\"ReadAction\",\"target\":[\"https:\/\/www.everbridge.com\/es\/demo\/\"]}]},{\"@type\":\"ImageObject\",\"inLanguage\":\"en-US\",\"@id\":\"https:\/\/www.everbridge.com\/es\/demo\/#primaryimage\",\"url\":\"https:\/\/www.everbridge.com\/es\/wp-content\/uploads\/sites\/5\/2022\/01\/thumbnail_image002.png\",\"contentUrl\":\"https:\/\/www.everbridge.com\/es\/wp-content\/uploads\/sites\/5\/2022\/01\/thumbnail_image002.png\",\"width\":649,\"height\":236,\"caption\":\"Thumbnail Image002\"},{\"@type\":\"BreadcrumbList\",\"@id\":\"https:\/\/www.everbridge.com\/es\/demo\/#breadcrumb\",\"itemListElement\":[{\"@type\":\"ListItem\",\"position\":1,\"name\":\"Home\",\"item\":\"https:\/\/www.everbridge.com\/es\/\"},{\"@type\":\"ListItem\",\"position\":2,\"name\":\"Demo\"}]},{\"@type\":\"WebSite\",\"@id\":\"https:\/\/www.everbridge.com\/es\/#website\",\"url\":\"https:\/\/www.everbridge.com\/es\/\",\"name\":\"Everbridge - Espanol\",\"description\":\"Just another www.everbridge.com site\",\"publisher\":{\"@id\":\"https:\/\/www.everbridge.com\/es\/#organization\"},\"potentialAction\":[{\"@type\":\"SearchAction\",\"target\":{\"@type\":\"EntryPoint\",\"urlTemplate\":\"https:\/\/www.everbridge.com\/es\/?s={search_term_string}\"},\"query-input\":{\"@type\":\"PropertyValueSpecification\",\"valueRequired\":true,\"valueName\":\"search_term_string\"}}],\"inLanguage\":\"en-US\"},{\"@type\":\"Organization\",\"@id\":\"https:\/\/www.everbridge.com\/es\/#organization\",\"name\":\"Everbridge - Espanol\",\"url\":\"https:\/\/www.everbridge.com\/es\/\",\"logo\":{\"@type\":\"ImageObject\",\"inLanguage\":\"en-US\",\"@id\":\"https:\/\/www.everbridge.com\/es\/#\/schema\/logo\/image\/\",\"url\":\"https:\/\/www.everbridge.com\/es\/wp-content\/uploads\/sites\/5\/2023\/03\/EVBG-Logo-Full-Color-RGB.svg\",\"contentUrl\":\"https:\/\/www.everbridge.com\/es\/wp-content\/uploads\/sites\/5\/2023\/03\/EVBG-Logo-Full-Color-RGB.svg\",\"width\":1568,\"height\":310,\"caption\":\"Everbridge - Espanol\"},\"image\":{\"@id\":\"https:\/\/www.everbridge.com\/es\/#\/schema\/logo\/image\/\"}}]}<\/script>\n<!-- \/ Yoast SEO plugin. -->","yoast_head_json":{"title":"Demo - Everbridge - Espanol","description":"Hable con el equipo de expertos de Everbridge para averiguar c\u00f3mo la resiliencia operativa puede proteger tanto sus activos como a su personal.","robots":{"index":"index","follow":"follow","max-snippet":"max-snippet:-1","max-image-preview":"max-image-preview:large","max-video-preview":"max-video-preview:-1"},"canonical":"https:\/\/www.everbridge.com\/es\/demo\/","og_locale":"en_US","og_type":"article","og_title":"Demo - Everbridge - Espanol","og_description":"Hable con el equipo de expertos de Everbridge para averiguar c\u00f3mo la resiliencia operativa puede proteger tanto sus activos como a su personal.","og_url":"https:\/\/www.everbridge.com\/es\/demo\/","og_site_name":"Everbridge - Espanol","article_modified_time":"2025-03-31T12:59:29+00:00","og_image":[{"width":649,"height":236,"url":"https:\/\/www.everbridge.com\/es\/wp-content\/uploads\/sites\/5\/2022\/01\/thumbnail_image002.png","type":"image\/png"}],"twitter_card":"summary_large_image","twitter_misc":{"Est. reading time":"3 minutes"},"schema":{"@context":"https:\/\/schema.org","@graph":[{"@type":"WebPage","@id":"https:\/\/www.everbridge.com\/es\/demo\/","url":"https:\/\/www.everbridge.com\/es\/demo\/","name":"Demo - Everbridge - Espanol","isPartOf":{"@id":"https:\/\/www.everbridge.com\/es\/#website"},"primaryImageOfPage":{"@id":"https:\/\/www.everbridge.com\/es\/demo\/#primaryimage"},"image":{"@id":"https:\/\/www.everbridge.com\/es\/demo\/#primaryimage"},"thumbnailUrl":"https:\/\/www.everbridge.com\/es\/wp-content\/uploads\/sites\/5\/2022\/01\/thumbnail_image002.png","datePublished":"2023-12-13T17:56:47+00:00","dateModified":"2025-03-31T12:59:29+00:00","description":"Hable con el equipo de expertos de Everbridge para averiguar c\u00f3mo la resiliencia operativa puede proteger tanto sus activos como a su personal.","breadcrumb":{"@id":"https:\/\/www.everbridge.com\/es\/demo\/#breadcrumb"},"inLanguage":"en-US","potentialAction":[{"@type":"ReadAction","target":["https:\/\/www.everbridge.com\/es\/demo\/"]}]},{"@type":"ImageObject","inLanguage":"en-US","@id":"https:\/\/www.everbridge.com\/es\/demo\/#primaryimage","url":"https:\/\/www.everbridge.com\/es\/wp-content\/uploads\/sites\/5\/2022\/01\/thumbnail_image002.png","contentUrl":"https:\/\/www.everbridge.com\/es\/wp-content\/uploads\/sites\/5\/2022\/01\/thumbnail_image002.png","width":649,"height":236,"caption":"Thumbnail Image002"},{"@type":"BreadcrumbList","@id":"https:\/\/www.everbridge.com\/es\/demo\/#breadcrumb","itemListElement":[{"@type":"ListItem","position":1,"name":"Home","item":"https:\/\/www.everbridge.com\/es\/"},{"@type":"ListItem","position":2,"name":"Demo"}]},{"@type":"WebSite","@id":"https:\/\/www.everbridge.com\/es\/#website","url":"https:\/\/www.everbridge.com\/es\/","name":"Everbridge - Espanol","description":"Just another www.everbridge.com site","publisher":{"@id":"https:\/\/www.everbridge.com\/es\/#organization"},"potentialAction":[{"@type":"SearchAction","target":{"@type":"EntryPoint","urlTemplate":"https:\/\/www.everbridge.com\/es\/?s={search_term_string}"},"query-input":{"@type":"PropertyValueSpecification","valueRequired":true,"valueName":"search_term_string"}}],"inLanguage":"en-US"},{"@type":"Organization","@id":"https:\/\/www.everbridge.com\/es\/#organization","name":"Everbridge - Espanol","url":"https:\/\/www.everbridge.com\/es\/","logo":{"@type":"ImageObject","inLanguage":"en-US","@id":"https:\/\/www.everbridge.com\/es\/#\/schema\/logo\/image\/","url":"https:\/\/www.everbridge.com\/es\/wp-content\/uploads\/sites\/5\/2023\/03\/EVBG-Logo-Full-Color-RGB.svg","contentUrl":"https:\/\/www.everbridge.com\/es\/wp-content\/uploads\/sites\/5\/2023\/03\/EVBG-Logo-Full-Color-RGB.svg","width":1568,"height":310,"caption":"Everbridge - Espanol"},"image":{"@id":"https:\/\/www.everbridge.com\/es\/#\/schema\/logo\/image\/"}}]}},"get_extra_meta_fields":{"date_format":"F j, Y","is_summary":false,"description":"Solicite una demostraci\u00f3n Potencie la resiliencia. Vea lo que Everbridge puede hacer por usted. Su informaci\u00f3n Plan de acci\u00f3n Recibiremos\u2026 ","external_url":"https:\/\/www.everbridge.com\/es\/demo\/","link_text":"Read more"},"get_external_url":"https:\/\/www.everbridge.com\/es\/demo\/","get_external_title":"Read more","get_term_title":{"author":""},"_links":{"self":[{"href":"https:\/\/www.everbridge.com\/es\/wp-json\/wp\/v2\/pages\/92104","targetHints":{"allow":["GET"]}}],"collection":[{"href":"https:\/\/www.everbridge.com\/es\/wp-json\/wp\/v2\/pages"}],"about":[{"href":"https:\/\/www.everbridge.com\/es\/wp-json\/wp\/v2\/types\/page"}],"author":[{"embeddable":true,"href":"https:\/\/www.everbridge.com\/es\/wp-json\/wp\/v2\/users\/1"}],"replies":[{"embeddable":true,"href":"https:\/\/www.everbridge.com\/es\/wp-json\/wp\/v2\/comments?post=92104"}],"version-history":[{"count":0,"href":"https:\/\/www.everbridge.com\/es\/wp-json\/wp\/v2\/pages\/92104\/revisions"}],"wp:featuredmedia":[{"embeddable":true,"href":"https:\/\/www.everbridge.com\/es\/wp-json\/wp\/v2\/media\/79953"}],"wp:attachment":[{"href":"https:\/\/www.everbridge.com\/es\/wp-json\/wp\/v2\/media?parent=92104"}],"wp:term":[{"taxonomy":"author","embeddable":true,"href":"https:\/\/www.everbridge.com\/es\/wp-json\/wp\/v2\/coauthors?post=92104"}],"curies":[{"name":"wp","href":"https:\/\/api.w.org\/{rel}","templated":true}]}}