{"id":88396,"date":"2022-08-09T16:24:26","date_gmt":"2022-08-09T16:24:26","guid":{"rendered":"https:\/\/www.everbridge.com\/?page_id=88396"},"modified":"2022-08-09T16:24:26","modified_gmt":"2022-08-09T16:24:26","slug":"customers","status":"publish","type":"page","link":"https:\/\/www.everbridge.com\/fr\/customers\/","title":{"rendered":"customers"},"content":{"rendered":"","protected":false},"excerpt":{"rendered":"","protected":false},"author":1,"featured_media":0,"parent":0,"menu_order":0,"comment_status":"closed","ping_status":"closed","template":"","meta":{"_trash_the_other_posts":false,"_hide_footer":false,"resource_type":[],"editor_notices":[],"footnotes":"","page_schemas":[]},"coauthors":[],"class_list":["post-88396","page","type-page","status-publish","hentry"],"yoast_primary_category":null,"featured_image_src":null,"yoast_head":"<!-- This site is optimized with the Yoast SEO plugin v27.2 - https:\/\/yoast.com\/product\/yoast-seo-wordpress\/ -->\n<title>customers - Everbridge - Francais<\/title>\n<meta name=\"robots\" content=\"index, follow, max-snippet:-1, max-image-preview:large, max-video-preview:-1\" \/>\n<link rel=\"canonical\" href=\"https:\/\/www.everbridge.com\/fr\/customers\/\" \/>\n<meta property=\"og:locale\" content=\"fr_FR\" \/>\n<meta property=\"og:type\" content=\"article\" \/>\n<meta property=\"og:title\" content=\"customers - Everbridge - Francais\" \/>\n<meta property=\"og:url\" content=\"https:\/\/www.everbridge.com\/fr\/customers\/\" \/>\n<meta property=\"og:site_name\" content=\"Everbridge - Francais\" \/>\n<meta name=\"twitter:card\" content=\"summary_large_image\" \/>\n<script type=\"application\/ld+json\" class=\"yoast-schema-graph\">{\"@context\":\"https:\/\/schema.org\",\"@graph\":[{\"@type\":\"WebPage\",\"@id\":\"https:\/\/www.everbridge.com\/fr\/customers\/\",\"url\":\"https:\/\/www.everbridge.com\/fr\/customers\/\",\"name\":\"customers - Everbridge - Francais\",\"isPartOf\":{\"@id\":\"https:\/\/www.everbridge.com\/fr\/#website\"},\"datePublished\":\"2022-08-09T16:24:26+00:00\",\"breadcrumb\":{\"@id\":\"https:\/\/www.everbridge.com\/fr\/customers\/#breadcrumb\"},\"inLanguage\":\"fr-FR\",\"potentialAction\":[{\"@type\":\"ReadAction\",\"target\":[\"https:\/\/www.everbridge.com\/fr\/customers\/\"]}]},{\"@type\":\"BreadcrumbList\",\"@id\":\"https:\/\/www.everbridge.com\/fr\/customers\/#breadcrumb\",\"itemListElement\":[{\"@type\":\"ListItem\",\"position\":1,\"name\":\"Home\",\"item\":\"https:\/\/www.everbridge.com\/fr\/\"},{\"@type\":\"ListItem\",\"position\":2,\"name\":\"customers\"}]},{\"@type\":\"WebSite\",\"@id\":\"https:\/\/www.everbridge.com\/fr\/#website\",\"url\":\"https:\/\/www.everbridge.com\/fr\/\",\"name\":\"Everbridge - Francais\",\"description\":\"assurez la s\u00e9curit\u00e9 de vos employ\u00e9s et la continuit\u00e9 de vos activit\u00e9s\",\"publisher\":{\"@id\":\"https:\/\/www.everbridge.com\/fr\/#organization\"},\"potentialAction\":[{\"@type\":\"SearchAction\",\"target\":{\"@type\":\"EntryPoint\",\"urlTemplate\":\"https:\/\/www.everbridge.com\/fr\/?s={search_term_string}\"},\"query-input\":{\"@type\":\"PropertyValueSpecification\",\"valueRequired\":true,\"valueName\":\"search_term_string\"}}],\"inLanguage\":\"fr-FR\"},{\"@type\":\"Organization\",\"@id\":\"https:\/\/www.everbridge.com\/fr\/#organization\",\"name\":\"Everbridge - Francais\",\"url\":\"https:\/\/www.everbridge.com\/fr\/\",\"logo\":{\"@type\":\"ImageObject\",\"inLanguage\":\"fr-FR\",\"@id\":\"https:\/\/www.everbridge.com\/fr\/#\/schema\/logo\/image\/\",\"url\":\"https:\/\/www.everbridge.com\/fr\/wp-content\/uploads\/sites\/6\/2023\/03\/EVBG-Logo-Full-Color-RGB.svg\",\"contentUrl\":\"https:\/\/www.everbridge.com\/fr\/wp-content\/uploads\/sites\/6\/2023\/03\/EVBG-Logo-Full-Color-RGB.svg\",\"width\":1568,\"height\":310,\"caption\":\"Everbridge - Francais\"},\"image\":{\"@id\":\"https:\/\/www.everbridge.com\/fr\/#\/schema\/logo\/image\/\"}}]}<\/script>\n<!-- \/ Yoast SEO plugin. -->","yoast_head_json":{"title":"customers - Everbridge - Francais","robots":{"index":"index","follow":"follow","max-snippet":"max-snippet:-1","max-image-preview":"max-image-preview:large","max-video-preview":"max-video-preview:-1"},"canonical":"https:\/\/www.everbridge.com\/fr\/customers\/","og_locale":"fr_FR","og_type":"article","og_title":"customers - Everbridge - Francais","og_url":"https:\/\/www.everbridge.com\/fr\/customers\/","og_site_name":"Everbridge - Francais","twitter_card":"summary_large_image","schema":{"@context":"https:\/\/schema.org","@graph":[{"@type":"WebPage","@id":"https:\/\/www.everbridge.com\/fr\/customers\/","url":"https:\/\/www.everbridge.com\/fr\/customers\/","name":"customers - Everbridge - Francais","isPartOf":{"@id":"https:\/\/www.everbridge.com\/fr\/#website"},"datePublished":"2022-08-09T16:24:26+00:00","breadcrumb":{"@id":"https:\/\/www.everbridge.com\/fr\/customers\/#breadcrumb"},"inLanguage":"fr-FR","potentialAction":[{"@type":"ReadAction","target":["https:\/\/www.everbridge.com\/fr\/customers\/"]}]},{"@type":"BreadcrumbList","@id":"https:\/\/www.everbridge.com\/fr\/customers\/#breadcrumb","itemListElement":[{"@type":"ListItem","position":1,"name":"Home","item":"https:\/\/www.everbridge.com\/fr\/"},{"@type":"ListItem","position":2,"name":"customers"}]},{"@type":"WebSite","@id":"https:\/\/www.everbridge.com\/fr\/#website","url":"https:\/\/www.everbridge.com\/fr\/","name":"Everbridge - Francais","description":"assurez la s\u00e9curit\u00e9 de vos employ\u00e9s et la continuit\u00e9 de vos activit\u00e9s","publisher":{"@id":"https:\/\/www.everbridge.com\/fr\/#organization"},"potentialAction":[{"@type":"SearchAction","target":{"@type":"EntryPoint","urlTemplate":"https:\/\/www.everbridge.com\/fr\/?s={search_term_string}"},"query-input":{"@type":"PropertyValueSpecification","valueRequired":true,"valueName":"search_term_string"}}],"inLanguage":"fr-FR"},{"@type":"Organization","@id":"https:\/\/www.everbridge.com\/fr\/#organization","name":"Everbridge - Francais","url":"https:\/\/www.everbridge.com\/fr\/","logo":{"@type":"ImageObject","inLanguage":"fr-FR","@id":"https:\/\/www.everbridge.com\/fr\/#\/schema\/logo\/image\/","url":"https:\/\/www.everbridge.com\/fr\/wp-content\/uploads\/sites\/6\/2023\/03\/EVBG-Logo-Full-Color-RGB.svg","contentUrl":"https:\/\/www.everbridge.com\/fr\/wp-content\/uploads\/sites\/6\/2023\/03\/EVBG-Logo-Full-Color-RGB.svg","width":1568,"height":310,"caption":"Everbridge - Francais"},"image":{"@id":"https:\/\/www.everbridge.com\/fr\/#\/schema\/logo\/image\/"}}]}},"get_extra_meta_fields":{"date_format":"F j, Y","is_summary":false,"description":"","external_url":"https:\/\/www.everbridge.com\/fr\/customers\/","link_text":"Read more"},"get_external_url":"https:\/\/www.everbridge.com\/fr\/customers\/","get_external_title":"Read more","get_term_title":{"author":""},"_links":{"self":[{"href":"https:\/\/www.everbridge.com\/fr\/wp-json\/wp\/v2\/pages\/88396","targetHints":{"allow":["GET"]}}],"collection":[{"href":"https:\/\/www.everbridge.com\/fr\/wp-json\/wp\/v2\/pages"}],"about":[{"href":"https:\/\/www.everbridge.com\/fr\/wp-json\/wp\/v2\/types\/page"}],"author":[{"embeddable":true,"href":"https:\/\/www.everbridge.com\/fr\/wp-json\/wp\/v2\/users\/1"}],"replies":[{"embeddable":true,"href":"https:\/\/www.everbridge.com\/fr\/wp-json\/wp\/v2\/comments?post=88396"}],"version-history":[{"count":0,"href":"https:\/\/www.everbridge.com\/fr\/wp-json\/wp\/v2\/pages\/88396\/revisions"}],"wp:attachment":[{"href":"https:\/\/www.everbridge.com\/fr\/wp-json\/wp\/v2\/media?parent=88396"}],"wp:term":[{"taxonomy":"author","embeddable":true,"href":"https:\/\/www.everbridge.com\/fr\/wp-json\/wp\/v2\/coauthors?post=88396"}],"curies":[{"name":"wp","href":"https:\/\/api.w.org\/{rel}","templated":true}]}}