{"id":88398,"date":"2022-08-09T16:26:19","date_gmt":"2022-08-09T16:26:19","guid":{"rendered":"https:\/\/www.everbridge.com\/?page_id=88398"},"modified":"2024-07-15T16:10:47","modified_gmt":"2024-07-15T16:10:47","slug":"about","status":"publish","type":"page","link":"https:\/\/www.everbridge.com\/fr\/about\/","title":{"rendered":"About Everbridge"},"content":{"rendered":"<div class=\"wp-block-tenup-hero-inside\">\n\t<div class=\"hero-inside-block\">\n\t\t<div class=\"hero-inside-container\">\n\t\t\t\n\n<div class=\"wp-block-columns is-layout-flex wp-container-core-columns-is-layout-9d6595d7 wp-block-columns-is-layout-flex\">\n<div class=\"wp-block-column hero-inside-column hero-inside-left is-layout-flow wp-block-column-is-layout-flow\" style=\"flex-basis:40%\">\n<h3 class=\"wp-block-heading hero-sub-title\" id=\"h-keeping-people-safe-and-businesses-running-faster\">KEEPING PEOPLE SAFE AND BUSINESSES RUNNING. FASTER.<\/h3>\n\n\n\n<h1 class=\"wp-block-heading hero-entry-title\" id=\"h-about\">About<\/h1>\n<\/div>\n\n\n\n<div class=\"wp-block-column hero-inside-column hero-inside-right is-layout-flow wp-block-column-is-layout-flow\" style=\"flex-basis:60%\">\n<figure class=\"wp-block-image size-full hero-image-wrapwp-block-image hero-image-wrap\"><img loading=\"lazy\" decoding=\"async\" src=\"https:\/\/www.everbridge.com\/fr\/wp-content\/uploads\/sites\/6\/2018\/10\/everbridge-office-18.jpg\" alt=\"\" width=\"1000\" height=\"600\"><\/figure>\n<\/div>\n<\/div>\n\n\t\t<\/div>\n\t<\/div>\n<\/div>\n\n\n\n<div class=\"wp-block-group content-with-urls is-layout-flow wp-block-group-is-layout-flow\">\n<div class=\"wp-block-columns is-layout-flex wp-container-core-columns-is-layout-9d6595d7 wp-block-columns-is-layout-flex\">\n<div class=\"wp-block-column is-layout-flow wp-block-column-is-layout-flow\" style=\"flex-basis:70%\">\n<p class=\"\"><a href=\"https:\/\/www.everbridge.com\/\">Everbridge, Inc.<\/a> is a global software company that provides enterprise-grade software-as-a-service applications that automate and accelerate organizations\u2019 operational response to critical events to Keep People Safe and Organizations Running\u2122. For two decades Everbridge has partnered with customers and grown software and service capabilities to meet their needs. Today, Everbridge provides a single unified platform that allows organizations to manage the full lifecycle of a critical event. Everbridge understands the range of threats faced by organizations and communities and how critical it is to adapt within this volatile global threat landscape. Fostering resilience can also be a competitive advantage. Everbridge specializes in five core resilience solutions to meet these needs: <a href=\"https:\/\/www.everbridge.com\/solutions\/business-operations\/\">Business Operations<\/a>, <a href=\"https:\/\/www.everbridge.com\/solutions\/automate-digital-operations\/\">Digital Operations<\/a>, <a href=\"https:\/\/www.everbridge.com\/solutions\/people-resilience\/\">People Resilience<\/a>, <a href=\"https:\/\/www.everbridge.com\/solutions\/public-safety\/\">Public Safety<\/a>, and <a href=\"https:\/\/www.everbridge.com\/solutions\/smart-security\/\">Smart Security<\/a>. Over 6,200 global customers rely on the company\u2019s Critical Event Management (CEM) platform to quickly and reliable aggregate and assess thread data, locate people at risk and responders able to assist, automate the execution of pre-defined communications processes. <a href=\"https:\/\/www.everbridge.com\/customers\/success-center\/resource\/everbridge-corporate-overview\/\" target=\"_blank\" rel=\"noreferrer noopener\">Click here<\/a> to learn more about Everbridge and follow us on <a href=\"https:\/\/www.linkedin.com\/company\/everbridge\/\" target=\"_blank\" rel=\"noreferrer noopener\">LinkedIn<\/a> and <a href=\"https:\/\/twitter.com\/Everbridge\" target=\"_blank\" rel=\"noreferrer noopener\">Twitter<\/a>.<\/p>\n\n\n\n<div class=\"wp-block-buttons is-layout-flex wp-block-buttons-is-layout-flex\"><\/div>\n<\/div>\n\n\n\n<div class=\"wp-block-column is-layout-flow wp-block-column-is-layout-flow\" style=\"flex-basis:30%\">\n<p class=\"\"><a href=\"https:\/\/www.everbridge.com\/fr\/about\/history\/\">NOTRE HISTOIRE<\/a><\/p>\n\n\n\n<p class=\"\"><a href=\"https:\/\/www.everbridge.com\/fr\/newsroom\/\">NEWSROOM<\/a><\/p>\n\n\n\n<p class=\"\"><a href=\"https:\/\/ir.everbridge.com\/\">INVESTOR RELATIONS<\/a><\/p>\n<\/div>\n<\/div>\n<\/div>\n","protected":false},"excerpt":{"rendered":"<p>Everbridge, Inc. is a global software company that provides enterprise-grade software-as-a-service applications that automate and accelerate organizations\u2019 operational response to\u2026 <\/p>\n","protected":false},"author":1,"featured_media":0,"parent":0,"menu_order":0,"comment_status":"closed","ping_status":"closed","template":"","meta":{"_trash_the_other_posts":false,"_hide_footer":false,"resource_type":[],"editor_notices":[],"footnotes":"","page_schemas":[]},"coauthors":[],"class_list":["post-88398","page","type-page","status-publish","hentry"],"yoast_primary_category":null,"featured_image_src":null,"yoast_head":"<!-- This site is optimized with the Yoast SEO plugin v27.3 - https:\/\/yoast.com\/product\/yoast-seo-wordpress\/ -->\n<title>About Everbridge - Everbridge - Francais<\/title>\n<meta name=\"robots\" content=\"index, follow, max-snippet:-1, max-image-preview:large, max-video-preview:-1\" \/>\n<link rel=\"canonical\" href=\"https:\/\/www.everbridge.com\/fr\/about\/\" \/>\n<meta property=\"og:locale\" content=\"fr_FR\" \/>\n<meta property=\"og:type\" content=\"article\" \/>\n<meta property=\"og:title\" content=\"About Everbridge - Everbridge - Francais\" \/>\n<meta property=\"og:description\" content=\"Everbridge, Inc. is a global software company that provides enterprise-grade software-as-a-service applications that automate and accelerate organizations\u2019 operational response to\u2026\" \/>\n<meta property=\"og:url\" content=\"https:\/\/www.everbridge.com\/fr\/about\/\" \/>\n<meta property=\"og:site_name\" content=\"Everbridge - Francais\" \/>\n<meta property=\"article:modified_time\" content=\"2024-07-15T16:10:47+00:00\" \/>\n<meta property=\"og:image\" content=\"https:\/\/www.everbridge.com\/fr\/wp-content\/uploads\/sites\/6\/2018\/10\/everbridge-office-18.jpg\" \/>\n<meta name=\"twitter:card\" content=\"summary_large_image\" \/>\n<meta name=\"twitter:label1\" content=\"Est. reading time\" \/>\n\t<meta name=\"twitter:data1\" content=\"2 minutes\" \/>\n<script type=\"application\/ld+json\" class=\"yoast-schema-graph\">{\"@context\":\"https:\\\/\\\/schema.org\",\"@graph\":[{\"@type\":\"WebPage\",\"@id\":\"https:\\\/\\\/www.everbridge.com\\\/fr\\\/about\\\/\",\"url\":\"https:\\\/\\\/www.everbridge.com\\\/fr\\\/about\\\/\",\"name\":\"About Everbridge - Everbridge - Francais\",\"isPartOf\":{\"@id\":\"https:\\\/\\\/www.everbridge.com\\\/fr\\\/#website\"},\"primaryImageOfPage\":{\"@id\":\"https:\\\/\\\/www.everbridge.com\\\/fr\\\/about\\\/#primaryimage\"},\"image\":{\"@id\":\"https:\\\/\\\/www.everbridge.com\\\/fr\\\/about\\\/#primaryimage\"},\"thumbnailUrl\":\"https:\\\/\\\/www.everbridge.com\\\/fr\\\/wp-content\\\/uploads\\\/sites\\\/6\\\/2018\\\/10\\\/everbridge-office-18.jpg\",\"datePublished\":\"2022-08-09T16:26:19+00:00\",\"dateModified\":\"2024-07-15T16:10:47+00:00\",\"breadcrumb\":{\"@id\":\"https:\\\/\\\/www.everbridge.com\\\/fr\\\/about\\\/#breadcrumb\"},\"inLanguage\":\"fr-FR\",\"potentialAction\":[{\"@type\":\"ReadAction\",\"target\":[\"https:\\\/\\\/www.everbridge.com\\\/fr\\\/about\\\/\"]}]},{\"@type\":\"ImageObject\",\"inLanguage\":\"fr-FR\",\"@id\":\"https:\\\/\\\/www.everbridge.com\\\/fr\\\/about\\\/#primaryimage\",\"url\":\"https:\\\/\\\/www.everbridge.com\\\/fr\\\/wp-content\\\/uploads\\\/sites\\\/6\\\/2018\\\/10\\\/everbridge-office-18.jpg\",\"contentUrl\":\"https:\\\/\\\/www.everbridge.com\\\/fr\\\/wp-content\\\/uploads\\\/sites\\\/6\\\/2018\\\/10\\\/everbridge-office-18.jpg\",\"width\":1000,\"height\":600},{\"@type\":\"BreadcrumbList\",\"@id\":\"https:\\\/\\\/www.everbridge.com\\\/fr\\\/about\\\/#breadcrumb\",\"itemListElement\":[{\"@type\":\"ListItem\",\"position\":1,\"name\":\"Home\",\"item\":\"https:\\\/\\\/www.everbridge.com\\\/fr\\\/\"},{\"@type\":\"ListItem\",\"position\":2,\"name\":\"About Everbridge\"}]},{\"@type\":\"WebSite\",\"@id\":\"https:\\\/\\\/www.everbridge.com\\\/fr\\\/#website\",\"url\":\"https:\\\/\\\/www.everbridge.com\\\/fr\\\/\",\"name\":\"Everbridge - Francais\",\"description\":\"assurez la s\u00e9curit\u00e9 de vos employ\u00e9s et la continuit\u00e9 de vos activit\u00e9s\",\"publisher\":{\"@id\":\"https:\\\/\\\/www.everbridge.com\\\/fr\\\/#organization\"},\"potentialAction\":[{\"@type\":\"SearchAction\",\"target\":{\"@type\":\"EntryPoint\",\"urlTemplate\":\"https:\\\/\\\/www.everbridge.com\\\/fr\\\/?s={search_term_string}\"},\"query-input\":{\"@type\":\"PropertyValueSpecification\",\"valueRequired\":true,\"valueName\":\"search_term_string\"}}],\"inLanguage\":\"fr-FR\"},{\"@type\":\"Organization\",\"@id\":\"https:\\\/\\\/www.everbridge.com\\\/fr\\\/#organization\",\"name\":\"Everbridge - Francais\",\"url\":\"https:\\\/\\\/www.everbridge.com\\\/fr\\\/\",\"logo\":{\"@type\":\"ImageObject\",\"inLanguage\":\"fr-FR\",\"@id\":\"https:\\\/\\\/www.everbridge.com\\\/fr\\\/#\\\/schema\\\/logo\\\/image\\\/\",\"url\":\"https:\\\/\\\/www.everbridge.com\\\/fr\\\/wp-content\\\/uploads\\\/sites\\\/6\\\/2023\\\/03\\\/EVBG-Logo-Full-Color-RGB.svg\",\"contentUrl\":\"https:\\\/\\\/www.everbridge.com\\\/fr\\\/wp-content\\\/uploads\\\/sites\\\/6\\\/2023\\\/03\\\/EVBG-Logo-Full-Color-RGB.svg\",\"width\":1568,\"height\":310,\"caption\":\"Everbridge - Francais\"},\"image\":{\"@id\":\"https:\\\/\\\/www.everbridge.com\\\/fr\\\/#\\\/schema\\\/logo\\\/image\\\/\"}}]}<\/script>\n<!-- \/ Yoast SEO plugin. -->","yoast_head_json":{"title":"About Everbridge - Everbridge - Francais","robots":{"index":"index","follow":"follow","max-snippet":"max-snippet:-1","max-image-preview":"max-image-preview:large","max-video-preview":"max-video-preview:-1"},"canonical":"https:\/\/www.everbridge.com\/fr\/about\/","og_locale":"fr_FR","og_type":"article","og_title":"About Everbridge - Everbridge - Francais","og_description":"Everbridge, Inc. is a global software company that provides enterprise-grade software-as-a-service applications that automate and accelerate organizations\u2019 operational response to\u2026","og_url":"https:\/\/www.everbridge.com\/fr\/about\/","og_site_name":"Everbridge - Francais","article_modified_time":"2024-07-15T16:10:47+00:00","og_image":[{"url":"https:\/\/www.everbridge.com\/fr\/wp-content\/uploads\/sites\/6\/2018\/10\/everbridge-office-18.jpg","type":"","width":"","height":""}],"twitter_card":"summary_large_image","twitter_misc":{"Est. reading time":"2 minutes"},"schema":{"@context":"https:\/\/schema.org","@graph":[{"@type":"WebPage","@id":"https:\/\/www.everbridge.com\/fr\/about\/","url":"https:\/\/www.everbridge.com\/fr\/about\/","name":"About Everbridge - Everbridge - Francais","isPartOf":{"@id":"https:\/\/www.everbridge.com\/fr\/#website"},"primaryImageOfPage":{"@id":"https:\/\/www.everbridge.com\/fr\/about\/#primaryimage"},"image":{"@id":"https:\/\/www.everbridge.com\/fr\/about\/#primaryimage"},"thumbnailUrl":"https:\/\/www.everbridge.com\/fr\/wp-content\/uploads\/sites\/6\/2018\/10\/everbridge-office-18.jpg","datePublished":"2022-08-09T16:26:19+00:00","dateModified":"2024-07-15T16:10:47+00:00","breadcrumb":{"@id":"https:\/\/www.everbridge.com\/fr\/about\/#breadcrumb"},"inLanguage":"fr-FR","potentialAction":[{"@type":"ReadAction","target":["https:\/\/www.everbridge.com\/fr\/about\/"]}]},{"@type":"ImageObject","inLanguage":"fr-FR","@id":"https:\/\/www.everbridge.com\/fr\/about\/#primaryimage","url":"https:\/\/www.everbridge.com\/fr\/wp-content\/uploads\/sites\/6\/2018\/10\/everbridge-office-18.jpg","contentUrl":"https:\/\/www.everbridge.com\/fr\/wp-content\/uploads\/sites\/6\/2018\/10\/everbridge-office-18.jpg","width":1000,"height":600},{"@type":"BreadcrumbList","@id":"https:\/\/www.everbridge.com\/fr\/about\/#breadcrumb","itemListElement":[{"@type":"ListItem","position":1,"name":"Home","item":"https:\/\/www.everbridge.com\/fr\/"},{"@type":"ListItem","position":2,"name":"About Everbridge"}]},{"@type":"WebSite","@id":"https:\/\/www.everbridge.com\/fr\/#website","url":"https:\/\/www.everbridge.com\/fr\/","name":"Everbridge - Francais","description":"assurez la s\u00e9curit\u00e9 de vos employ\u00e9s et la continuit\u00e9 de vos activit\u00e9s","publisher":{"@id":"https:\/\/www.everbridge.com\/fr\/#organization"},"potentialAction":[{"@type":"SearchAction","target":{"@type":"EntryPoint","urlTemplate":"https:\/\/www.everbridge.com\/fr\/?s={search_term_string}"},"query-input":{"@type":"PropertyValueSpecification","valueRequired":true,"valueName":"search_term_string"}}],"inLanguage":"fr-FR"},{"@type":"Organization","@id":"https:\/\/www.everbridge.com\/fr\/#organization","name":"Everbridge - Francais","url":"https:\/\/www.everbridge.com\/fr\/","logo":{"@type":"ImageObject","inLanguage":"fr-FR","@id":"https:\/\/www.everbridge.com\/fr\/#\/schema\/logo\/image\/","url":"https:\/\/www.everbridge.com\/fr\/wp-content\/uploads\/sites\/6\/2023\/03\/EVBG-Logo-Full-Color-RGB.svg","contentUrl":"https:\/\/www.everbridge.com\/fr\/wp-content\/uploads\/sites\/6\/2023\/03\/EVBG-Logo-Full-Color-RGB.svg","width":1568,"height":310,"caption":"Everbridge - Francais"},"image":{"@id":"https:\/\/www.everbridge.com\/fr\/#\/schema\/logo\/image\/"}}]}},"get_extra_meta_fields":{"date_format":"F j, Y","is_summary":false,"description":"Everbridge, Inc. is a global software company that provides enterprise-grade software-as-a-service applications that automate and accelerate organizations\u2019 operational response to\u2026 ","external_url":"https:\/\/www.everbridge.com\/fr\/about\/","link_text":"Read more"},"get_external_url":"https:\/\/www.everbridge.com\/fr\/about\/","get_external_title":"Read more","get_term_title":{"author":""},"_links":{"self":[{"href":"https:\/\/www.everbridge.com\/fr\/wp-json\/wp\/v2\/pages\/88398","targetHints":{"allow":["GET"]}}],"collection":[{"href":"https:\/\/www.everbridge.com\/fr\/wp-json\/wp\/v2\/pages"}],"about":[{"href":"https:\/\/www.everbridge.com\/fr\/wp-json\/wp\/v2\/types\/page"}],"author":[{"embeddable":true,"href":"https:\/\/www.everbridge.com\/fr\/wp-json\/wp\/v2\/users\/1"}],"replies":[{"embeddable":true,"href":"https:\/\/www.everbridge.com\/fr\/wp-json\/wp\/v2\/comments?post=88398"}],"version-history":[{"count":0,"href":"https:\/\/www.everbridge.com\/fr\/wp-json\/wp\/v2\/pages\/88398\/revisions"}],"wp:attachment":[{"href":"https:\/\/www.everbridge.com\/fr\/wp-json\/wp\/v2\/media?parent=88398"}],"wp:term":[{"taxonomy":"author","embeddable":true,"href":"https:\/\/www.everbridge.com\/fr\/wp-json\/wp\/v2\/coauthors?post=88398"}],"curies":[{"name":"wp","href":"https:\/\/api.w.org\/{rel}","templated":true}]}}