{"id":88592,"date":"2022-08-25T06:01:17","date_gmt":"2022-08-25T06:01:17","guid":{"rendered":"https:\/\/www.everbridge.com\/fr\/?page_id=88592"},"modified":"2024-02-22T15:18:28","modified_gmt":"2024-02-22T15:18:28","slug":"visual-command-center","status":"publish","type":"page","link":"https:\/\/www.everbridge.com\/fr\/products\/visual-command-center\/","title":{"rendered":"Visual Command Center"},"content":{"rendered":"<div class=\"wp-block-tenup-hero-inside\">\n\t<div class=\"hero-inside-block\">\n\t\t<div class=\"hero-inside-container\">\n\t\t\t\n\n<div class=\"wp-block-columns is-layout-flex wp-container-core-columns-is-layout-9d6595d7 wp-block-columns-is-layout-flex\">\n<div class=\"wp-block-column hero-inside-column hero-inside-left is-layout-flow wp-block-column-is-layout-flow\" style=\"flex-basis:40%\">\n<h3 class=\"hero-sub-title wp-block-heading\">VISUALISATION ET CONNAISSANCE DE LA SITUATION POUR LA GESTION D\u2019\u00c9V\u00c8NEMENTS CRITIQUES<\/h3>\n\n\n\n<h1 class=\"hero-entry-title wp-block-heading\">Visual Command Center<\/h1>\n<\/div>\n\n\n\n<div class=\"wp-block-column hero-inside-column hero-inside-right is-layout-flow wp-block-column-is-layout-flow\" style=\"flex-basis:60%\">\n<figure class=\"wp-block-image size-full hero-image-wrapwp-block-image size-full hero-image-wrap\"><img loading=\"lazy\" decoding=\"async\" src=\"https:\/\/www.everbridge.com\/fr\/wp-content\/uploads\/sites\/6\/2022\/08\/collaborating-videowall-PROD_VCC_DI-11.jpeg\" alt=\"\" width=\"1000\" height=\"600\"><\/figure>\n<\/div>\n<\/div>\n\n\t\t<\/div>\n\t<\/div>\n<\/div>\n\n\n\n<div class=\"wp-block-columns mb-3 is-layout-flex wp-container-core-columns-is-layout-9d6595d7 wp-block-columns-is-layout-flex\">\n<div class=\"wp-block-column is-layout-flow wp-block-column-is-layout-flow\">\n<h2 class=\"has-717-b-80-color has-text-color wp-block-heading\">Comment fonctionne Visual Command Center<\/h2>\n\n\n\n<p class=\"has-292-d-2-f-color has-text-color\">En proposant une vue unique, unifi\u00e9e et int\u00e9gr\u00e9e pour g\u00e9rer et r\u00e9pondre aux risques, Visual Command Center met \u00e0 disposition des entreprises une connaissance de la situation et une r\u00e9silience au risque telles qu\u2019elles n\u2019en avaient jamais eues. Gr\u00e2ce \u00e0 un renseignements sur les menaces en temps r\u00e9el, une connaissance de la situation et des r\u00e9ponses et collaborations int\u00e9gr\u00e9es au sein de l\u2019entreprise, les professionnels du risque et de la s\u00e9curit\u00e9 peuvent mieux att\u00e9nuer ou \u00e9liminer l\u2019impact des incidents sur leur organisation. Ces incidents peuvent recouvrir de multiples cas d\u2019usage comme la s\u00e9curit\u00e9 des personnes, la continuit\u00e9 des activit\u00e9s ou la gestion de la cha\u00eene logistique.<\/p>\n\n\n\n<p class=\"has-292-d-2-f-color has-text-color\">Visual Command Center est le moteur de visualisation et d\u2019orchestration de la&nbsp;<a href=\"https:\/\/www.everbridge.com\/fr\/plate-forme\/critical-event-management\/\">plateforme de gestion de crise Everbridge<\/a>&nbsp;qui rationalise les \u00e9tapes \u00c9valuer, Localiser, Agir et Analyser, et permet donc aux organisations de mieux g\u00e9rer le risque d\u2019exploitation.<\/p>\n<\/div>\n<\/div>\n\n\n\n<div class=\"wp-block-columns mb-3 is-layout-flex wp-container-core-columns-is-layout-9d6595d7 wp-block-columns-is-layout-flex\">\n<div class=\"wp-block-column is-layout-flow wp-block-column-is-layout-flow\">\n<div class=\"wp-block-columns mb-2 is-layout-flex wp-container-core-columns-is-layout-9d6595d7 wp-block-columns-is-layout-flex\">\n<div class=\"wp-block-column is-layout-flow wp-block-column-is-layout-flow\">\n<h2 class=\"has-717-b-80-color has-text-color wp-block-heading\">Avantages<\/h2>\n<\/div>\n<\/div>\n\n\n\n<div class=\"wp-block-columns mb-3 is-layout-flex wp-container-core-columns-is-layout-9d6595d7 wp-block-columns-is-layout-flex\">\n<div class=\"wp-block-column is-layout-flow wp-block-column-is-layout-flow\">\n<figure class=\"wp-block-image size-fullwp-block-image size-full\"><img loading=\"lazy\" decoding=\"async\" src=\"https:\/\/www.everbridge.com\/fr\/wp-content\/uploads\/sites\/6\/2022\/08\/common-operating-picture-PROD_VCC_CMC.jpeg\" alt=\"\" class=\"wp-image-88595\"\/ width=\"1000\" height=\"600\" srcset=\"https:\/\/www.everbridge.com\/fr\/wp-content\/uploads\/sites\/6\/2022\/08\/common-operating-picture-PROD_VCC_CMC.jpeg 1000w, https:\/\/www.everbridge.com\/fr\/wp-content\/uploads\/sites\/6\/2022\/08\/common-operating-picture-PROD_VCC_CMC-300x180.jpeg 300w, https:\/\/www.everbridge.com\/fr\/wp-content\/uploads\/sites\/6\/2022\/08\/common-operating-picture-PROD_VCC_CMC-768x461.jpeg 768w\" sizes=\"auto, (max-width: 1000px) 100vw, 1000px\" \/><\/figure>\n\n\n\n<h3 class=\"mb-1 has-292-d-2-f-color has-text-color wp-block-heading\"><strong>Obtenir une vision commune des op\u00e9rations<\/strong><\/h3>\n\n\n\n<p class=\"has-292-d-2-f-color has-text-color\">Visual Command Center vous permet d\u2019int\u00e9grer les donn\u00e9es relatives aux biens et au risque dans une vision d\u2019exploitation commune pour pouvoir identifier rapidement les incidents qui pourraient menacer la s\u00e9curit\u00e9 des personnes ou \u00eatre la cause d\u2019interruptions de l\u2019activit\u00e9.<\/p>\n<\/div>\n\n\n\n<div class=\"wp-block-column is-layout-flow wp-block-column-is-layout-flow\">\n<figure class=\"wp-block-image size-fullwp-block-image size-full\"><img loading=\"lazy\" decoding=\"async\" src=\"https:\/\/www.everbridge.com\/fr\/wp-content\/uploads\/sites\/6\/2022\/08\/situational-awareness-PROD_VCC_CMC.jpeg\" alt=\"\" class=\"wp-image-88596\"\/ width=\"1000\" height=\"600\" srcset=\"https:\/\/www.everbridge.com\/fr\/wp-content\/uploads\/sites\/6\/2022\/08\/situational-awareness-PROD_VCC_CMC.jpeg 1000w, https:\/\/www.everbridge.com\/fr\/wp-content\/uploads\/sites\/6\/2022\/08\/situational-awareness-PROD_VCC_CMC-300x180.jpeg 300w, https:\/\/www.everbridge.com\/fr\/wp-content\/uploads\/sites\/6\/2022\/08\/situational-awareness-PROD_VCC_CMC-768x461.jpeg 768w\" sizes=\"auto, (max-width: 1000px) 100vw, 1000px\" \/><\/figure>\n\n\n\n<h3 class=\"mb-1 has-292-d-2-f-color has-text-color wp-block-heading\"><strong>Parvenir \u00e0 une bonne connaissance de la situation<\/strong><\/h3>\n\n\n\n<p class=\"has-292-d-2-f-color has-text-color\">Obtenir une compr\u00e9hension compl\u00e8te et de terrain des incidents que rencontre l\u2019organisation afin que l\u2019exploitation puisse g\u00e9rer efficacement les d\u00e9fis quotidiens et r\u00e9pondre aux catastrophes lorsqu\u2019elles se produisent.<\/p>\n<\/div>\n\n\n\n<div class=\"wp-block-column is-layout-flow wp-block-column-is-layout-flow\">\n<figure class=\"wp-block-image size-fullwp-block-image size-full\"><img loading=\"lazy\" decoding=\"async\" src=\"https:\/\/www.everbridge.com\/fr\/wp-content\/uploads\/sites\/6\/2022\/08\/coordinated-response-IC-PROD_VCC_CMC.jpeg\" alt=\"\" class=\"wp-image-88597\"\/ width=\"1000\" height=\"600\" srcset=\"https:\/\/www.everbridge.com\/fr\/wp-content\/uploads\/sites\/6\/2022\/08\/coordinated-response-IC-PROD_VCC_CMC.jpeg 1000w, https:\/\/www.everbridge.com\/fr\/wp-content\/uploads\/sites\/6\/2022\/08\/coordinated-response-IC-PROD_VCC_CMC-300x180.jpeg 300w, https:\/\/www.everbridge.com\/fr\/wp-content\/uploads\/sites\/6\/2022\/08\/coordinated-response-IC-PROD_VCC_CMC-768x461.jpeg 768w\" sizes=\"auto, (max-width: 1000px) 100vw, 1000px\" \/><\/figure>\n\n\n\n<h3 class=\"mb-1 has-292-d-2-f-color has-text-color wp-block-heading\"><strong>Piloter une r\u00e9ponse coordonn\u00e9e<\/strong><\/h3>\n\n\n\n<p class=\"has-292-d-2-f-color has-text-color\">Au fil de l\u2019\u00e9volution de la situation, Visual Command Center permet de collaborer et de communiquer avec les parties prenantes cl\u00e9 gr\u00e2ce \u00e0 l\u2019int\u00e9gration avec la communication sur les incidents et la communication de masse.<\/p>\n<\/div>\n<\/div>\n\n\n\n<div class=\"wp-block-columns is-layout-flex wp-container-core-columns-is-layout-9d6595d7 wp-block-columns-is-layout-flex\">\n<div class=\"wp-block-column is-layout-flow wp-block-column-is-layout-flow\">\n<figure class=\"wp-block-image size-fullwp-block-image size-full\"><img loading=\"lazy\" decoding=\"async\" src=\"https:\/\/www.everbridge.com\/fr\/wp-content\/uploads\/sites\/6\/2022\/08\/store-closed-UC_APDO_CMC.jpeg\" alt=\"\" class=\"wp-image-88598\"\/ width=\"1000\" height=\"600\" srcset=\"https:\/\/www.everbridge.com\/fr\/wp-content\/uploads\/sites\/6\/2022\/08\/store-closed-UC_APDO_CMC.jpeg 1000w, https:\/\/www.everbridge.com\/fr\/wp-content\/uploads\/sites\/6\/2022\/08\/store-closed-UC_APDO_CMC-300x180.jpeg 300w, https:\/\/www.everbridge.com\/fr\/wp-content\/uploads\/sites\/6\/2022\/08\/store-closed-UC_APDO_CMC-768x461.jpeg 768w\" sizes=\"auto, (max-width: 1000px) 100vw, 1000px\" \/><\/figure>\n\n\n\n<h3 class=\"mb-1 has-292-d-2-f-color has-text-color wp-block-heading\"><strong>\u00c9viter les co\u00fbts<\/strong><\/h3>\n\n\n\n<p class=\"has-292-d-2-f-color has-text-color\">Gr\u00e2ce \u00e0 une meilleure pr\u00e9paration au risque, les organisations peuvent \u00eatre plus proactives lorsqu\u2019elles font face \u00e0 des menaces.&nbsp; Cela peut leur permettre de limiter ou d\u2019\u00e9viter l\u2019impact.&nbsp; Cela peut aussi permettre d\u2019\u00e9viter des co\u00fbts, comme ceux li\u00e9s \u00e0 des fermetures, des amendes, de l\u2019inventaire perdu ou endommag\u00e9 ou m\u00eame des d\u00e9c\u00e8s.<\/p>\n<\/div>\n\n\n\n<div class=\"wp-block-column is-layout-flow wp-block-column-is-layout-flow\">\n<figure class=\"wp-block-image size-fullwp-block-image size-full\"><img loading=\"lazy\" decoding=\"async\" src=\"https:\/\/www.everbridge.com\/fr\/wp-content\/uploads\/sites\/6\/2022\/08\/work-away-from-fixed-base.jpeg\" alt=\"\" class=\"wp-image-88599\"\/ width=\"1000\" height=\"600\" srcset=\"https:\/\/www.everbridge.com\/fr\/wp-content\/uploads\/sites\/6\/2022\/08\/work-away-from-fixed-base.jpeg 1000w, https:\/\/www.everbridge.com\/fr\/wp-content\/uploads\/sites\/6\/2022\/08\/work-away-from-fixed-base-300x180.jpeg 300w, https:\/\/www.everbridge.com\/fr\/wp-content\/uploads\/sites\/6\/2022\/08\/work-away-from-fixed-base-768x461.jpeg 768w\" sizes=\"auto, (max-width: 1000px) 100vw, 1000px\" \/><\/figure>\n\n\n\n<h3 class=\"mb-1 has-292-d-2-f-color has-text-color wp-block-heading\"><strong>Faire croitre les revenus<\/strong><\/h3>\n\n\n\n<p class=\"has-292-d-2-f-color has-text-color\">En am\u00e9liorant la r\u00e9silience au risque, les organisations peuvent prendre plus de risques pour se lancer sur de nouveaux march\u00e9s ou prendre des parts de march\u00e9 \u00e0 des concurrents qui seraient moins bien pr\u00e9par\u00e9s \u00e0 g\u00e9rer le risque d\u2019exploitation.<\/p>\n<\/div>\n\n\n\n<div class=\"wp-block-column is-layout-flow wp-block-column-is-layout-flow\"><\/div>\n<\/div>\n<\/div>\n<\/div>\n\n\n\n<div class=\"wp-block-columns mb-3 is-layout-flex wp-container-core-columns-is-layout-9d6595d7 wp-block-columns-is-layout-flex\">\n<div class=\"wp-block-column is-layout-flow wp-block-column-is-layout-flow\">\n<div class=\"wp-block-columns mb-2 is-layout-flex wp-container-core-columns-is-layout-9d6595d7 wp-block-columns-is-layout-flex\">\n<div class=\"wp-block-column is-layout-flow wp-block-column-is-layout-flow\">\n<h2 class=\"has-717-b-80-color has-text-color wp-block-heading\">Comment fonctionne Visual Command Center<\/h2>\n<\/div>\n<\/div>\n\n\n\n<div class=\"wp-block-columns is-layout-flex wp-container-core-columns-is-layout-9d6595d7 wp-block-columns-is-layout-flex\">\n<div class=\"wp-block-column is-layout-flow wp-block-column-is-layout-flow\"><p>[acf_shortcode id= \u00bb46859\u2033]<\/p>\n<\/div>\n<\/div>\n<\/div>\n<\/div>\n\n\n\n<div class=\"wp-block-columns mb-3 is-layout-flex wp-container-core-columns-is-layout-9d6595d7 wp-block-columns-is-layout-flex\">\n<div class=\"wp-block-column is-layout-flow wp-block-column-is-layout-flow\">\n<div class=\"wp-block-columns mb-2 is-layout-flex wp-container-core-columns-is-layout-9d6595d7 wp-block-columns-is-layout-flex\">\n<div class=\"wp-block-column is-layout-flow wp-block-column-is-layout-flow\">\n<h2 class=\"has-717-b-80-color has-text-color wp-block-heading\">T\u00e9moignages clients et cas pratiques<\/h2>\n<\/div>\n<\/div>\n<\/div>\n<\/div>\n","protected":false},"excerpt":{"rendered":"<p>Comment fonctionne Visual Command Center En proposant une vue unique, unifi\u00e9e et int\u00e9gr\u00e9e pour g\u00e9rer et r\u00e9pondre aux risques, Visual\u2026 <\/p>\n","protected":false},"author":1,"featured_media":0,"parent":88662,"menu_order":0,"comment_status":"closed","ping_status":"closed","template":"","meta":{"_trash_the_other_posts":false,"_hide_footer":false,"resource_type":[],"editor_notices":[],"footnotes":"","page_schemas":[]},"coauthors":[],"class_list":["post-88592","page","type-page","status-publish","hentry"],"yoast_primary_category":null,"featured_image_src":null,"yoast_head":"<!-- This site is optimized with the Yoast SEO plugin v27.2 - https:\/\/yoast.com\/product\/yoast-seo-wordpress\/ -->\n<title>Visual Command Center - Everbridge - Francais<\/title>\n<meta name=\"robots\" content=\"index, follow, max-snippet:-1, max-image-preview:large, max-video-preview:-1\" \/>\n<link rel=\"canonical\" href=\"https:\/\/www.everbridge.com\/fr\/products\/visual-command-center\/\" \/>\n<meta property=\"og:locale\" content=\"fr_FR\" \/>\n<meta property=\"og:type\" content=\"article\" \/>\n<meta property=\"og:title\" content=\"Visual Command Center - Everbridge - Francais\" \/>\n<meta property=\"og:description\" content=\"Comment fonctionne Visual Command Center En proposant une vue unique, unifi\u00e9e et int\u00e9gr\u00e9e pour g\u00e9rer et r\u00e9pondre aux risques, Visual\u2026\" \/>\n<meta property=\"og:url\" content=\"https:\/\/www.everbridge.com\/fr\/products\/visual-command-center\/\" \/>\n<meta property=\"og:site_name\" content=\"Everbridge - Francais\" \/>\n<meta property=\"article:modified_time\" content=\"2024-02-22T15:18:28+00:00\" \/>\n<meta property=\"og:image\" content=\"https:\/\/www.everbridge.com\/fr\/wp-content\/uploads\/sites\/6\/2022\/08\/collaborating-videowall-PROD_VCC_DI-11.jpeg\" \/>\n<meta name=\"twitter:card\" content=\"summary_large_image\" \/>\n<meta name=\"twitter:label1\" content=\"Est. reading time\" \/>\n\t<meta name=\"twitter:data1\" content=\"3 minutes\" \/>\n<script type=\"application\/ld+json\" class=\"yoast-schema-graph\">{\"@context\":\"https:\/\/schema.org\",\"@graph\":[{\"@type\":\"WebPage\",\"@id\":\"https:\/\/www.everbridge.com\/fr\/products\/visual-command-center\/\",\"url\":\"https:\/\/www.everbridge.com\/fr\/products\/visual-command-center\/\",\"name\":\"Visual Command Center - Everbridge - Francais\",\"isPartOf\":{\"@id\":\"https:\/\/www.everbridge.com\/fr\/#website\"},\"primaryImageOfPage\":{\"@id\":\"https:\/\/www.everbridge.com\/fr\/products\/visual-command-center\/#primaryimage\"},\"image\":{\"@id\":\"https:\/\/www.everbridge.com\/fr\/products\/visual-command-center\/#primaryimage\"},\"thumbnailUrl\":\"https:\/\/www.everbridge.com\/fr\/wp-content\/uploads\/sites\/6\/2022\/08\/collaborating-videowall-PROD_VCC_DI-11.jpeg\",\"datePublished\":\"2022-08-25T06:01:17+00:00\",\"dateModified\":\"2024-02-22T15:18:28+00:00\",\"breadcrumb\":{\"@id\":\"https:\/\/www.everbridge.com\/fr\/products\/visual-command-center\/#breadcrumb\"},\"inLanguage\":\"fr-FR\",\"potentialAction\":[{\"@type\":\"ReadAction\",\"target\":[\"https:\/\/www.everbridge.com\/fr\/products\/visual-command-center\/\"]}]},{\"@type\":\"ImageObject\",\"inLanguage\":\"fr-FR\",\"@id\":\"https:\/\/www.everbridge.com\/fr\/products\/visual-command-center\/#primaryimage\",\"url\":\"https:\/\/www.everbridge.com\/fr\/wp-content\/uploads\/sites\/6\/2022\/08\/collaborating-videowall-PROD_VCC_DI-11.jpeg\",\"contentUrl\":\"https:\/\/www.everbridge.com\/fr\/wp-content\/uploads\/sites\/6\/2022\/08\/collaborating-videowall-PROD_VCC_DI-11.jpeg\",\"width\":1000,\"height\":600},{\"@type\":\"BreadcrumbList\",\"@id\":\"https:\/\/www.everbridge.com\/fr\/products\/visual-command-center\/#breadcrumb\",\"itemListElement\":[{\"@type\":\"ListItem\",\"position\":1,\"name\":\"Home\",\"item\":\"https:\/\/www.everbridge.com\/fr\/\"},{\"@type\":\"ListItem\",\"position\":2,\"name\":\"Products\",\"item\":\"https:\/\/www.everbridge.com\/fr\/products\/\"},{\"@type\":\"ListItem\",\"position\":3,\"name\":\"Visual Command Center\"}]},{\"@type\":\"WebSite\",\"@id\":\"https:\/\/www.everbridge.com\/fr\/#website\",\"url\":\"https:\/\/www.everbridge.com\/fr\/\",\"name\":\"Everbridge - Francais\",\"description\":\"assurez la s\u00e9curit\u00e9 de vos employ\u00e9s et la continuit\u00e9 de vos activit\u00e9s\",\"publisher\":{\"@id\":\"https:\/\/www.everbridge.com\/fr\/#organization\"},\"potentialAction\":[{\"@type\":\"SearchAction\",\"target\":{\"@type\":\"EntryPoint\",\"urlTemplate\":\"https:\/\/www.everbridge.com\/fr\/?s={search_term_string}\"},\"query-input\":{\"@type\":\"PropertyValueSpecification\",\"valueRequired\":true,\"valueName\":\"search_term_string\"}}],\"inLanguage\":\"fr-FR\"},{\"@type\":\"Organization\",\"@id\":\"https:\/\/www.everbridge.com\/fr\/#organization\",\"name\":\"Everbridge - Francais\",\"url\":\"https:\/\/www.everbridge.com\/fr\/\",\"logo\":{\"@type\":\"ImageObject\",\"inLanguage\":\"fr-FR\",\"@id\":\"https:\/\/www.everbridge.com\/fr\/#\/schema\/logo\/image\/\",\"url\":\"https:\/\/www.everbridge.com\/fr\/wp-content\/uploads\/sites\/6\/2023\/03\/EVBG-Logo-Full-Color-RGB.svg\",\"contentUrl\":\"https:\/\/www.everbridge.com\/fr\/wp-content\/uploads\/sites\/6\/2023\/03\/EVBG-Logo-Full-Color-RGB.svg\",\"width\":1568,\"height\":310,\"caption\":\"Everbridge - Francais\"},\"image\":{\"@id\":\"https:\/\/www.everbridge.com\/fr\/#\/schema\/logo\/image\/\"}}]}<\/script>\n<!-- \/ Yoast SEO plugin. -->","yoast_head_json":{"title":"Visual Command Center - Everbridge - Francais","robots":{"index":"index","follow":"follow","max-snippet":"max-snippet:-1","max-image-preview":"max-image-preview:large","max-video-preview":"max-video-preview:-1"},"canonical":"https:\/\/www.everbridge.com\/fr\/products\/visual-command-center\/","og_locale":"fr_FR","og_type":"article","og_title":"Visual Command Center - Everbridge - Francais","og_description":"Comment fonctionne Visual Command Center En proposant une vue unique, unifi\u00e9e et int\u00e9gr\u00e9e pour g\u00e9rer et r\u00e9pondre aux risques, Visual\u2026","og_url":"https:\/\/www.everbridge.com\/fr\/products\/visual-command-center\/","og_site_name":"Everbridge - Francais","article_modified_time":"2024-02-22T15:18:28+00:00","og_image":[{"url":"https:\/\/www.everbridge.com\/fr\/wp-content\/uploads\/sites\/6\/2022\/08\/collaborating-videowall-PROD_VCC_DI-11.jpeg","type":"","width":"","height":""}],"twitter_card":"summary_large_image","twitter_misc":{"Est. reading time":"3 minutes"},"schema":{"@context":"https:\/\/schema.org","@graph":[{"@type":"WebPage","@id":"https:\/\/www.everbridge.com\/fr\/products\/visual-command-center\/","url":"https:\/\/www.everbridge.com\/fr\/products\/visual-command-center\/","name":"Visual Command Center - Everbridge - Francais","isPartOf":{"@id":"https:\/\/www.everbridge.com\/fr\/#website"},"primaryImageOfPage":{"@id":"https:\/\/www.everbridge.com\/fr\/products\/visual-command-center\/#primaryimage"},"image":{"@id":"https:\/\/www.everbridge.com\/fr\/products\/visual-command-center\/#primaryimage"},"thumbnailUrl":"https:\/\/www.everbridge.com\/fr\/wp-content\/uploads\/sites\/6\/2022\/08\/collaborating-videowall-PROD_VCC_DI-11.jpeg","datePublished":"2022-08-25T06:01:17+00:00","dateModified":"2024-02-22T15:18:28+00:00","breadcrumb":{"@id":"https:\/\/www.everbridge.com\/fr\/products\/visual-command-center\/#breadcrumb"},"inLanguage":"fr-FR","potentialAction":[{"@type":"ReadAction","target":["https:\/\/www.everbridge.com\/fr\/products\/visual-command-center\/"]}]},{"@type":"ImageObject","inLanguage":"fr-FR","@id":"https:\/\/www.everbridge.com\/fr\/products\/visual-command-center\/#primaryimage","url":"https:\/\/www.everbridge.com\/fr\/wp-content\/uploads\/sites\/6\/2022\/08\/collaborating-videowall-PROD_VCC_DI-11.jpeg","contentUrl":"https:\/\/www.everbridge.com\/fr\/wp-content\/uploads\/sites\/6\/2022\/08\/collaborating-videowall-PROD_VCC_DI-11.jpeg","width":1000,"height":600},{"@type":"BreadcrumbList","@id":"https:\/\/www.everbridge.com\/fr\/products\/visual-command-center\/#breadcrumb","itemListElement":[{"@type":"ListItem","position":1,"name":"Home","item":"https:\/\/www.everbridge.com\/fr\/"},{"@type":"ListItem","position":2,"name":"Products","item":"https:\/\/www.everbridge.com\/fr\/products\/"},{"@type":"ListItem","position":3,"name":"Visual Command Center"}]},{"@type":"WebSite","@id":"https:\/\/www.everbridge.com\/fr\/#website","url":"https:\/\/www.everbridge.com\/fr\/","name":"Everbridge - Francais","description":"assurez la s\u00e9curit\u00e9 de vos employ\u00e9s et la continuit\u00e9 de vos activit\u00e9s","publisher":{"@id":"https:\/\/www.everbridge.com\/fr\/#organization"},"potentialAction":[{"@type":"SearchAction","target":{"@type":"EntryPoint","urlTemplate":"https:\/\/www.everbridge.com\/fr\/?s={search_term_string}"},"query-input":{"@type":"PropertyValueSpecification","valueRequired":true,"valueName":"search_term_string"}}],"inLanguage":"fr-FR"},{"@type":"Organization","@id":"https:\/\/www.everbridge.com\/fr\/#organization","name":"Everbridge - Francais","url":"https:\/\/www.everbridge.com\/fr\/","logo":{"@type":"ImageObject","inLanguage":"fr-FR","@id":"https:\/\/www.everbridge.com\/fr\/#\/schema\/logo\/image\/","url":"https:\/\/www.everbridge.com\/fr\/wp-content\/uploads\/sites\/6\/2023\/03\/EVBG-Logo-Full-Color-RGB.svg","contentUrl":"https:\/\/www.everbridge.com\/fr\/wp-content\/uploads\/sites\/6\/2023\/03\/EVBG-Logo-Full-Color-RGB.svg","width":1568,"height":310,"caption":"Everbridge - Francais"},"image":{"@id":"https:\/\/www.everbridge.com\/fr\/#\/schema\/logo\/image\/"}}]}},"get_extra_meta_fields":{"date_format":"F j, Y","is_summary":false,"description":"Comment fonctionne Visual Command Center En proposant une vue unique, unifi\u00e9e et int\u00e9gr\u00e9e pour g\u00e9rer et r\u00e9pondre aux risques, Visual\u2026 ","external_url":"https:\/\/www.everbridge.com\/fr\/products\/visual-command-center\/","link_text":"Read more"},"get_external_url":"https:\/\/www.everbridge.com\/fr\/products\/visual-command-center\/","get_external_title":"Read more","get_term_title":{"author":""},"_links":{"self":[{"href":"https:\/\/www.everbridge.com\/fr\/wp-json\/wp\/v2\/pages\/88592","targetHints":{"allow":["GET"]}}],"collection":[{"href":"https:\/\/www.everbridge.com\/fr\/wp-json\/wp\/v2\/pages"}],"about":[{"href":"https:\/\/www.everbridge.com\/fr\/wp-json\/wp\/v2\/types\/page"}],"author":[{"embeddable":true,"href":"https:\/\/www.everbridge.com\/fr\/wp-json\/wp\/v2\/users\/1"}],"replies":[{"embeddable":true,"href":"https:\/\/www.everbridge.com\/fr\/wp-json\/wp\/v2\/comments?post=88592"}],"version-history":[{"count":0,"href":"https:\/\/www.everbridge.com\/fr\/wp-json\/wp\/v2\/pages\/88592\/revisions"}],"up":[{"embeddable":true,"href":"https:\/\/www.everbridge.com\/fr\/wp-json\/wp\/v2\/pages\/88662"}],"wp:attachment":[{"href":"https:\/\/www.everbridge.com\/fr\/wp-json\/wp\/v2\/media?parent=88592"}],"wp:term":[{"taxonomy":"author","embeddable":true,"href":"https:\/\/www.everbridge.com\/fr\/wp-json\/wp\/v2\/coauthors?post=88592"}],"curies":[{"name":"wp","href":"https:\/\/api.w.org\/{rel}","templated":true}]}}