{"id":88682,"date":"2022-09-13T18:41:14","date_gmt":"2022-09-13T18:41:14","guid":{"rendered":"https:\/\/www.everbridge.com\/fr\/application\/"},"modified":"2022-09-13T18:41:12","modified_gmt":"2022-09-13T18:41:12","slug":"application","status":"publish","type":"page","link":"https:\/\/www.everbridge.com\/fr\/application\/","title":{"rendered":"Application"},"content":{"rendered":"<div class=\"wp-block-tenup-hero-inside\">\n\t<div class=\"hero-inside-block\">\n\t\t<div class=\"hero-inside-container\">\n\t\t\t\n\n<div class=\"wp-block-columns is-layout-flex wp-container-core-columns-is-layout-9d6595d7 wp-block-columns-is-layout-flex\">\n<div class=\"wp-block-column hero-inside-column hero-inside-left is-layout-flow wp-block-column-is-layout-flow\" style=\"flex-basis:33.33%\">\n<h3 class=\"hero-sub-title wp-block-heading\">PARTNERSHIP<\/h3>\n\n\n\n<h1 class=\"hero-entry-title wp-block-heading\">Application<\/h1>\n<\/div>\n\n\n\n<div class=\"wp-block-column hero-inside-column hero-inside-right is-layout-flow wp-block-column-is-layout-flow\" style=\"flex-basis:66.67%\">\n<figure class=\"wp-block-image size-full hero-image-wrapwp-block-image size-full hero-image-wrap\"><img decoding=\"async\" src=\"https:\/\/www.everbridge.com\/wp-content\/uploads\/2022\/08\/case-studies-DI.jpeg\" alt=\"\" class=\"wp-image-88959\" \/><\/figure>\n<\/div>\n<\/div>\n\n\t\t<\/div>\n\t<\/div>\n<\/div>\n\n\n\n<div class=\"wp-block-columns everbridge-form-wrapper is-layout-flex wp-container-core-columns-is-layout-9d6595d7 wp-block-columns-is-layout-flex\">\n<div class=\"wp-block-column is-layout-flow wp-block-column-is-layout-flow\">\n<h2 class=\"has-717-b-80-color has-text-color wp-block-heading\">Why Partner with Everbridge?<\/h2>\n\n\n\n<p class=\"mb-2\">As an Everbridge Partner you will have access to technology, training, and resources that ensure you are always in step with the latest offerings and capabilities of the&nbsp;<a href=\"https:\/\/www.everbridge.com\/platform\/\">Everbridge Platform<\/a>. You will leverage the power of Everbridge\u2019s platform and people to bring innovative solutions to your customers.<\/p>\n\n\n\n<p>If you have a product or service that complements and enhances the value of the Everbridge Platform, please submit your company information on the form. We will evaluate your request and contact you to learn more.<\/p>\n<\/div>\n\n\n\n<div class=\"wp-block-column is-layout-flow wp-block-column-is-layout-flow\">\n<p>MktoForms2.loadForm(&#8220;\/\/app-abc.marketo.com&#8221;, &#8220;004-QSK-624&#8221;, 1521);<\/p>\n<\/div>\n<\/div>\n","protected":false},"excerpt":{"rendered":"<p>Why Partner with Everbridge? As an Everbridge Partner you will have access to technology, training, and resources that ensure you\u2026 <\/p>\n","protected":false},"author":1,"featured_media":0,"parent":0,"menu_order":0,"comment_status":"closed","ping_status":"closed","template":"","meta":{"_trash_the_other_posts":false,"_hide_footer":false,"resource_type":[],"editor_notices":[],"footnotes":"","page_schemas":[]},"coauthors":[],"class_list":["post-88682","page","type-page","status-publish","hentry"],"yoast_primary_category":null,"featured_image_src":null,"yoast_head":"<!-- This site is optimized with the Yoast SEO plugin v27.3 - https:\/\/yoast.com\/product\/yoast-seo-wordpress\/ -->\n<title>Application - Everbridge - Francais<\/title>\n<meta name=\"robots\" content=\"index, follow, max-snippet:-1, max-image-preview:large, max-video-preview:-1\" \/>\n<link rel=\"canonical\" href=\"https:\/\/www.everbridge.com\/fr\/application\/\" \/>\n<meta property=\"og:locale\" content=\"fr_FR\" \/>\n<meta property=\"og:type\" content=\"article\" \/>\n<meta property=\"og:title\" content=\"Application - Everbridge - Francais\" \/>\n<meta property=\"og:description\" content=\"Why Partner with Everbridge? As an Everbridge Partner you will have access to technology, training, and resources that ensure you\u2026\" \/>\n<meta property=\"og:url\" content=\"https:\/\/www.everbridge.com\/fr\/application\/\" \/>\n<meta property=\"og:site_name\" content=\"Everbridge - Francais\" \/>\n<meta property=\"og:image\" content=\"https:\/\/www.everbridge.com\/wp-content\/uploads\/2022\/08\/case-studies-DI.jpeg\" \/>\n<meta name=\"twitter:card\" content=\"summary_large_image\" \/>\n<script type=\"application\/ld+json\" class=\"yoast-schema-graph\">{\"@context\":\"https:\\\/\\\/schema.org\",\"@graph\":[{\"@type\":\"WebPage\",\"@id\":\"https:\\\/\\\/www.everbridge.com\\\/fr\\\/application\\\/\",\"url\":\"https:\\\/\\\/www.everbridge.com\\\/fr\\\/application\\\/\",\"name\":\"Application - Everbridge - Francais\",\"isPartOf\":{\"@id\":\"https:\\\/\\\/www.everbridge.com\\\/fr\\\/#website\"},\"primaryImageOfPage\":{\"@id\":\"https:\\\/\\\/www.everbridge.com\\\/fr\\\/application\\\/#primaryimage\"},\"image\":{\"@id\":\"https:\\\/\\\/www.everbridge.com\\\/fr\\\/application\\\/#primaryimage\"},\"thumbnailUrl\":\"https:\\\/\\\/www.everbridge.com\\\/wp-content\\\/uploads\\\/2022\\\/08\\\/case-studies-DI.jpeg\",\"datePublished\":\"2022-09-13T18:41:14+00:00\",\"breadcrumb\":{\"@id\":\"https:\\\/\\\/www.everbridge.com\\\/fr\\\/application\\\/#breadcrumb\"},\"inLanguage\":\"fr-FR\",\"potentialAction\":[{\"@type\":\"ReadAction\",\"target\":[\"https:\\\/\\\/www.everbridge.com\\\/fr\\\/application\\\/\"]}]},{\"@type\":\"ImageObject\",\"inLanguage\":\"fr-FR\",\"@id\":\"https:\\\/\\\/www.everbridge.com\\\/fr\\\/application\\\/#primaryimage\",\"url\":\"https:\\\/\\\/www.everbridge.com\\\/wp-content\\\/uploads\\\/2022\\\/08\\\/case-studies-DI.jpeg\",\"contentUrl\":\"https:\\\/\\\/www.everbridge.com\\\/wp-content\\\/uploads\\\/2022\\\/08\\\/case-studies-DI.jpeg\"},{\"@type\":\"BreadcrumbList\",\"@id\":\"https:\\\/\\\/www.everbridge.com\\\/fr\\\/application\\\/#breadcrumb\",\"itemListElement\":[{\"@type\":\"ListItem\",\"position\":1,\"name\":\"Home\",\"item\":\"https:\\\/\\\/www.everbridge.com\\\/fr\\\/\"},{\"@type\":\"ListItem\",\"position\":2,\"name\":\"Application\"}]},{\"@type\":\"WebSite\",\"@id\":\"https:\\\/\\\/www.everbridge.com\\\/fr\\\/#website\",\"url\":\"https:\\\/\\\/www.everbridge.com\\\/fr\\\/\",\"name\":\"Everbridge - Francais\",\"description\":\"assurez la s\u00e9curit\u00e9 de vos employ\u00e9s et la continuit\u00e9 de vos activit\u00e9s\",\"publisher\":{\"@id\":\"https:\\\/\\\/www.everbridge.com\\\/fr\\\/#organization\"},\"potentialAction\":[{\"@type\":\"SearchAction\",\"target\":{\"@type\":\"EntryPoint\",\"urlTemplate\":\"https:\\\/\\\/www.everbridge.com\\\/fr\\\/?s={search_term_string}\"},\"query-input\":{\"@type\":\"PropertyValueSpecification\",\"valueRequired\":true,\"valueName\":\"search_term_string\"}}],\"inLanguage\":\"fr-FR\"},{\"@type\":\"Organization\",\"@id\":\"https:\\\/\\\/www.everbridge.com\\\/fr\\\/#organization\",\"name\":\"Everbridge - Francais\",\"url\":\"https:\\\/\\\/www.everbridge.com\\\/fr\\\/\",\"logo\":{\"@type\":\"ImageObject\",\"inLanguage\":\"fr-FR\",\"@id\":\"https:\\\/\\\/www.everbridge.com\\\/fr\\\/#\\\/schema\\\/logo\\\/image\\\/\",\"url\":\"https:\\\/\\\/www.everbridge.com\\\/fr\\\/wp-content\\\/uploads\\\/sites\\\/6\\\/2023\\\/03\\\/EVBG-Logo-Full-Color-RGB.svg\",\"contentUrl\":\"https:\\\/\\\/www.everbridge.com\\\/fr\\\/wp-content\\\/uploads\\\/sites\\\/6\\\/2023\\\/03\\\/EVBG-Logo-Full-Color-RGB.svg\",\"width\":1568,\"height\":310,\"caption\":\"Everbridge - Francais\"},\"image\":{\"@id\":\"https:\\\/\\\/www.everbridge.com\\\/fr\\\/#\\\/schema\\\/logo\\\/image\\\/\"}}]}<\/script>\n<!-- \/ Yoast SEO plugin. -->","yoast_head_json":{"title":"Application - Everbridge - Francais","robots":{"index":"index","follow":"follow","max-snippet":"max-snippet:-1","max-image-preview":"max-image-preview:large","max-video-preview":"max-video-preview:-1"},"canonical":"https:\/\/www.everbridge.com\/fr\/application\/","og_locale":"fr_FR","og_type":"article","og_title":"Application - Everbridge - Francais","og_description":"Why Partner with Everbridge? As an Everbridge Partner you will have access to technology, training, and resources that ensure you\u2026","og_url":"https:\/\/www.everbridge.com\/fr\/application\/","og_site_name":"Everbridge - Francais","og_image":[{"url":"https:\/\/www.everbridge.com\/wp-content\/uploads\/2022\/08\/case-studies-DI.jpeg","type":"","width":"","height":""}],"twitter_card":"summary_large_image","schema":{"@context":"https:\/\/schema.org","@graph":[{"@type":"WebPage","@id":"https:\/\/www.everbridge.com\/fr\/application\/","url":"https:\/\/www.everbridge.com\/fr\/application\/","name":"Application - Everbridge - Francais","isPartOf":{"@id":"https:\/\/www.everbridge.com\/fr\/#website"},"primaryImageOfPage":{"@id":"https:\/\/www.everbridge.com\/fr\/application\/#primaryimage"},"image":{"@id":"https:\/\/www.everbridge.com\/fr\/application\/#primaryimage"},"thumbnailUrl":"https:\/\/www.everbridge.com\/wp-content\/uploads\/2022\/08\/case-studies-DI.jpeg","datePublished":"2022-09-13T18:41:14+00:00","breadcrumb":{"@id":"https:\/\/www.everbridge.com\/fr\/application\/#breadcrumb"},"inLanguage":"fr-FR","potentialAction":[{"@type":"ReadAction","target":["https:\/\/www.everbridge.com\/fr\/application\/"]}]},{"@type":"ImageObject","inLanguage":"fr-FR","@id":"https:\/\/www.everbridge.com\/fr\/application\/#primaryimage","url":"https:\/\/www.everbridge.com\/wp-content\/uploads\/2022\/08\/case-studies-DI.jpeg","contentUrl":"https:\/\/www.everbridge.com\/wp-content\/uploads\/2022\/08\/case-studies-DI.jpeg"},{"@type":"BreadcrumbList","@id":"https:\/\/www.everbridge.com\/fr\/application\/#breadcrumb","itemListElement":[{"@type":"ListItem","position":1,"name":"Home","item":"https:\/\/www.everbridge.com\/fr\/"},{"@type":"ListItem","position":2,"name":"Application"}]},{"@type":"WebSite","@id":"https:\/\/www.everbridge.com\/fr\/#website","url":"https:\/\/www.everbridge.com\/fr\/","name":"Everbridge - Francais","description":"assurez la s\u00e9curit\u00e9 de vos employ\u00e9s et la continuit\u00e9 de vos activit\u00e9s","publisher":{"@id":"https:\/\/www.everbridge.com\/fr\/#organization"},"potentialAction":[{"@type":"SearchAction","target":{"@type":"EntryPoint","urlTemplate":"https:\/\/www.everbridge.com\/fr\/?s={search_term_string}"},"query-input":{"@type":"PropertyValueSpecification","valueRequired":true,"valueName":"search_term_string"}}],"inLanguage":"fr-FR"},{"@type":"Organization","@id":"https:\/\/www.everbridge.com\/fr\/#organization","name":"Everbridge - Francais","url":"https:\/\/www.everbridge.com\/fr\/","logo":{"@type":"ImageObject","inLanguage":"fr-FR","@id":"https:\/\/www.everbridge.com\/fr\/#\/schema\/logo\/image\/","url":"https:\/\/www.everbridge.com\/fr\/wp-content\/uploads\/sites\/6\/2023\/03\/EVBG-Logo-Full-Color-RGB.svg","contentUrl":"https:\/\/www.everbridge.com\/fr\/wp-content\/uploads\/sites\/6\/2023\/03\/EVBG-Logo-Full-Color-RGB.svg","width":1568,"height":310,"caption":"Everbridge - Francais"},"image":{"@id":"https:\/\/www.everbridge.com\/fr\/#\/schema\/logo\/image\/"}}]}},"get_extra_meta_fields":{"date_format":"F j, Y","is_summary":false,"description":"Why Partner with Everbridge? As an Everbridge Partner you will have access to technology, training, and resources that ensure you\u2026 ","external_url":"https:\/\/www.everbridge.com\/fr\/application\/","link_text":"Read more"},"get_external_url":"https:\/\/www.everbridge.com\/fr\/application\/","get_external_title":"Read more","get_term_title":{"author":""},"_links":{"self":[{"href":"https:\/\/www.everbridge.com\/fr\/wp-json\/wp\/v2\/pages\/88682","targetHints":{"allow":["GET"]}}],"collection":[{"href":"https:\/\/www.everbridge.com\/fr\/wp-json\/wp\/v2\/pages"}],"about":[{"href":"https:\/\/www.everbridge.com\/fr\/wp-json\/wp\/v2\/types\/page"}],"author":[{"embeddable":true,"href":"https:\/\/www.everbridge.com\/fr\/wp-json\/wp\/v2\/users\/1"}],"replies":[{"embeddable":true,"href":"https:\/\/www.everbridge.com\/fr\/wp-json\/wp\/v2\/comments?post=88682"}],"version-history":[{"count":0,"href":"https:\/\/www.everbridge.com\/fr\/wp-json\/wp\/v2\/pages\/88682\/revisions"}],"wp:attachment":[{"href":"https:\/\/www.everbridge.com\/fr\/wp-json\/wp\/v2\/media?parent=88682"}],"wp:term":[{"taxonomy":"author","embeddable":true,"href":"https:\/\/www.everbridge.com\/fr\/wp-json\/wp\/v2\/coauthors?post=88682"}],"curies":[{"name":"wp","href":"https:\/\/api.w.org\/{rel}","templated":true}]}}