{"id":92238,"date":"2024-02-08T19:54:09","date_gmt":"2024-02-08T19:54:09","guid":{"rendered":"https:\/\/www.everbridge.com\/fr\/?page_id=92238"},"modified":"2025-02-12T18:18:51","modified_gmt":"2025-02-12T18:18:51","slug":"sitemap","status":"publish","type":"page","link":"https:\/\/www.everbridge.com\/fr\/sitemap\/","title":{"rendered":"Sitemap"},"content":{"rendered":"\n<div class=\"wp-block-columns mt-5 pl-5 is-layout-flex wp-container-core-columns-is-layout-9d6595d7 wp-block-columns-is-layout-flex\">\n<div class=\"wp-block-column is-layout-flow wp-block-column-is-layout-flow\"><div class=\"wsp-container\"><h2 class=\"wsp-pages-title\">Pages<\/h2>\n<ul class=\"wsp-pages-list\">\n<li class=\"page_item page-item-88398 page_item_has_children\"><a href=\"https:\/\/www.everbridge.com\/fr\/about\/\">About Everbridge<\/a>\n<ul class='children'>\n\t<li class=\"page_item page-item-88516\"><a href=\"https:\/\/www.everbridge.com\/fr\/about\/history\/\">History<\/a><\/li>\n<\/ul>\n<\/li>\n<li class=\"page_item page-item-88682\"><a href=\"https:\/\/www.everbridge.com\/fr\/application\/\">Application<\/a><\/li>\n<li class=\"page_item page-item-87843\"><a href=\"https:\/\/www.everbridge.com\/fr\/blog\/\">Blog<\/a><\/li>\n<li class=\"page_item page-item-92353 page_item_has_children\"><a href=\"https:\/\/www.everbridge.com\/fr\/cas-d-usage\/\">Cas d&#8217;usage<\/a>\n<ul class='children'>\n\t<li class=\"page_item page-item-92343\"><a href=\"https:\/\/www.everbridge.com\/fr\/cas-d-usage\/cybermenaces-et-securite-informatique\/\">Cybermenaces et s\u00e9curit\u00e9 informatique<\/a><\/li>\n\t<li class=\"page_item page-item-92358\"><a href=\"https:\/\/www.everbridge.com\/fr\/cas-d-usage\/dora\/\">R\u00e9glementation DORA<\/a><\/li>\n<\/ul>\n<\/li>\n<li class=\"page_item page-item-92283\"><a href=\"https:\/\/www.everbridge.com\/fr\/contact\/\">Contact<\/a><\/li>\n<li class=\"page_item page-item-92287\"><a href=\"https:\/\/www.everbridge.com\/fr\/contact-confirmation\/\">contact confirmation<\/a><\/li>\n<li class=\"page_item page-item-88396\"><a href=\"https:\/\/www.everbridge.com\/fr\/customers\/\">customers<\/a><\/li>\n<li class=\"page_item page-item-87845\"><a href=\"https:\/\/www.everbridge.com\/fr\/\">Home<\/a><\/li>\n<li class=\"page_item page-item-88373\"><a href=\"https:\/\/www.everbridge.com\/fr\/newsroom\/\">Newsroom<\/a><\/li>\n<li class=\"page_item page-item-92053\"><a href=\"https:\/\/www.everbridge.com\/fr\/demo\/\">Planifier une d\u00e9mo<\/a><\/li>\n<li class=\"page_item page-item-88523 page_item_has_children\"><a href=\"https:\/\/www.everbridge.com\/fr\/plate-forme\/\">Plate-forme<\/a>\n<ul class='children'>\n\t<li class=\"page_item page-item-88526\"><a href=\"https:\/\/www.everbridge.com\/fr\/plate-forme\/critical-event-management\/\">La gestion de crise<\/a><\/li>\n<\/ul>\n<\/li>\n<li class=\"page_item page-item-88662 page_item_has_children\"><a href=\"https:\/\/www.everbridge.com\/fr\/products\/\">Products<\/a>\n<ul class='children'>\n\t<li class=\"page_item page-item-88540\"><a href=\"https:\/\/www.everbridge.com\/fr\/products\/crisis-management\/\">Crisis Management<\/a><\/li>\n\t<li class=\"page_item page-item-88568\"><a href=\"https:\/\/www.everbridge.com\/fr\/products\/it-alerting\/\">Enterprise IT Alerting<\/a><\/li>\n\t<li class=\"page_item page-item-88625\"><a href=\"https:\/\/www.everbridge.com\/fr\/products\/mass-notification-and-incident-communications\/\">Mass Notification<\/a><\/li>\n\t<li class=\"page_item page-item-88641\"><a href=\"https:\/\/www.everbridge.com\/fr\/products\/public-warning\/\">Public Warning<\/a><\/li>\n\t<li class=\"page_item page-item-88581\"><a href=\"https:\/\/www.everbridge.com\/fr\/products\/safety-connection\/\">Safety Connection\ufffc<\/a><\/li>\n\t<li class=\"page_item page-item-92187\"><a href=\"https:\/\/www.everbridge.com\/fr\/products\/saga\/\">SAGA<\/a><\/li>\n\t<li class=\"page_item page-item-88592\"><a href=\"https:\/\/www.everbridge.com\/fr\/products\/visual-command-center\/\">Visual Command Center<\/a><\/li>\n<\/ul>\n<\/li>\n<li class=\"page_item page-item-92411 page_item_has_children\"><a href=\"https:\/\/www.everbridge.com\/fr\/produits\/\">Produits<\/a>\n<ul class='children'>\n\t<li class=\"page_item page-item-92409\"><a href=\"https:\/\/www.everbridge.com\/fr\/produits\/bc-in-the-cloud\/\">BC in the Cloud<\/a><\/li>\n<\/ul>\n<\/li>\n<li class=\"page_item page-item-92290 page_item_has_children\"><a href=\"https:\/\/www.everbridge.com\/fr\/ressources\/\">Ressources<\/a>\n<ul class='children'>\n\t<li class=\"page_item page-item-92288\"><a href=\"https:\/\/www.everbridge.com\/fr\/ressources\/customer-stories\/\">Customer Stories<\/a><\/li>\n\t<li class=\"page_item page-item-92292\"><a href=\"https:\/\/www.everbridge.com\/fr\/ressources\/webinaires\/\">Webinaires<\/a><\/li>\n<\/ul>\n<\/li>\n<li class=\"page_item page-item-92238\"><a href=\"https:\/\/www.everbridge.com\/fr\/sitemap\/\">Sitemap<\/a><\/li>\n<li class=\"page_item page-item-88394 page_item_has_children\"><a href=\"https:\/\/www.everbridge.com\/fr\/solutions\/\">Solutions<\/a>\n<ul class='children'>\n\t<li class=\"page_item page-item-92059\"><a href=\"https:\/\/www.everbridge.com\/fr\/solutions\/securite-de-la-population\/\">Alerte \u00e0 la population<\/a><\/li>\n\t<li class=\"page_item page-item-88605\"><a href=\"https:\/\/www.everbridge.com\/fr\/solutions\/anticiper-et-prevenir-la-perturbation-de-lexploitation\/\">Anticiper et pr\u00e9venir la perturbation de l\u2019exploitation<\/a><\/li>\n\t<li class=\"page_item page-item-88615\"><a href=\"https:\/\/www.everbridge.com\/fr\/solutions\/automatiser-la-reponse-aux-incidents-informatiques\/\">Automated IT Alerting and Incident Response<\/a><\/li>\n\t<li class=\"page_item page-item-91933\"><a href=\"https:\/\/www.everbridge.com\/fr\/solutions\/operations-informatiques\/\">Op\u00e9rations informatiques<\/a><\/li>\n\t<li class=\"page_item page-item-92052\"><a href=\"https:\/\/www.everbridge.com\/fr\/solutions\/resilience-des-entreprises\/\">R\u00e9silience des entreprises<\/a><\/li>\n\t<li class=\"page_item page-item-92057\"><a href=\"https:\/\/www.everbridge.com\/fr\/solutions\/securite-des-personnes\/\">S\u00e9curit\u00e9 des collaborateurs<\/a><\/li>\n\t<li class=\"page_item page-item-92061\"><a href=\"https:\/\/www.everbridge.com\/fr\/solutions\/securite-intelligente\/\">S\u00e9curit\u00e9 intelligente<\/a><\/li>\n<\/ul>\n<\/li>\n<li class=\"page_item page-item-87844\"><a href=\"https:\/\/www.everbridge.com\/fr\/upcoming-events\/\">Upcoming Events Events<\/a><\/li>\n<li class=\"page_item page-item-92185\"><a href=\"https:\/\/www.everbridge.com\/fr\/why-everbridge\/\">Why Everbridge<\/a><\/li>\n<\/ul>\n<h2 class=\"wsp-resources-title\">Resources<\/h2>\n<ul class=\"wsp-resources-list\">\n<li><a href=\"https:\/\/www.everbridge.com\/fr\/resource\/demonstration-de-produit-crises-cyber-quelles-sont-les-cles-dune-gestion-efficace-panorama-des-bonnes-pratiques-et-outils-2\/\">D\u00e9monstration de produit: Crises cyber: quelles sont les cl\u00e9s d\u2019une gestion efficace? Panorama des bonnes pratiques et outils<\/a><\/li>\n<li><a href=\"https:\/\/www.everbridge.com\/fr\/resource\/webinaire-a-la-demande-la-voie-a-suivre-pour-securiser-les-infrastructures-nationales-critiques\/\">Webinaire \u00e0 la demande : La voie \u00e0 suivre pour s\u00e9curiser les infrastructures nationales critiques<\/a><\/li>\n<li><a href=\"https:\/\/www.everbridge.com\/fr\/resource\/webinaire-a-la-demande-liberer-la-resilience-operationnelle-grace-aux-solutions-numeriques\/\">Webinaire \u00e0 la demande : Lib\u00e9rer la r\u00e9silience op\u00e9rationnelle gr\u00e2ce aux solutions num\u00e9riques<\/a><\/li>\n<li><a href=\"https:\/\/www.everbridge.com\/fr\/resource\/webinaire-la-demande-menaces-2024\/\">Webinaire \u00e0 la demande : tirer les le\u00e7ons des menaces de 2024<\/a><\/li>\n<li><a href=\"https:\/\/www.everbridge.com\/fr\/resource\/rapport-resiliences-globales-2025\/\">Comprendre la r\u00e9silience des entreprises - Rapport mondial sur la r\u00e9silience des entreprises 2025<\/a><\/li>\n<li><a href=\"https:\/\/www.everbridge.com\/fr\/resource\/rapport-risques-mondiaux-2025\/\">Comprendre les risques mondiaux - Global Threat Outlook 2025<\/a><\/li>\n<li><a href=\"https:\/\/www.everbridge.com\/fr\/resource\/resilience-operationnelle-dans-un-monde-reglemente\/\">Webinaire \u00e0 la demande: Comment cr\u00e9er une r\u00e9silience op\u00e9rationnelle dans un monde r\u00e9glement\u00e9<\/a><\/li>\n<li><a href=\"https:\/\/www.everbridge.com\/fr\/resource\/everbridge-au-service-du-ziekenhuis-netwerk-antwerpen-zna-7-jours-sur-7-et-24-heures-sur-24\/\">Everbridge au service du Ziekenhuis Netwerk Antwerpen (ZNA) 7 jours sur 7 et 24 heures sur 24\u00a0<\/a><\/li>\n<\/ul>\n<\/div>\n\n\n<div id=\"simple-sitemap-container-69dd077544014\" class=\"simple-sitemap-container simple-sitemap-container-69dd077544014 tab-disabled\"><div class=\"simple-sitemap-wrap\"><h3 class=\"post-type\">Posts<\/h3><ul class=\"simple-sitemap-post main\"><li class=\"sitemap-item\"><a href=\"https:\/\/www.everbridge.com\/fr\/blog\/comment-gerer-efficacement-une-communication-de-crise\/\">Comment g\u00e9rer efficacement une communication de crise ?<\/a><\/li><li class=\"sitemap-item\"><a href=\"https:\/\/www.everbridge.com\/fr\/blog\/communication-en-temps-de-crise-retour-dexperience-de-pwc\/\">Communication en temps de crise, retour d&#8217;exp\u00e9rience de PwC<\/a><\/li><li class=\"sitemap-item\"><a href=\"https:\/\/www.everbridge.com\/fr\/blog\/conseils-pour-la-communication-en-situation-de-crise\/\">Conseils pour la communication en situation de crise<\/a><\/li><li class=\"sitemap-item\"><a href=\"https:\/\/www.everbridge.com\/fr\/blog\/definition-importance-systeme-notification-masse-cas-urgence\/\">D\u00e9finition et importance d&#8217;un syst\u00e8me de notification de masse en cas d&#8217;urgence<\/a><\/li><li class=\"sitemap-item\"><a href=\"https:\/\/www.everbridge.com\/fr\/blog\/elaboration-dun-plan-de-reprise-apres-sinistre\/\">\u00c9laboration d&#8217;un plan de reprise apr\u00e8s sinistre<\/a><\/li><li class=\"sitemap-item\"><a href=\"https:\/\/www.everbridge.com\/fr\/blog\/everbridge-cyber-resilience-applications-concretes-des-nouvelles-reglementations-europeennes-nis2-dora-et-cra\/\">Everbridge &amp; Cyber r\u00e9silience &#8211; Applications concr\u00e8tes des nouvelles r\u00e8glementations europ\u00e9ennes : NIS2, DORA et CRA<\/a><\/li><li class=\"sitemap-item\"><a href=\"https:\/\/www.everbridge.com\/fr\/blog\/gestion-des-risques-lies-aux-personnes-et-resilience-agile-des-organisations\/\">Gestion des risques li\u00e9s aux personnes et r\u00e9silience agile des organisations<\/a><\/li><li class=\"sitemap-item\"><a href=\"https:\/\/www.everbridge.com\/fr\/blog\/identifier-les-risques-pour-les-operations-numeriques\/\">Identifier les risques pour les op\u00e9rations num\u00e9riques<\/a><\/li><li class=\"sitemap-item\"><a href=\"https:\/\/www.everbridge.com\/fr\/blog\/iso-31030-levolution-des-attentes-en-matiere-de-travel-risk-management\/\">ISO 31030 : l&#8217;\u00e9volution des attentes en mati\u00e8re de travel risk management<\/a><\/li><li class=\"sitemap-item\"><a href=\"https:\/\/www.everbridge.com\/fr\/blog\/mesurer-votre-resilience-organisationnelle-face-aux-evenements-critiques\/\">Le Mod\u00e8le de Maturit\u00e9 de R\u00e9silience Organisationnelle<\/a><\/li><li class=\"sitemap-item\"><a href=\"https:\/\/www.everbridge.com\/fr\/blog\/les-piliers-dune-solution-efficace-de-gestion-des-risques-lies-aux-deplacements-professionnels\/\">Les piliers d\u2019une solution efficace de gestion des risques li\u00e9s aux d\u00e9placements professionnels<\/a><\/li><li class=\"sitemap-item\"><a href=\"https:\/\/www.everbridge.com\/fr\/blog\/planification-de-la-continuite-des-activites-dans-le-secteur-du-retail\/\">Planification de la continuit\u00e9 des activit\u00e9s dans le secteur du retail<\/a><\/li><li class=\"sitemap-item\"><a href=\"https:\/\/www.everbridge.com\/fr\/blog\/planifier-la-continuite-activites-secteur-industriel\/\">Planifier la continuit\u00e9 des activit\u00e9s dans le secteur de l&#8217;industrie<\/a><\/li><li class=\"sitemap-item\"><a href=\"https:\/\/www.everbridge.com\/fr\/blog\/planifier-la-continuite-des-activites-dans-le-secteur-industriel\/\">Planifier la continuit\u00e9 des activit\u00e9s dans le secteur industriel<\/a><\/li><li class=\"sitemap-item\"><a href=\"https:\/\/www.everbridge.com\/fr\/blog\/presentation-des-psim\/\">Pr\u00e9sentation des PSIM<\/a><\/li><li class=\"sitemap-item\"><a href=\"https:\/\/www.everbridge.com\/fr\/blog\/quest-ce-que-la-gestion-de-crise\/\">Qu&#8217;est-ce que la gestion de crise ?<\/a><\/li><li class=\"sitemap-item\"><a href=\"https:\/\/www.everbridge.com\/fr\/blog\/resilience-operationnelle\/\">R\u00e9silience op\u00e9rationnelle<\/a><\/li><li class=\"sitemap-item\"><a href=\"https:\/\/www.everbridge.com\/fr\/blog\/xmatters-rapport-gigaom\/\">xMatters &#8211; Rapport GigaOm<\/a><\/li><\/ul><\/div><\/div><br style=\"clear: both;\"><\/div>\n<\/div>\n","protected":false},"excerpt":{"rendered":"","protected":false},"author":7,"featured_media":0,"parent":0,"menu_order":0,"comment_status":"closed","ping_status":"closed","template":"","meta":{"_trash_the_other_posts":false,"_hide_footer":false,"resource_type":[],"editor_notices":[],"footnotes":"","page_schemas":[]},"coauthors":[],"class_list":["post-92238","page","type-page","status-publish","hentry"],"yoast_primary_category":null,"featured_image_src":null,"yoast_head":"<!-- This site is optimized with the Yoast SEO plugin v27.2 - https:\/\/yoast.com\/product\/yoast-seo-wordpress\/ -->\n<title>Sitemap - Everbridge - Francais<\/title>\n<meta name=\"robots\" content=\"index, follow, max-snippet:-1, max-image-preview:large, max-video-preview:-1\" \/>\n<link rel=\"canonical\" href=\"https:\/\/www.everbridge.com\/fr\/sitemap\/\" \/>\n<meta property=\"og:locale\" content=\"fr_FR\" \/>\n<meta property=\"og:type\" content=\"article\" \/>\n<meta property=\"og:title\" content=\"Sitemap - Everbridge - Francais\" \/>\n<meta property=\"og:url\" content=\"https:\/\/www.everbridge.com\/fr\/sitemap\/\" \/>\n<meta property=\"og:site_name\" content=\"Everbridge - Francais\" \/>\n<meta property=\"article:modified_time\" content=\"2025-02-12T18:18:51+00:00\" \/>\n<meta name=\"twitter:card\" content=\"summary_large_image\" \/>\n<meta name=\"twitter:label1\" content=\"Est. reading time\" \/>\n\t<meta name=\"twitter:data1\" content=\"1 minute\" \/>\n\t<meta name=\"twitter:label2\" content=\"Written by\" \/>\n\t<meta name=\"twitter:data2\" content=\"sbolak\" \/>\n<script type=\"application\/ld+json\" class=\"yoast-schema-graph\">{\"@context\":\"https:\/\/schema.org\",\"@graph\":[{\"@type\":\"WebPage\",\"@id\":\"https:\/\/www.everbridge.com\/fr\/sitemap\/\",\"url\":\"https:\/\/www.everbridge.com\/fr\/sitemap\/\",\"name\":\"Sitemap - Everbridge - Francais\",\"isPartOf\":{\"@id\":\"https:\/\/www.everbridge.com\/fr\/#website\"},\"datePublished\":\"2024-02-08T19:54:09+00:00\",\"dateModified\":\"2025-02-12T18:18:51+00:00\",\"breadcrumb\":{\"@id\":\"https:\/\/www.everbridge.com\/fr\/sitemap\/#breadcrumb\"},\"inLanguage\":\"fr-FR\",\"potentialAction\":[{\"@type\":\"ReadAction\",\"target\":[\"https:\/\/www.everbridge.com\/fr\/sitemap\/\"]}]},{\"@type\":\"BreadcrumbList\",\"@id\":\"https:\/\/www.everbridge.com\/fr\/sitemap\/#breadcrumb\",\"itemListElement\":[{\"@type\":\"ListItem\",\"position\":1,\"name\":\"Home\",\"item\":\"https:\/\/www.everbridge.com\/fr\/\"},{\"@type\":\"ListItem\",\"position\":2,\"name\":\"Sitemap\"}]},{\"@type\":\"WebSite\",\"@id\":\"https:\/\/www.everbridge.com\/fr\/#website\",\"url\":\"https:\/\/www.everbridge.com\/fr\/\",\"name\":\"Everbridge - Francais\",\"description\":\"assurez la s\u00e9curit\u00e9 de vos employ\u00e9s et la continuit\u00e9 de vos activit\u00e9s\",\"publisher\":{\"@id\":\"https:\/\/www.everbridge.com\/fr\/#organization\"},\"potentialAction\":[{\"@type\":\"SearchAction\",\"target\":{\"@type\":\"EntryPoint\",\"urlTemplate\":\"https:\/\/www.everbridge.com\/fr\/?s={search_term_string}\"},\"query-input\":{\"@type\":\"PropertyValueSpecification\",\"valueRequired\":true,\"valueName\":\"search_term_string\"}}],\"inLanguage\":\"fr-FR\"},{\"@type\":\"Organization\",\"@id\":\"https:\/\/www.everbridge.com\/fr\/#organization\",\"name\":\"Everbridge - Francais\",\"url\":\"https:\/\/www.everbridge.com\/fr\/\",\"logo\":{\"@type\":\"ImageObject\",\"inLanguage\":\"fr-FR\",\"@id\":\"https:\/\/www.everbridge.com\/fr\/#\/schema\/logo\/image\/\",\"url\":\"https:\/\/www.everbridge.com\/fr\/wp-content\/uploads\/sites\/6\/2023\/03\/EVBG-Logo-Full-Color-RGB.svg\",\"contentUrl\":\"https:\/\/www.everbridge.com\/fr\/wp-content\/uploads\/sites\/6\/2023\/03\/EVBG-Logo-Full-Color-RGB.svg\",\"width\":1568,\"height\":310,\"caption\":\"Everbridge - Francais\"},\"image\":{\"@id\":\"https:\/\/www.everbridge.com\/fr\/#\/schema\/logo\/image\/\"}}]}<\/script>\n<!-- \/ Yoast SEO plugin. -->","yoast_head_json":{"title":"Sitemap - Everbridge - Francais","robots":{"index":"index","follow":"follow","max-snippet":"max-snippet:-1","max-image-preview":"max-image-preview:large","max-video-preview":"max-video-preview:-1"},"canonical":"https:\/\/www.everbridge.com\/fr\/sitemap\/","og_locale":"fr_FR","og_type":"article","og_title":"Sitemap - Everbridge - Francais","og_url":"https:\/\/www.everbridge.com\/fr\/sitemap\/","og_site_name":"Everbridge - Francais","article_modified_time":"2025-02-12T18:18:51+00:00","twitter_card":"summary_large_image","twitter_misc":{"Est. reading time":"1 minute","Written by":"sbolak"},"schema":{"@context":"https:\/\/schema.org","@graph":[{"@type":"WebPage","@id":"https:\/\/www.everbridge.com\/fr\/sitemap\/","url":"https:\/\/www.everbridge.com\/fr\/sitemap\/","name":"Sitemap - Everbridge - Francais","isPartOf":{"@id":"https:\/\/www.everbridge.com\/fr\/#website"},"datePublished":"2024-02-08T19:54:09+00:00","dateModified":"2025-02-12T18:18:51+00:00","breadcrumb":{"@id":"https:\/\/www.everbridge.com\/fr\/sitemap\/#breadcrumb"},"inLanguage":"fr-FR","potentialAction":[{"@type":"ReadAction","target":["https:\/\/www.everbridge.com\/fr\/sitemap\/"]}]},{"@type":"BreadcrumbList","@id":"https:\/\/www.everbridge.com\/fr\/sitemap\/#breadcrumb","itemListElement":[{"@type":"ListItem","position":1,"name":"Home","item":"https:\/\/www.everbridge.com\/fr\/"},{"@type":"ListItem","position":2,"name":"Sitemap"}]},{"@type":"WebSite","@id":"https:\/\/www.everbridge.com\/fr\/#website","url":"https:\/\/www.everbridge.com\/fr\/","name":"Everbridge - Francais","description":"assurez la s\u00e9curit\u00e9 de vos employ\u00e9s et la continuit\u00e9 de vos activit\u00e9s","publisher":{"@id":"https:\/\/www.everbridge.com\/fr\/#organization"},"potentialAction":[{"@type":"SearchAction","target":{"@type":"EntryPoint","urlTemplate":"https:\/\/www.everbridge.com\/fr\/?s={search_term_string}"},"query-input":{"@type":"PropertyValueSpecification","valueRequired":true,"valueName":"search_term_string"}}],"inLanguage":"fr-FR"},{"@type":"Organization","@id":"https:\/\/www.everbridge.com\/fr\/#organization","name":"Everbridge - Francais","url":"https:\/\/www.everbridge.com\/fr\/","logo":{"@type":"ImageObject","inLanguage":"fr-FR","@id":"https:\/\/www.everbridge.com\/fr\/#\/schema\/logo\/image\/","url":"https:\/\/www.everbridge.com\/fr\/wp-content\/uploads\/sites\/6\/2023\/03\/EVBG-Logo-Full-Color-RGB.svg","contentUrl":"https:\/\/www.everbridge.com\/fr\/wp-content\/uploads\/sites\/6\/2023\/03\/EVBG-Logo-Full-Color-RGB.svg","width":1568,"height":310,"caption":"Everbridge - Francais"},"image":{"@id":"https:\/\/www.everbridge.com\/fr\/#\/schema\/logo\/image\/"}}]}},"get_extra_meta_fields":{"date_format":"F j, Y","is_summary":false,"description":"","external_url":"https:\/\/www.everbridge.com\/fr\/sitemap\/","link_text":"Read more"},"get_external_url":"https:\/\/www.everbridge.com\/fr\/sitemap\/","get_external_title":"Read more","get_term_title":{"author":""},"_links":{"self":[{"href":"https:\/\/www.everbridge.com\/fr\/wp-json\/wp\/v2\/pages\/92238","targetHints":{"allow":["GET"]}}],"collection":[{"href":"https:\/\/www.everbridge.com\/fr\/wp-json\/wp\/v2\/pages"}],"about":[{"href":"https:\/\/www.everbridge.com\/fr\/wp-json\/wp\/v2\/types\/page"}],"author":[{"embeddable":true,"href":"https:\/\/www.everbridge.com\/fr\/wp-json\/wp\/v2\/users\/7"}],"replies":[{"embeddable":true,"href":"https:\/\/www.everbridge.com\/fr\/wp-json\/wp\/v2\/comments?post=92238"}],"version-history":[{"count":0,"href":"https:\/\/www.everbridge.com\/fr\/wp-json\/wp\/v2\/pages\/92238\/revisions"}],"wp:attachment":[{"href":"https:\/\/www.everbridge.com\/fr\/wp-json\/wp\/v2\/media?parent=92238"}],"wp:term":[{"taxonomy":"author","embeddable":true,"href":"https:\/\/www.everbridge.com\/fr\/wp-json\/wp\/v2\/coauthors?post=92238"}],"curies":[{"name":"wp","href":"https:\/\/api.w.org\/{rel}","templated":true}]}}