{"id":92287,"date":"2025-01-27T09:48:46","date_gmt":"2025-01-27T09:48:46","guid":{"rendered":"https:\/\/www.everbridge.com\/fr\/?page_id=92287"},"modified":"2025-01-27T18:59:32","modified_gmt":"2025-01-27T18:59:32","slug":"contact-confirmation","status":"publish","type":"page","link":"https:\/\/www.everbridge.com\/fr\/contact-confirmation\/","title":{"rendered":"contact confirmation"},"content":{"rendered":"\n<div class=\"wp-block-columns mt-5 is-layout-flex wp-container-core-columns-is-layout-9d6595d7 wp-block-columns-is-layout-flex\">\n<div class=\"wp-block-column mb-3 is-layout-flow wp-block-column-is-layout-flow\">\n<h2 class=\"wp-block-heading has-text-align-center\">Merci de votre int\u00e9r\u00eat pour Everbridge. Nous sommes ici pour vous accompagner sur votre chemin vers plus de r\u00e9silience.<\/h2>\n<\/div>\n<\/div>\n\n\n\n<div class=\"wp-block-columns is-layout-flex wp-container-core-columns-is-layout-9d6595d7 wp-block-columns-is-layout-flex\">\n<div class=\"wp-block-column is-layout-flow wp-block-column-is-layout-flow\">\n<h4 class=\"wp-block-heading has-text-align-center\">Un expert de notre \u00e9quipe prendra contact avec vous sous peu.<br>Pour une assistance imm\u00e9diate, n&#8217;h\u00e9sitez pas \u00e0 nous contacter au <a href=\"https:\/\/www.everbridge.com\/fr\/contact-confirmation\/\">+33 (0) 1 88 38 04 78<\/a><\/h4>\n\n\n\n<p class=\"has-text-align-center \">Nous sommes impatients d&#8217;aider votre entreprise \u00e0 rester r\u00e9siliente. Ensemble, nous minimiserons les risques et favoriserons une transformation significative pour un succ\u00e8s durable.<\/p>\n<\/div>\n<\/div>\n\n\n\n<div class=\"wp-block-columns mt-5 mb-5 is-layout-flex wp-container-core-columns-is-layout-9d6595d7 wp-block-columns-is-layout-flex\">\n<div class=\"wp-block-column is-layout-flow wp-block-column-is-layout-flow\">\n<div class=\"wp-block-columns is-layout-flex wp-container-core-columns-is-layout-9d6595d7 wp-block-columns-is-layout-flex\">\n<div class=\"wp-block-column is-layout-flow wp-block-column-is-layout-flow\" style=\"flex-basis:10%\"><\/div>\n\n\n\n<div class=\"wp-block-column is-layout-flow wp-block-column-is-layout-flow\">\n<figure class=\"wp-block-image size-full  has-youtube-embed has-image-popup has-dark-mode hide-play-button-background\"><a href=\"https:\/\/youtu.be\/by3pG88adXg\"><img decoding=\"async\" src=\"https:\/\/www.everbridge.com\/es\/wp-content\/uploads\/sites\/5\/2022\/03\/Workplace-Violence-3.jpg\" alt=\"Workplace Violence Prevention\" class=\"wp-image-83748\"\/><\/a><\/figure>\n<\/div>\n\n\n\n<div class=\"wp-block-column is-layout-flow wp-block-column-is-layout-flow\" style=\"flex-basis:10%\"><\/div>\n<\/div>\n<\/div>\n<\/div>\n\n\n\n<div class=\"wp-block-group homepage-redesign-image-on-left has-e-9-f-0-f-2-background-color has-background is-layout-flow wp-block-group-is-layout-flow\">\n<div class=\"wp-block-columns are-vertically-aligned-center is-layout-flex wp-container-core-columns-is-layout-635756ed wp-block-columns-is-layout-flex\" style=\"padding-top:var(--wp--preset--spacing--3-xl);padding-bottom:var(--wp--preset--spacing--3-xl)\">\n<div class=\"wp-block-column is-vertically-aligned-center is-layout-flow wp-block-column-is-layout-flow\" style=\"flex-basis:58%\">\n<figure class=\"wp-block-image size-full is-style-default\"><img decoding=\"async\" src=\"https:\/\/www.everbridge.com\/wp-content\/uploads\/2025\/01\/Forrester-Wave-650x650-1.gif\" alt=\"Forrester Wave 650x650\" class=\"wp-image-101320\" style=\"object-fit:cover\"\/><\/figure>\n<\/div>\n\n\n\n<div class=\"wp-block-column is-vertically-aligned-center is-layout-flow wp-block-column-is-layout-flow\" style=\"flex-basis:42%\">\n<h2 class=\"wp-block-heading\" style=\"padding-right:0;padding-left:0\">Everbridge a \u00e9t\u00e9 d\u00e9sign\u00e9 leader dans The Forrester Wave\u2122 : Critical Event Management, Q4 2023.<\/h2>\n\n\n\n<p class=\"\">Renforcez la r\u00e9silience avec la plateforme leader en gestion des \u00e9v\u00e9nements critiques.<\/p>\n\n\n\n<div class=\"wp-block-buttons is-layout-flex wp-block-buttons-is-layout-flex\">\n<div class=\"wp-block-button is-style-button-style-12\"><a class=\"wp-block-button__link wp-element-button\" href=\"https:\/\/go.everbridge.com\/forrester-cem-wave.html\" target=\"_blank\" rel=\"noreferrer noopener\">Lire le rapport<\/a><\/div>\n<\/div>\n<\/div>\n<\/div>\n<\/div>\n","protected":false},"excerpt":{"rendered":"<p>Merci de votre int\u00e9r\u00eat pour Everbridge. Nous sommes ici pour vous accompagner sur votre chemin vers plus de r\u00e9silience. Un\u2026 <\/p>\n","protected":false},"author":200,"featured_media":0,"parent":0,"menu_order":0,"comment_status":"closed","ping_status":"closed","template":"","meta":{"_trash_the_other_posts":false,"_hide_footer":false,"resource_type":[],"editor_notices":[],"footnotes":"","page_schemas":[]},"coauthors":[87],"class_list":["post-92287","page","type-page","status-publish","hentry"],"yoast_primary_category":{"author":"the-everbridge-team"},"featured_image_src":null,"yoast_head":"<!-- This site is optimized with the Yoast SEO plugin v27.2 - https:\/\/yoast.com\/product\/yoast-seo-wordpress\/ -->\n<title>contact confirmation - Everbridge - Francais<\/title>\n<meta name=\"robots\" content=\"index, follow, max-snippet:-1, max-image-preview:large, max-video-preview:-1\" \/>\n<link rel=\"canonical\" href=\"https:\/\/www.everbridge.com\/fr\/contact-confirmation\/\" \/>\n<meta property=\"og:locale\" content=\"fr_FR\" \/>\n<meta property=\"og:type\" content=\"article\" \/>\n<meta property=\"og:title\" content=\"contact confirmation - Everbridge - Francais\" \/>\n<meta property=\"og:description\" content=\"Merci de votre int\u00e9r\u00eat pour Everbridge. Nous sommes ici pour vous accompagner sur votre chemin vers plus de r\u00e9silience. Un\u2026\" \/>\n<meta property=\"og:url\" content=\"https:\/\/www.everbridge.com\/fr\/contact-confirmation\/\" \/>\n<meta property=\"og:site_name\" content=\"Everbridge - Francais\" \/>\n<meta property=\"article:modified_time\" content=\"2025-01-27T18:59:32+00:00\" \/>\n<meta name=\"twitter:card\" content=\"summary_large_image\" \/>\n<meta name=\"twitter:label1\" content=\"Est. reading time\" \/>\n\t<meta name=\"twitter:data1\" content=\"1 minute\" \/>\n\t<meta name=\"twitter:label2\" content=\"Written by\" \/>\n\t<meta name=\"twitter:data2\" content=\"The Everbridge Team\" \/>\n<script type=\"application\/ld+json\" class=\"yoast-schema-graph\">{\"@context\":\"https:\/\/schema.org\",\"@graph\":[{\"@type\":\"WebPage\",\"@id\":\"https:\/\/www.everbridge.com\/fr\/contact-confirmation\/\",\"url\":\"https:\/\/www.everbridge.com\/fr\/contact-confirmation\/\",\"name\":\"contact confirmation - Everbridge - Francais\",\"isPartOf\":{\"@id\":\"https:\/\/www.everbridge.com\/fr\/#website\"},\"primaryImageOfPage\":{\"@id\":\"https:\/\/www.everbridge.com\/fr\/contact-confirmation\/#primaryimage\"},\"image\":{\"@id\":\"https:\/\/www.everbridge.com\/fr\/contact-confirmation\/#primaryimage\"},\"thumbnailUrl\":\"https:\/\/www.everbridge.com\/es\/wp-content\/uploads\/sites\/5\/2022\/03\/Workplace-Violence-3.jpg\",\"datePublished\":\"2025-01-27T09:48:46+00:00\",\"dateModified\":\"2025-01-27T18:59:32+00:00\",\"breadcrumb\":{\"@id\":\"https:\/\/www.everbridge.com\/fr\/contact-confirmation\/#breadcrumb\"},\"inLanguage\":\"fr-FR\",\"potentialAction\":[{\"@type\":\"ReadAction\",\"target\":[\"https:\/\/www.everbridge.com\/fr\/contact-confirmation\/\"]}]},{\"@type\":\"ImageObject\",\"inLanguage\":\"fr-FR\",\"@id\":\"https:\/\/www.everbridge.com\/fr\/contact-confirmation\/#primaryimage\",\"url\":\"https:\/\/www.everbridge.com\/es\/wp-content\/uploads\/sites\/5\/2022\/03\/Workplace-Violence-3.jpg\",\"contentUrl\":\"https:\/\/www.everbridge.com\/es\/wp-content\/uploads\/sites\/5\/2022\/03\/Workplace-Violence-3.jpg\"},{\"@type\":\"BreadcrumbList\",\"@id\":\"https:\/\/www.everbridge.com\/fr\/contact-confirmation\/#breadcrumb\",\"itemListElement\":[{\"@type\":\"ListItem\",\"position\":1,\"name\":\"Home\",\"item\":\"https:\/\/www.everbridge.com\/fr\/\"},{\"@type\":\"ListItem\",\"position\":2,\"name\":\"contact confirmation\"}]},{\"@type\":\"WebSite\",\"@id\":\"https:\/\/www.everbridge.com\/fr\/#website\",\"url\":\"https:\/\/www.everbridge.com\/fr\/\",\"name\":\"Everbridge - Francais\",\"description\":\"assurez la s\u00e9curit\u00e9 de vos employ\u00e9s et la continuit\u00e9 de vos activit\u00e9s\",\"publisher\":{\"@id\":\"https:\/\/www.everbridge.com\/fr\/#organization\"},\"potentialAction\":[{\"@type\":\"SearchAction\",\"target\":{\"@type\":\"EntryPoint\",\"urlTemplate\":\"https:\/\/www.everbridge.com\/fr\/?s={search_term_string}\"},\"query-input\":{\"@type\":\"PropertyValueSpecification\",\"valueRequired\":true,\"valueName\":\"search_term_string\"}}],\"inLanguage\":\"fr-FR\"},{\"@type\":\"Organization\",\"@id\":\"https:\/\/www.everbridge.com\/fr\/#organization\",\"name\":\"Everbridge - Francais\",\"url\":\"https:\/\/www.everbridge.com\/fr\/\",\"logo\":{\"@type\":\"ImageObject\",\"inLanguage\":\"fr-FR\",\"@id\":\"https:\/\/www.everbridge.com\/fr\/#\/schema\/logo\/image\/\",\"url\":\"https:\/\/www.everbridge.com\/fr\/wp-content\/uploads\/sites\/6\/2023\/03\/EVBG-Logo-Full-Color-RGB.svg\",\"contentUrl\":\"https:\/\/www.everbridge.com\/fr\/wp-content\/uploads\/sites\/6\/2023\/03\/EVBG-Logo-Full-Color-RGB.svg\",\"width\":1568,\"height\":310,\"caption\":\"Everbridge - Francais\"},\"image\":{\"@id\":\"https:\/\/www.everbridge.com\/fr\/#\/schema\/logo\/image\/\"}}]}<\/script>\n<!-- \/ Yoast SEO plugin. -->","yoast_head_json":{"title":"contact confirmation - Everbridge - Francais","robots":{"index":"index","follow":"follow","max-snippet":"max-snippet:-1","max-image-preview":"max-image-preview:large","max-video-preview":"max-video-preview:-1"},"canonical":"https:\/\/www.everbridge.com\/fr\/contact-confirmation\/","og_locale":"fr_FR","og_type":"article","og_title":"contact confirmation - Everbridge - Francais","og_description":"Merci de votre int\u00e9r\u00eat pour Everbridge. Nous sommes ici pour vous accompagner sur votre chemin vers plus de r\u00e9silience. Un\u2026","og_url":"https:\/\/www.everbridge.com\/fr\/contact-confirmation\/","og_site_name":"Everbridge - Francais","article_modified_time":"2025-01-27T18:59:32+00:00","twitter_card":"summary_large_image","twitter_misc":{"Est. reading time":"1 minute","Written by":"The Everbridge Team"},"schema":{"@context":"https:\/\/schema.org","@graph":[{"@type":"WebPage","@id":"https:\/\/www.everbridge.com\/fr\/contact-confirmation\/","url":"https:\/\/www.everbridge.com\/fr\/contact-confirmation\/","name":"contact confirmation - Everbridge - Francais","isPartOf":{"@id":"https:\/\/www.everbridge.com\/fr\/#website"},"primaryImageOfPage":{"@id":"https:\/\/www.everbridge.com\/fr\/contact-confirmation\/#primaryimage"},"image":{"@id":"https:\/\/www.everbridge.com\/fr\/contact-confirmation\/#primaryimage"},"thumbnailUrl":"https:\/\/www.everbridge.com\/es\/wp-content\/uploads\/sites\/5\/2022\/03\/Workplace-Violence-3.jpg","datePublished":"2025-01-27T09:48:46+00:00","dateModified":"2025-01-27T18:59:32+00:00","breadcrumb":{"@id":"https:\/\/www.everbridge.com\/fr\/contact-confirmation\/#breadcrumb"},"inLanguage":"fr-FR","potentialAction":[{"@type":"ReadAction","target":["https:\/\/www.everbridge.com\/fr\/contact-confirmation\/"]}]},{"@type":"ImageObject","inLanguage":"fr-FR","@id":"https:\/\/www.everbridge.com\/fr\/contact-confirmation\/#primaryimage","url":"https:\/\/www.everbridge.com\/es\/wp-content\/uploads\/sites\/5\/2022\/03\/Workplace-Violence-3.jpg","contentUrl":"https:\/\/www.everbridge.com\/es\/wp-content\/uploads\/sites\/5\/2022\/03\/Workplace-Violence-3.jpg"},{"@type":"BreadcrumbList","@id":"https:\/\/www.everbridge.com\/fr\/contact-confirmation\/#breadcrumb","itemListElement":[{"@type":"ListItem","position":1,"name":"Home","item":"https:\/\/www.everbridge.com\/fr\/"},{"@type":"ListItem","position":2,"name":"contact confirmation"}]},{"@type":"WebSite","@id":"https:\/\/www.everbridge.com\/fr\/#website","url":"https:\/\/www.everbridge.com\/fr\/","name":"Everbridge - Francais","description":"assurez la s\u00e9curit\u00e9 de vos employ\u00e9s et la continuit\u00e9 de vos activit\u00e9s","publisher":{"@id":"https:\/\/www.everbridge.com\/fr\/#organization"},"potentialAction":[{"@type":"SearchAction","target":{"@type":"EntryPoint","urlTemplate":"https:\/\/www.everbridge.com\/fr\/?s={search_term_string}"},"query-input":{"@type":"PropertyValueSpecification","valueRequired":true,"valueName":"search_term_string"}}],"inLanguage":"fr-FR"},{"@type":"Organization","@id":"https:\/\/www.everbridge.com\/fr\/#organization","name":"Everbridge - Francais","url":"https:\/\/www.everbridge.com\/fr\/","logo":{"@type":"ImageObject","inLanguage":"fr-FR","@id":"https:\/\/www.everbridge.com\/fr\/#\/schema\/logo\/image\/","url":"https:\/\/www.everbridge.com\/fr\/wp-content\/uploads\/sites\/6\/2023\/03\/EVBG-Logo-Full-Color-RGB.svg","contentUrl":"https:\/\/www.everbridge.com\/fr\/wp-content\/uploads\/sites\/6\/2023\/03\/EVBG-Logo-Full-Color-RGB.svg","width":1568,"height":310,"caption":"Everbridge - Francais"},"image":{"@id":"https:\/\/www.everbridge.com\/fr\/#\/schema\/logo\/image\/"}}]}},"get_extra_meta_fields":{"date_format":"F j, Y","is_summary":false,"description":"Merci de votre int\u00e9r\u00eat pour Everbridge. Nous sommes ici pour vous accompagner sur votre chemin vers plus de r\u00e9silience. Un\u2026 ","external_url":"https:\/\/www.everbridge.com\/fr\/contact-confirmation\/","link_text":"Read more"},"get_external_url":"https:\/\/www.everbridge.com\/fr\/contact-confirmation\/","get_external_title":"Read more","get_term_title":{"author":"the-everbridge-team"},"_links":{"self":[{"href":"https:\/\/www.everbridge.com\/fr\/wp-json\/wp\/v2\/pages\/92287","targetHints":{"allow":["GET"]}}],"collection":[{"href":"https:\/\/www.everbridge.com\/fr\/wp-json\/wp\/v2\/pages"}],"about":[{"href":"https:\/\/www.everbridge.com\/fr\/wp-json\/wp\/v2\/types\/page"}],"author":[{"embeddable":true,"href":"https:\/\/www.everbridge.com\/fr\/wp-json\/wp\/v2\/users\/200"}],"replies":[{"embeddable":true,"href":"https:\/\/www.everbridge.com\/fr\/wp-json\/wp\/v2\/comments?post=92287"}],"version-history":[{"count":0,"href":"https:\/\/www.everbridge.com\/fr\/wp-json\/wp\/v2\/pages\/92287\/revisions"}],"wp:attachment":[{"href":"https:\/\/www.everbridge.com\/fr\/wp-json\/wp\/v2\/media?parent=92287"}],"wp:term":[{"taxonomy":"author","embeddable":true,"href":"https:\/\/www.everbridge.com\/fr\/wp-json\/wp\/v2\/coauthors?post=92287"}],"curies":[{"name":"wp","href":"https:\/\/api.w.org\/{rel}","templated":true}]}}