{"id":92292,"date":"2025-01-29T11:45:58","date_gmt":"2025-01-29T11:45:58","guid":{"rendered":"https:\/\/www.everbridge.com\/fr\/?page_id=92292"},"modified":"2025-01-29T11:45:59","modified_gmt":"2025-01-29T11:45:59","slug":"webinaires","status":"publish","type":"page","link":"https:\/\/www.everbridge.com\/fr\/ressources\/webinaires\/","title":{"rendered":"Webinaires"},"content":{"rendered":"<div class=\"wp-block-tenup-hero-inside-rebrand\">\n\t<div class=\"hero-inside-block-rebrand\">\n\t\t<div class=\"hero-inside-container\">\n\t\t\t\n\n<div class=\"wp-block-columns is-layout-flex wp-container-core-columns-is-layout-9d6595d7 wp-block-columns-is-layout-flex\">\n<div class=\"wp-block-column hero-inside-column hero-inside-left is-layout-flow wp-block-column-is-layout-flow\" style=\"flex-basis:50%\">\n<h6 class=\"wp-block-heading hero-sub-title\" id=\"h-\" style=\"text-transform:none\"><\/h6>\n\n\n\n<h1 class=\"wp-block-heading hero-entry-title\" id=\"h-webinars\">Webinaires<\/h1>\n\n\n\n<p class=\"hero-content lead \">D\u00e9couvrez ici des webinaires \u00e0 venir ainsi que des webinaires \u00e0 la demande, que vous pouvez visionner facilement \u00e0 votre convenance.<\/p>\n\n\n\n<div class=\"wp-block-button is-style-button-style-1\"><a class=\"wp-block-button__link wp-element-button\" href=\"https:\/\/www.everbridge.com\/fr\/demo\">Planifier une d\u00e9mo<\/a><\/div>\n<\/div>\n\n\n\n<div class=\"wp-block-column hero-inside-column hero-inside-right is-layout-flow wp-block-column-is-layout-flow\" style=\"flex-basis:50%\">\n<figure class=\"wp-block-image alignleft size-full hero-image-wrap is-style-rc-right-top\"><div class=\"wp-block-image-wrap\"><img decoding=\"async\" src=\"https:\/\/www.everbridge.com\/wp-content\/uploads\/2022\/09\/easy-user-interface-POP_ALERTING.jpg\" alt=\"woman looking at laptop\" class=\"wp-image-91298\" \/><\/div><\/figure>\n<\/div>\n<\/div>\n\n\t\t<\/div>\n\t<\/div>\n<\/div>\n\n\n\n<div class=\"container\">\n\t<div class=\"event-filter\">\n\t<form method=\"GET\" id=\"js_event_filter_form\" name=\"event_filter_form\" action=\"https:\/\/www.everbridge.com\/fr\/ressources\/webinaires\/\">\n\t\t<div class=\"event-items\">\n\t\t\t<div class=\"event-item event-item--label\">\n\t\t\t\t<strong>Filter by<\/strong>\n\t\t\t<\/div>\n\t\t\t\t<div class=\"event-item select-wrap\">\n\t\t<select name=\"resource_type\" class=\"select-field\">\n\t\t\t<option value=\"\">All Types<\/option>\n\t\t\t<option  value=\"84\" >Best Practices<\/option><option  data-special=\"blog\">Blog<\/option><option  value=\"82\" >Customer Story<\/option><option  value=\"89\" >Event<\/option><option  value=\"91\" >Product Demo<\/option><option  value=\"90\" >Report<\/option><option  value=\"92\" >Video<\/option><option  selected='selected' value=\"88\" >Webinar<\/option>\t\t<\/select>\n\t<\/div>\n\t\t<div class=\"event-item select-wrap\">\n\t\t<select name=\"use_case\" class=\"select-field\">\n\t\t\t<option value=\"\">All Use Cases<\/option>\n\t\t\t<option  value=\"62\" >Anticipate and Prevent Disruptions to Operations<\/option><option  value=\"70\" >Automate IT Response<\/option><option  value=\"65\" >Business Continuity Planning<\/option><option  value=\"64\" >CMS Emergency Preparedness<\/option><option  value=\"63\" >Crisis Communications<\/option><option  value=\"66\" >Duty of Care<\/option><option  value=\"71\" >InfoSec Response<\/option><option  value=\"72\" >IT Incident Management<\/option><option  value=\"73\" >IT Service Continuity and Recovery<\/option><option  value=\"67\" >Keep Employees Safe Everywhere<\/option><option  value=\"68\" >Lone Worker Safety<\/option><option  value=\"81\" >Severe Weather Preparedness<\/option><option  value=\"69\" >Workplace Violence<\/option>\t\t<\/select>\n\t<\/div>\n\t\t<div class=\"event-item select-wrap\">\n\t\t<select name=\"industry\" class=\"select-field\">\n\t\t\t<option value=\"\">All Industries<\/option>\n\t\t\t<option  value=\"74\" >Corporate<\/option><option  value=\"75\" >Education<\/option><option  value=\"76\" >Energy + Utilities<\/option><option  value=\"77\" >Government + Federal Agencies<\/option><option  value=\"78\" >Hospitals + Healthcare Systems<\/option><option  value=\"80\" >Retail + eCommerce<\/option><option  value=\"79\" >States + Local Governments<\/option>\t\t<\/select>\n\t<\/div>\n\t\t<div class=\"event-item select-wrap\">\n\t\t<select name=\"resource_region\" class=\"select-field\">\n\t\t\t<option value=\"\">All Regions<\/option>\n\t\t\t\t\t<\/select>\n\t<\/div>\n\t\t\t\t\t\t\t\t<div class=\"event-item actions\">\n\t\t\t\t\t<button type=\"reset\" class=\"button-style-1\" >Clear filters<\/button>\n\t\t\t\t<\/div>\n\t\t\t\n\t\t<\/div>\n\t<\/form>\n<\/div>\n\t\t<div class=\"event-filter-content\">\n\t\t\t<div class=\"event-grid\">\n\t\t\t\t<article id=\"post-92309\" class=\"post-92309 resource type-resource status-publish has-post-thumbnail hentry use_case-anticipate-and-prevent-disruptions-to-operations use_case-automate-it-response use_case-business-continuity-planning use_case-cms-emergency-preparedness use_case-crisis-communications use_case-duty-of-care use_case-infosec-response industry-corporate industry-education industry-energy-utilities industry-government-federal industry-hospitals-healthcare industry-retail-ecommerce industry-states-local-government resource_type-best-practices resource_type-webinar\">\n\t<header>\n\t\t<div class=\"post-thumbnail image-wrapper\"><a target=\"_blank\" href=\"https:\/\/go.everbridge.com\/unpacking-2024-lessons-learned-from-a-year-of-threats-101RegistrationPage-On-DemandWebinar.html\"><img width=\"360\" height=\"200\" src=\"https:\/\/www.everbridge.com\/fr\/wp-content\/uploads\/sites\/6\/2022\/09\/Safety-Connection-360x200.jpg\" class=\"attachment-fp-featured-thumb size-fp-featured-thumb wp-post-image\" alt=\"Webinaire \u00e0 la demande : tirer les le\u00e7ons des menaces de 2024\" loading=\"lazy\" decoding=\"async\" srcset=\"https:\/\/www.everbridge.com\/fr\/wp-content\/uploads\/sites\/6\/2022\/09\/Safety-Connection-360x200.jpg 360w, https:\/\/www.everbridge.com\/fr\/wp-content\/uploads\/sites\/6\/2022\/09\/Safety-Connection-320x178.jpg 320w\" sizes=\"auto, (max-width: 360px) 100vw, 360px\" \/><\/a><\/div><h3 class=\"post-title\">Webinaire \u00e0 la demande : tirer les le\u00e7ons des menaces de 2024<\/h3>\t\t\t<div class=\"resource-tags\">\n\t\t\t\t\t\t\t\t\t\t<span class=\"tag-pill tag-type\">\n\t\t\t\t\t\t\tBest Practices\t\t\t\t\t\t<\/span>\n\t\t\t\t\t\t\t\t\t\t\t\t<span class=\"tag-pill tag-type\">\n\t\t\t\t\t\t\tWebinar\t\t\t\t\t\t<\/span>\n\t\t\t\t\t\t\t\t\t<\/div>\n\t\t\t\t<\/header>\n\t<div class=\"post-excerpt\"><p>Ce webinaire s'adresse aux organisations qui souhaitent renforcer leur r\u00e9silience op\u00e9rationnelle dans un monde de plus en plus incertain. Apprenez-en plus sur les d\u00e9fis \u00e0 relever.<\/p>\n<\/div>\t<footer>\n\t\t<p><a target=\"_blank\" class=\"read-more\" href=\"https:\/\/go.everbridge.com\/unpacking-2024-lessons-learned-from-a-year-of-threats-101RegistrationPage-On-DemandWebinar.html\" aria-label=\"Voir maintenant about Webinaire \u00e0 la demande : tirer les le\u00e7ons des menaces de 2024\">Voir maintenant<\/a><\/p>\t<\/footer>\n<\/article>\n<article id=\"post-92339\" class=\"post-92339 resource type-resource status-publish has-post-thumbnail hentry resource_type-product-demo resource_type-video resource_type-webinar\">\n\t<header>\n\t\t<div class=\"post-thumbnail image-wrapper\"><a target=\"_blank\" href=\"https:\/\/www.youtube.com\/watch?v=VzDfN1WOnBQ&#038;t=1168s\"><img width=\"360\" height=\"200\" src=\"https:\/\/www.everbridge.com\/fr\/wp-content\/uploads\/sites\/6\/2025\/05\/admin-ajax-1-360x200.jpg\" class=\"attachment-fp-featured-thumb size-fp-featured-thumb wp-post-image\" alt=\"D\u00e9monstration de produit: Crises cyber: quelles sont les cl\u00e9s d\u2019une gestion efficace? Panorama des bonnes pratiques et outils\" loading=\"lazy\" decoding=\"async\" srcset=\"https:\/\/www.everbridge.com\/fr\/wp-content\/uploads\/sites\/6\/2025\/05\/admin-ajax-1-360x200.jpg 360w, https:\/\/www.everbridge.com\/fr\/wp-content\/uploads\/sites\/6\/2025\/05\/admin-ajax-1-320x178.jpg 320w\" sizes=\"auto, (max-width: 360px) 100vw, 360px\" \/><\/a><\/div><h3 class=\"post-title\">D\u00e9monstration de produit: Crises cyber: quelles sont les cl\u00e9s d\u2019une gestion efficace? Panorama des bonnes pratiques et outils<\/h3>\t\t\t<div class=\"resource-tags\">\n\t\t\t\t\t\t\t\t\t\t<span class=\"tag-pill tag-type\">\n\t\t\t\t\t\t\tProduct Demo\t\t\t\t\t\t<\/span>\n\t\t\t\t\t\t\t\t\t\t\t\t<span class=\"tag-pill tag-type\">\n\t\t\t\t\t\t\tVideo\t\t\t\t\t\t<\/span>\n\t\t\t\t\t\t\t\t\t\t\t\t<span class=\"tag-pill tag-type\">\n\t\t\t\t\t\t\tWebinar\t\t\t\t\t\t<\/span>\n\t\t\t\t\t\t\t\t\t<\/div>\n\t\t\t\t<\/header>\n\t<div class=\"post-excerpt\"><p>A l\u2019occasion du Cybermoi\/s 2023, le d\u00e9partement CSIRT, Crise &amp; R\u00e9silience de PwC, et Everbridge, leader sur le march\u00e9 des outils de gestion de crise et incident.<\/p>\n<\/div>\t<footer>\n\t\t<p><a target=\"_blank\" class=\"read-more\" href=\"https:\/\/www.youtube.com\/watch?v=VzDfN1WOnBQ&#038;t=1168s\" aria-label=\"Voir plus about D\u00e9monstration de produit: Crises cyber: quelles sont les cl\u00e9s d\u2019une gestion efficace? Panorama des bonnes pratiques et outils\">Voir plus<\/a><\/p>\t<\/footer>\n<\/article>\n<article id=\"post-92321\" class=\"post-92321 resource type-resource status-publish has-post-thumbnail hentry use_case-anticipate-and-prevent-disruptions-to-operations use_case-automate-it-response use_case-business-continuity-planning use_case-cms-emergency-preparedness use_case-crisis-communications use_case-duty-of-care use_case-infosec-response use_case-it-incident-management use_case-it-service-continuity-and-recovery use_case-keep-employees-safe-everywhere use_case-lone-worker-safety use_case-severe-weather-preparedness use_case-workplace-violence resource_type-best-practices resource_type-webinar\">\n\t<header>\n\t\t<div class=\"post-thumbnail image-wrapper\"><a target=\"_blank\" href=\"https:\/\/www.youtube.com\/watch?v=i-mfxjOs6g4\"><img width=\"360\" height=\"200\" src=\"https:\/\/www.everbridge.com\/fr\/wp-content\/uploads\/sites\/6\/2025\/04\/critical-infrastructure-blog-tile-360x200.jpg\" class=\"attachment-fp-featured-thumb size-fp-featured-thumb wp-post-image\" alt=\"Webinaire \u00e0 la demande : La voie \u00e0 suivre pour s\u00e9curiser les infrastructures nationales critiques\" loading=\"lazy\" decoding=\"async\" srcset=\"https:\/\/www.everbridge.com\/fr\/wp-content\/uploads\/sites\/6\/2025\/04\/critical-infrastructure-blog-tile-360x200.jpg 360w, https:\/\/www.everbridge.com\/fr\/wp-content\/uploads\/sites\/6\/2025\/04\/critical-infrastructure-blog-tile-320x178.jpg 320w\" sizes=\"auto, (max-width: 360px) 100vw, 360px\" \/><\/a><\/div><h3 class=\"post-title\">Webinaire \u00e0 la demande : La voie \u00e0 suivre pour s\u00e9curiser les infrastructures nationales critiques<\/h3>\t\t\t<div class=\"resource-tags\">\n\t\t\t\t\t\t\t\t\t\t<span class=\"tag-pill tag-type\">\n\t\t\t\t\t\t\tBest Practices\t\t\t\t\t\t<\/span>\n\t\t\t\t\t\t\t\t\t\t\t\t<span class=\"tag-pill tag-type\">\n\t\t\t\t\t\t\tWebinar\t\t\t\t\t\t<\/span>\n\t\t\t\t\t\t\t\t\t<\/div>\n\t\t\t\t<\/header>\n\t<div class=\"post-excerpt\"><p>Les infrastructures nationales critiques (INC) sont bien plus que de simples syst\u00e8mes vitaux. Vous pouvez regarder le webinaire \u00e0 la demande d\u00e8s maintenant.<\/p>\n<\/div>\t<footer>\n\t\t<p><a target=\"_blank\" class=\"read-more\" href=\"https:\/\/www.youtube.com\/watch?v=i-mfxjOs6g4\" aria-label=\"Voir plus about Webinaire \u00e0 la demande : La voie \u00e0 suivre pour s\u00e9curiser les infrastructures nationales critiques\">Voir plus<\/a><\/p>\t<\/footer>\n<\/article>\n<article id=\"post-92319\" class=\"post-92319 resource type-resource status-publish has-post-thumbnail hentry use_case-anticipate-and-prevent-disruptions-to-operations use_case-automate-it-response use_case-business-continuity-planning use_case-cms-emergency-preparedness use_case-crisis-communications use_case-duty-of-care use_case-infosec-response use_case-it-incident-management use_case-it-service-continuity-and-recovery use_case-keep-employees-safe-everywhere use_case-lone-worker-safety use_case-severe-weather-preparedness use_case-workplace-violence resource_type-best-practices resource_type-webinar\">\n\t<header>\n\t\t<div class=\"post-thumbnail image-wrapper\"><a target=\"_blank\" href=\"https:\/\/www.youtube.com\/watch?v=h-CRt2FqkTI\"><img width=\"360\" height=\"200\" src=\"https:\/\/www.everbridge.com\/fr\/wp-content\/uploads\/sites\/6\/2025\/04\/Executive-protection-monitoring-signal-360x200.jpg\" class=\"attachment-fp-featured-thumb size-fp-featured-thumb wp-post-image\" alt=\"Webinaire \u00e0 la demande : Lib\u00e9rer la r\u00e9silience op\u00e9rationnelle gr\u00e2ce aux solutions num\u00e9riques\" loading=\"lazy\" decoding=\"async\" srcset=\"https:\/\/www.everbridge.com\/fr\/wp-content\/uploads\/sites\/6\/2025\/04\/Executive-protection-monitoring-signal-360x200.jpg 360w, https:\/\/www.everbridge.com\/fr\/wp-content\/uploads\/sites\/6\/2025\/04\/Executive-protection-monitoring-signal-320x178.jpg 320w\" sizes=\"auto, (max-width: 360px) 100vw, 360px\" \/><\/a><\/div><h3 class=\"post-title\">Webinaire \u00e0 la demande : Lib\u00e9rer la r\u00e9silience op\u00e9rationnelle gr\u00e2ce aux solutions num\u00e9riques<\/h3>\t\t\t<div class=\"resource-tags\">\n\t\t\t\t\t\t\t\t\t\t<span class=\"tag-pill tag-type\">\n\t\t\t\t\t\t\tBest Practices\t\t\t\t\t\t<\/span>\n\t\t\t\t\t\t\t\t\t\t\t\t<span class=\"tag-pill tag-type\">\n\t\t\t\t\t\t\tWebinar\t\t\t\t\t\t<\/span>\n\t\t\t\t\t\t\t\t\t<\/div>\n\t\t\t\t<\/header>\n\t<div class=\"post-excerpt\"><p>Il est con\u00e7u pour les professionnels de la continuit\u00e9 des activit\u00e9s, et nous y explorons les solutions num\u00e9riques n\u00e9cessaires pour atteindre une v\u00e9ritable r\u00e9silience op\u00e9rationnelle<\/p>\n<\/div>\t<footer>\n\t\t<p><a target=\"_blank\" class=\"read-more\" href=\"https:\/\/www.youtube.com\/watch?v=h-CRt2FqkTI\" aria-label=\"Voir plus about Webinaire \u00e0 la demande : Lib\u00e9rer la r\u00e9silience op\u00e9rationnelle gr\u00e2ce aux solutions num\u00e9riques\">Voir plus<\/a><\/p>\t<\/footer>\n<\/article>\n<article id=\"post-92297\" class=\"post-92297 resource type-resource status-publish has-post-thumbnail hentry use_case-anticipate-and-prevent-disruptions-to-operations use_case-automate-it-response use_case-business-continuity-planning use_case-cms-emergency-preparedness use_case-crisis-communications use_case-duty-of-care use_case-infosec-response use_case-it-incident-management use_case-it-service-continuity-and-recovery use_case-keep-employees-safe-everywhere use_case-lone-worker-safety use_case-severe-weather-preparedness use_case-workplace-violence industry-corporate industry-education industry-energy-utilities industry-government-federal industry-hospitals-healthcare industry-retail-ecommerce industry-states-local-government resource_type-webinar\">\n\t<header>\n\t\t<div class=\"post-thumbnail image-wrapper\"><a target=\"_blank\" href=\"https:\/\/go.everbridge.com\/emea-webinar-achieve-operational-resilience-in-a-regulated-world-reg-on-demand-page.html?trk=everbridge-web-webinar&#038;utm_source=everbridge&#038;utm_medium=web&#038;utm_campaign=achieve-operational-resilience-in-a-regulated-world&#038;utm_content=webinar\"><img width=\"360\" height=\"200\" src=\"https:\/\/www.everbridge.com\/fr\/wp-content\/uploads\/sites\/6\/2025\/01\/Building-operational-resilience-360x200.jpg\" class=\"attachment-fp-featured-thumb size-fp-featured-thumb wp-post-image\" alt=\"Webinaire \u00e0 la demande: Comment cr\u00e9er une r\u00e9silience op\u00e9rationnelle dans un monde r\u00e9glement\u00e9\" loading=\"lazy\" decoding=\"async\" srcset=\"https:\/\/www.everbridge.com\/fr\/wp-content\/uploads\/sites\/6\/2025\/01\/Building-operational-resilience-360x200.jpg 360w, https:\/\/www.everbridge.com\/fr\/wp-content\/uploads\/sites\/6\/2025\/01\/Building-operational-resilience-320x178.jpg 320w\" sizes=\"auto, (max-width: 360px) 100vw, 360px\" \/><\/a><\/div><h3 class=\"post-title\">Webinaire \u00e0 la demande: Comment cr\u00e9er une r\u00e9silience op\u00e9rationnelle dans un monde r\u00e9glement\u00e9<\/h3>\t\t\t<div class=\"resource-tags\">\n\t\t\t\t\t\t\t\t\t\t<span class=\"tag-pill tag-type\">\n\t\t\t\t\t\t\tWebinar\t\t\t\t\t\t<\/span>\n\t\t\t\t\t\t\t\t\t<\/div>\n\t\t\t\t<\/header>\n\t<div class=\"post-excerpt\"><p>La construction d'une r\u00e9silience op\u00e9rationnelle est aujourd'hui plus importante que jamais \u2013 en particulier en ce qui concerne DORA et le cadre pour la r\u00e9silience op\u00e9rationnelle.<\/p>\n<\/div>\t<footer>\n\t\t<p><a target=\"_blank\" class=\"read-more\" href=\"https:\/\/go.everbridge.com\/emea-webinar-achieve-operational-resilience-in-a-regulated-world-reg-on-demand-page.html?trk=everbridge-web-webinar&#038;utm_source=everbridge&#038;utm_medium=web&#038;utm_campaign=achieve-operational-resilience-in-a-regulated-world&#038;utm_content=webinar\" aria-label=\"Regarder maintenant about Webinaire \u00e0 la demande: Comment cr\u00e9er une r\u00e9silience op\u00e9rationnelle dans un monde r\u00e9glement\u00e9\">Regarder maintenant<\/a><\/p>\t<\/footer>\n<\/article>\n\t\t\t<\/div>\n\t\t<\/div>\n\t\t\n<div class=\"pagination\">\n\t<\/div>\n\t\t<\/div>\n\n\n\n<p class=\"\"><\/p>\n","protected":false},"excerpt":{"rendered":"","protected":false},"author":200,"featured_media":0,"parent":92290,"menu_order":0,"comment_status":"closed","ping_status":"closed","template":"","meta":{"_trash_the_other_posts":false,"_hide_footer":false,"product_schema":[],"resource_type":[],"editor_notices":[],"footnotes":""},"coauthors":[87],"class_list":["post-92292","page","type-page","status-publish","hentry"],"yoast_primary_category":{"author":"the-everbridge-team"},"featured_image_src":null,"yoast_head":"<!-- This site is optimized with the Yoast SEO plugin v27.2 - https:\/\/yoast.com\/product\/yoast-seo-wordpress\/ -->\n<title>Webinaires - Everbridge - Francais<\/title>\n<meta name=\"robots\" content=\"index, follow, max-snippet:-1, max-image-preview:large, max-video-preview:-1\" \/>\n<link rel=\"canonical\" href=\"https:\/\/www.everbridge.com\/fr\/ressources\/webinaires\/\" \/>\n<meta property=\"og:locale\" content=\"fr_FR\" \/>\n<meta property=\"og:type\" content=\"article\" \/>\n<meta property=\"og:title\" content=\"Webinaires - Everbridge - Francais\" \/>\n<meta property=\"og:url\" content=\"https:\/\/www.everbridge.com\/fr\/ressources\/webinaires\/\" \/>\n<meta property=\"og:site_name\" content=\"Everbridge - Francais\" \/>\n<meta property=\"article:modified_time\" content=\"2025-01-29T11:45:59+00:00\" \/>\n<meta name=\"twitter:card\" content=\"summary_large_image\" \/>\n<meta name=\"twitter:label1\" content=\"Est. reading time\" \/>\n\t<meta name=\"twitter:data1\" content=\"1 minute\" \/>\n\t<meta name=\"twitter:label2\" content=\"Written by\" \/>\n\t<meta name=\"twitter:data2\" content=\"mfleischer\" \/>\n<script type=\"application\/ld+json\" class=\"yoast-schema-graph\">{\"@context\":\"https:\/\/schema.org\",\"@graph\":[{\"@type\":\"WebPage\",\"@id\":\"https:\/\/www.everbridge.com\/fr\/ressources\/webinaires\/\",\"url\":\"https:\/\/www.everbridge.com\/fr\/ressources\/webinaires\/\",\"name\":\"Webinaires - Everbridge - Francais\",\"isPartOf\":{\"@id\":\"https:\/\/www.everbridge.com\/fr\/#website\"},\"primaryImageOfPage\":{\"@id\":\"https:\/\/www.everbridge.com\/fr\/ressources\/webinaires\/#primaryimage\"},\"image\":{\"@id\":\"https:\/\/www.everbridge.com\/fr\/ressources\/webinaires\/#primaryimage\"},\"thumbnailUrl\":\"https:\/\/www.everbridge.com\/wp-content\/uploads\/2022\/09\/easy-user-interface-POP_ALERTING.jpg\",\"datePublished\":\"2025-01-29T11:45:58+00:00\",\"dateModified\":\"2025-01-29T11:45:59+00:00\",\"breadcrumb\":{\"@id\":\"https:\/\/www.everbridge.com\/fr\/ressources\/webinaires\/#breadcrumb\"},\"inLanguage\":\"fr-FR\",\"potentialAction\":[{\"@type\":\"ReadAction\",\"target\":[\"https:\/\/www.everbridge.com\/fr\/ressources\/webinaires\/\"]}]},{\"@type\":\"ImageObject\",\"inLanguage\":\"fr-FR\",\"@id\":\"https:\/\/www.everbridge.com\/fr\/ressources\/webinaires\/#primaryimage\",\"url\":\"https:\/\/www.everbridge.com\/wp-content\/uploads\/2022\/09\/easy-user-interface-POP_ALERTING.jpg\",\"contentUrl\":\"https:\/\/www.everbridge.com\/wp-content\/uploads\/2022\/09\/easy-user-interface-POP_ALERTING.jpg\"},{\"@type\":\"BreadcrumbList\",\"@id\":\"https:\/\/www.everbridge.com\/fr\/ressources\/webinaires\/#breadcrumb\",\"itemListElement\":[{\"@type\":\"ListItem\",\"position\":1,\"name\":\"Home\",\"item\":\"https:\/\/www.everbridge.com\/fr\/\"},{\"@type\":\"ListItem\",\"position\":2,\"name\":\"Ressources\",\"item\":\"https:\/\/www.everbridge.com\/fr\/ressources\/\"},{\"@type\":\"ListItem\",\"position\":3,\"name\":\"Webinaires\"}]},{\"@type\":\"WebSite\",\"@id\":\"https:\/\/www.everbridge.com\/fr\/#website\",\"url\":\"https:\/\/www.everbridge.com\/fr\/\",\"name\":\"Everbridge - Francais\",\"description\":\"assurez la s\u00e9curit\u00e9 de vos employ\u00e9s et la continuit\u00e9 de vos activit\u00e9s\",\"publisher\":{\"@id\":\"https:\/\/www.everbridge.com\/fr\/#organization\"},\"potentialAction\":[{\"@type\":\"SearchAction\",\"target\":{\"@type\":\"EntryPoint\",\"urlTemplate\":\"https:\/\/www.everbridge.com\/fr\/?s={search_term_string}\"},\"query-input\":{\"@type\":\"PropertyValueSpecification\",\"valueRequired\":true,\"valueName\":\"search_term_string\"}}],\"inLanguage\":\"fr-FR\"},{\"@type\":\"Organization\",\"@id\":\"https:\/\/www.everbridge.com\/fr\/#organization\",\"name\":\"Everbridge - Francais\",\"url\":\"https:\/\/www.everbridge.com\/fr\/\",\"logo\":{\"@type\":\"ImageObject\",\"inLanguage\":\"fr-FR\",\"@id\":\"https:\/\/www.everbridge.com\/fr\/#\/schema\/logo\/image\/\",\"url\":\"https:\/\/www.everbridge.com\/fr\/wp-content\/uploads\/sites\/6\/2023\/03\/EVBG-Logo-Full-Color-RGB.svg\",\"contentUrl\":\"https:\/\/www.everbridge.com\/fr\/wp-content\/uploads\/sites\/6\/2023\/03\/EVBG-Logo-Full-Color-RGB.svg\",\"width\":1568,\"height\":310,\"caption\":\"Everbridge - Francais\"},\"image\":{\"@id\":\"https:\/\/www.everbridge.com\/fr\/#\/schema\/logo\/image\/\"}}]}<\/script>\n<!-- \/ Yoast SEO plugin. -->","yoast_head_json":{"title":"Webinaires - Everbridge - Francais","robots":{"index":"index","follow":"follow","max-snippet":"max-snippet:-1","max-image-preview":"max-image-preview:large","max-video-preview":"max-video-preview:-1"},"canonical":"https:\/\/www.everbridge.com\/fr\/ressources\/webinaires\/","og_locale":"fr_FR","og_type":"article","og_title":"Webinaires - Everbridge - Francais","og_url":"https:\/\/www.everbridge.com\/fr\/ressources\/webinaires\/","og_site_name":"Everbridge - Francais","article_modified_time":"2025-01-29T11:45:59+00:00","twitter_card":"summary_large_image","twitter_misc":{"Est. reading time":"1 minute","Written by":"mfleischer"},"schema":{"@context":"https:\/\/schema.org","@graph":[{"@type":"WebPage","@id":"https:\/\/www.everbridge.com\/fr\/ressources\/webinaires\/","url":"https:\/\/www.everbridge.com\/fr\/ressources\/webinaires\/","name":"Webinaires - Everbridge - Francais","isPartOf":{"@id":"https:\/\/www.everbridge.com\/fr\/#website"},"primaryImageOfPage":{"@id":"https:\/\/www.everbridge.com\/fr\/ressources\/webinaires\/#primaryimage"},"image":{"@id":"https:\/\/www.everbridge.com\/fr\/ressources\/webinaires\/#primaryimage"},"thumbnailUrl":"https:\/\/www.everbridge.com\/wp-content\/uploads\/2022\/09\/easy-user-interface-POP_ALERTING.jpg","datePublished":"2025-01-29T11:45:58+00:00","dateModified":"2025-01-29T11:45:59+00:00","breadcrumb":{"@id":"https:\/\/www.everbridge.com\/fr\/ressources\/webinaires\/#breadcrumb"},"inLanguage":"fr-FR","potentialAction":[{"@type":"ReadAction","target":["https:\/\/www.everbridge.com\/fr\/ressources\/webinaires\/"]}]},{"@type":"ImageObject","inLanguage":"fr-FR","@id":"https:\/\/www.everbridge.com\/fr\/ressources\/webinaires\/#primaryimage","url":"https:\/\/www.everbridge.com\/wp-content\/uploads\/2022\/09\/easy-user-interface-POP_ALERTING.jpg","contentUrl":"https:\/\/www.everbridge.com\/wp-content\/uploads\/2022\/09\/easy-user-interface-POP_ALERTING.jpg"},{"@type":"BreadcrumbList","@id":"https:\/\/www.everbridge.com\/fr\/ressources\/webinaires\/#breadcrumb","itemListElement":[{"@type":"ListItem","position":1,"name":"Home","item":"https:\/\/www.everbridge.com\/fr\/"},{"@type":"ListItem","position":2,"name":"Ressources","item":"https:\/\/www.everbridge.com\/fr\/ressources\/"},{"@type":"ListItem","position":3,"name":"Webinaires"}]},{"@type":"WebSite","@id":"https:\/\/www.everbridge.com\/fr\/#website","url":"https:\/\/www.everbridge.com\/fr\/","name":"Everbridge - Francais","description":"assurez la s\u00e9curit\u00e9 de vos employ\u00e9s et la continuit\u00e9 de vos activit\u00e9s","publisher":{"@id":"https:\/\/www.everbridge.com\/fr\/#organization"},"potentialAction":[{"@type":"SearchAction","target":{"@type":"EntryPoint","urlTemplate":"https:\/\/www.everbridge.com\/fr\/?s={search_term_string}"},"query-input":{"@type":"PropertyValueSpecification","valueRequired":true,"valueName":"search_term_string"}}],"inLanguage":"fr-FR"},{"@type":"Organization","@id":"https:\/\/www.everbridge.com\/fr\/#organization","name":"Everbridge - Francais","url":"https:\/\/www.everbridge.com\/fr\/","logo":{"@type":"ImageObject","inLanguage":"fr-FR","@id":"https:\/\/www.everbridge.com\/fr\/#\/schema\/logo\/image\/","url":"https:\/\/www.everbridge.com\/fr\/wp-content\/uploads\/sites\/6\/2023\/03\/EVBG-Logo-Full-Color-RGB.svg","contentUrl":"https:\/\/www.everbridge.com\/fr\/wp-content\/uploads\/sites\/6\/2023\/03\/EVBG-Logo-Full-Color-RGB.svg","width":1568,"height":310,"caption":"Everbridge - Francais"},"image":{"@id":"https:\/\/www.everbridge.com\/fr\/#\/schema\/logo\/image\/"}}]}},"get_extra_meta_fields":{"date_format":"F j, Y","is_summary":false,"description":"","external_url":"https:\/\/www.everbridge.com\/fr\/ressources\/webinaires\/","link_text":"Read more"},"get_external_url":"https:\/\/www.everbridge.com\/fr\/ressources\/webinaires\/","get_external_title":"Read more","get_term_title":{"author":"the-everbridge-team"},"_links":{"self":[{"href":"https:\/\/www.everbridge.com\/fr\/wp-json\/wp\/v2\/pages\/92292","targetHints":{"allow":["GET"]}}],"collection":[{"href":"https:\/\/www.everbridge.com\/fr\/wp-json\/wp\/v2\/pages"}],"about":[{"href":"https:\/\/www.everbridge.com\/fr\/wp-json\/wp\/v2\/types\/page"}],"author":[{"embeddable":true,"href":"https:\/\/www.everbridge.com\/fr\/wp-json\/wp\/v2\/users\/200"}],"replies":[{"embeddable":true,"href":"https:\/\/www.everbridge.com\/fr\/wp-json\/wp\/v2\/comments?post=92292"}],"version-history":[{"count":1,"href":"https:\/\/www.everbridge.com\/fr\/wp-json\/wp\/v2\/pages\/92292\/revisions"}],"predecessor-version":[{"id":92422,"href":"https:\/\/www.everbridge.com\/fr\/wp-json\/wp\/v2\/pages\/92292\/revisions\/92422"}],"up":[{"embeddable":true,"href":"https:\/\/www.everbridge.com\/fr\/wp-json\/wp\/v2\/pages\/92290"}],"wp:attachment":[{"href":"https:\/\/www.everbridge.com\/fr\/wp-json\/wp\/v2\/media?parent=92292"}],"wp:term":[{"taxonomy":"author","embeddable":true,"href":"https:\/\/www.everbridge.com\/fr\/wp-json\/wp\/v2\/coauthors?post=92292"}],"curies":[{"name":"wp","href":"https:\/\/api.w.org\/{rel}","templated":true}]}}