{"id":92114,"date":"2024-02-08T19:56:26","date_gmt":"2024-02-08T19:56:26","guid":{"rendered":"https:\/\/www.everbridge.com\/no\/?page_id=92114"},"modified":"2025-02-12T18:19:33","modified_gmt":"2025-02-12T18:19:33","slug":"sitemap","status":"publish","type":"page","link":"https:\/\/www.everbridge.com\/no\/sitemap\/","title":{"rendered":"Sitemap"},"content":{"rendered":"\n<div class=\"wp-block-columns mt-5 pl-5 is-layout-flex wp-container-core-columns-is-layout-9d6595d7 wp-block-columns-is-layout-flex\">\n<div class=\"wp-block-column is-layout-flow wp-block-column-is-layout-flow\"><div class=\"wsp-container\"><h2 class=\"wsp-pages-title\">Pages<\/h2>\n<ul class=\"wsp-pages-list\">\n<li class=\"page_item page-item-88398 page_item_has_children\"><a href=\"https:\/\/www.everbridge.com\/no\/about\/\">About Everbridge<\/a>\n<ul class='children'>\n\t<li class=\"page_item page-item-88399\"><a href=\"https:\/\/www.everbridge.com\/no\/about\/legal\/\">Legal, Privacy and Security<\/a><\/li>\n<\/ul>\n<\/li>\n<li class=\"page_item page-item-87843\"><a href=\"https:\/\/www.everbridge.com\/no\/blog\/\">Blog<\/a><\/li>\n<li class=\"page_item page-item-88520\"><a href=\"https:\/\/www.everbridge.com\/no\/crisis-management\/\">Crisis Management<\/a><\/li>\n<li class=\"page_item page-item-88396 page_item_has_children\"><a href=\"https:\/\/www.everbridge.com\/no\/customers\/\">customers<\/a>\n<ul class='children'>\n\t<li class=\"page_item page-item-88397\"><a href=\"https:\/\/www.everbridge.com\/no\/customers\/support\/\">\u00a0Support\u00a0<\/a><\/li>\n<\/ul>\n<\/li>\n<li class=\"page_item page-item-92050\"><a href=\"https:\/\/www.everbridge.com\/no\/demo\/\">Demo<\/a><\/li>\n<li class=\"page_item page-item-92051\"><a href=\"https:\/\/www.everbridge.com\/no\/grunn-til-a-velge-everbridge\/\">Grunn til \u00e5 velge Everbridge<\/a><\/li>\n<li class=\"page_item page-item-87845\"><a href=\"https:\/\/www.everbridge.com\/no\/\">Home<\/a><\/li>\n<li class=\"page_item page-item-92140\"><a href=\"https:\/\/www.everbridge.com\/no\/kontakt-oss\/\">Kontakt oss<\/a><\/li>\n<li class=\"page_item page-item-92144\"><a href=\"https:\/\/www.everbridge.com\/no\/kontakt-oss-bekreftelse\/\">Kontakt oss bekreftelse<\/a><\/li>\n<li class=\"page_item page-item-88609\"><a href=\"https:\/\/www.everbridge.com\/no\/kunder\/\">Kunder<\/a><\/li>\n<li class=\"page_item page-item-88615 page_item_has_children\"><a href=\"https:\/\/www.everbridge.com\/no\/losninger\/\">L\u00f8sninger<\/a>\n<ul class='children'>\n\t<li class=\"page_item page-item-91908\"><a href=\"https:\/\/www.everbridge.com\/no\/losninger\/forretningsdrift\/\">Business Operations<\/a><\/li>\n\t<li class=\"page_item page-item-91915\"><a href=\"https:\/\/www.everbridge.com\/no\/losninger\/digital-drift\/\">Digital Operations<\/a><\/li>\n\t<li class=\"page_item page-item-91909\"><a href=\"https:\/\/www.everbridge.com\/no\/losninger\/robusthet-for-mennesker\/\">People Resilience<\/a><\/li>\n\t<li class=\"page_item page-item-92036\"><a href=\"https:\/\/www.everbridge.com\/no\/losninger\/offentlig-sikkerhet\/\">Public Safety Solutions<\/a><\/li>\n\t<li class=\"page_item page-item-91916\"><a href=\"https:\/\/www.everbridge.com\/no\/losninger\/smart-sikkerhet\/\">Smart Security<\/a><\/li>\n<\/ul>\n<\/li>\n<li class=\"page_item page-item-88660\"><a href=\"https:\/\/www.everbridge.com\/no\/resources\/\">Ressurser<\/a><\/li>\n<li class=\"page_item page-item-88663\"><a href=\"https:\/\/www.everbridge.com\/no\/safety-connection\/\">Safety Connection<\/a><\/li>\n<li class=\"page_item page-item-92114\"><a href=\"https:\/\/www.everbridge.com\/no\/sitemap\/\">Sitemap<\/a><\/li>\n<li class=\"page_item page-item-87844\"><a href=\"https:\/\/www.everbridge.com\/no\/upcoming-events\/\">Upcoming Events Events<\/a><\/li>\n<li class=\"page_item page-item-88565\"><a href=\"https:\/\/www.everbridge.com\/no\/historie\/\">V\u00e5r historie<\/a><\/li>\n<li class=\"page_item page-item-88678\"><a href=\"https:\/\/www.everbridge.com\/no\/visual-command-center-2\/\">Visual Command Center<\/a><\/li>\n<li class=\"page_item page-item-88730\"><a href=\"https:\/\/www.everbridge.com\/no\/produkter\/control-center\/\">Control Center<\/a><\/li>\n<li class=\"page_item page-item-88624\"><a href=\"https:\/\/www.everbridge.com\/no\/produkter\/lokasjonsbasert-varsling\/\">Everbridge lokasjonsbasert varsling<\/a><\/li>\n<li class=\"page_item page-item-88637\"><a href=\"https:\/\/www.everbridge.com\/no\/produkter\/snapcomms\/\">SnapComms<\/a><\/li>\n<li class=\"page_item page-item-91907\"><a href=\"https:\/\/www.everbridge.com\/no\/plattform\/critical-event-management\/\">Critical Event Management<\/a><\/li>\n<\/ul>\n<h2 class=\"wsp-resources-title\">Resources<\/h2>\n<ul class=\"wsp-resources-list\">\n<li><a href=\"https:\/\/www.everbridge.com\/no\/resource\/everbridge-norway-transparency-report-2023\/\">Everbridge Norway Transparency Report 2023<\/a><\/li>\n<li><a href=\"https:\/\/www.everbridge.com\/no\/resource\/77338\/\">Er norske kommuner godt nok rustet for den neste krisen?<\/a><\/li>\n<li><a href=\"https:\/\/www.everbridge.com\/no\/resource\/sikker-og-effektiv-kommunikasjon-nar-krisen-inntreffer\/\">Sikker og effektiv kommunikasjon n\u00e5r krisen inntreffer<\/a><\/li>\n<li><a href=\"https:\/\/www.everbridge.com\/no\/resource\/bevisstgjoring-som-forsvarsstrategi\/\">Bevisstgj\u00f8ring som forsvarsstrategi - Slik kan du beskytte deg mot sikkerhetstrusler<\/a><\/li>\n<li><a href=\"https:\/\/www.everbridge.com\/no\/resource\/73518\/\">Tips til effektiv kommunikasjon ved kritiske hendelser<\/a><\/li>\n<li><a href=\"https:\/\/www.everbridge.com\/no\/resource\/grundfos-kundehistorie\/\">Grundfos kundehistorie<\/a><\/li>\n<li><a href=\"https:\/\/www.everbridge.com\/no\/resource\/tsunami-i-norske-fjorder\/\">Tsunami i norske fjorder<\/a><\/li>\n<li><a href=\"https:\/\/www.everbridge.com\/no\/resource\/control-center-roi\/\">Control Center ROI<\/a><\/li>\n<li><a href=\"https:\/\/www.everbridge.com\/no\/resource\/critical-event-management-for-bank-og-finans\/\">Critical Event Management for Bank og Finans<\/a><\/li>\n<li><a href=\"https:\/\/www.everbridge.com\/no\/resource\/10-trinnsguide-for-a-ruste-seg-mot-nye-sikkerhetstrusler\/\">10-trinnsguide for \u00e5 ruste seg mot nye sikkerhetstrusler<\/a><\/li>\n<li><a href=\"https:\/\/www.everbridge.com\/no\/resource\/planlegg-all-krisehandtering-i-en-felles-plattform\/\">Planlegg all kriseh\u00e5ndtering i en felles plattform<\/a><\/li>\n<li><a href=\"https:\/\/www.everbridge.com\/no\/resource\/guide-for-fysisk-sikkerhet\/\">Guide for fysisk sikkerhet<\/a><\/li>\n<li><a href=\"https:\/\/www.everbridge.com\/no\/resource\/postnord-kundehistorie\/\">Postnord kundehistorie<\/a><\/li>\n<li><a href=\"https:\/\/www.everbridge.com\/no\/resource\/produktoppdateringer-i-everbridge\/\">Produktoppdateringer i Everbridge<\/a><\/li>\n<\/ul>\n<\/div>\n\n\n<div id=\"simple-sitemap-container-69e06bb5e9e3e\" class=\"simple-sitemap-container simple-sitemap-container-69e06bb5e9e3e tab-disabled\"><div class=\"simple-sitemap-wrap\"><h3 class=\"post-type\">Posts<\/h3><ul class=\"simple-sitemap-post main\"><li class=\"sitemap-item\"><a href=\"https:\/\/www.everbridge.com\/no\/blog\/10-stegs-guide-sa-forbereder-du-dig-pa-sakerhetshot\/\">10-stegs guide: S\u00e5 f\u00f6rbereder du dig p\u00e5 s\u00e4kerhetshot<\/a><\/li><li class=\"sitemap-item\"><a href=\"https:\/\/www.everbridge.com\/no\/blog\/10-trinns-guide-slik-forbereder-du-deg-pa-sikkerhetstrusler\/\">10-trinns guide: Slik forbereder du deg p\u00e5 sikkerhetstrusler<\/a><\/li><li class=\"sitemap-item\"><a href=\"https:\/\/www.everbridge.com\/no\/blog\/4-mater-ansatte-kan-forhindre-hackerangrep\/\">4 m\u00e5ter ansatte kan forhindre hackerangrep<\/a><\/li><li class=\"sitemap-item\"><a href=\"https:\/\/www.everbridge.com\/no\/blog\/4-trinn-for-a-vaere-forberedt-pa-ekstreme-vaerforhold-og-begrense-innvirkningen-pa-organisasjonen-din\/\">4 trinn for \u00e5 v\u00e6re forberedt p\u00e5 ekstreme v\u00e6rforhold og begrense innvirkningen p\u00e5 organisasjonen din<\/a><\/li><li class=\"sitemap-item\"><a href=\"https:\/\/www.everbridge.com\/no\/blog\/at-opna-best-in-enterprise-resilience-er-et-konkurrenceparameter\/\">At opn\u00e5 Best in Enterprise Resilience\u2122 er et konkurrenceparameter<\/a><\/li><li class=\"sitemap-item\"><a href=\"https:\/\/www.everbridge.com\/no\/blog\/bygg-et-effektivt-visuelt-kommandosenter-med-disse-7-prinsippene\/\">Bygg et effektivt visuelt kommandosenter med disse 7 prinsippene<\/a><\/li><li class=\"sitemap-item\"><a href=\"https:\/\/www.everbridge.com\/no\/blog\/det-a-oppna-best-in-enterprise-resilience-gir-en-konkurransefordel\/\">Det \u00e5 oppn\u00e5 Best in Enterprise Resilience\u2122 gir en konkurransefordel<\/a><\/li><li class=\"sitemap-item\"><a href=\"https:\/\/www.everbridge.com\/no\/blog\/en-enkel-knapptryckning-ar-allt-som-kravs\/\">En enkel knapptryckning \u00e4r allt som kr\u00e4vs<\/a><\/li><li class=\"sitemap-item\"><a href=\"https:\/\/www.everbridge.com\/no\/blog\/et-tastetrykk-og-alle-er-varslet\/\">Et tastetrykk og alle er varslet<\/a><\/li><li class=\"sitemap-item\"><a href=\"https:\/\/www.everbridge.com\/no\/blog\/hur-man-bygger-ett-motstandskraftigt-foretag-i-tuffa-tider\/\">Hur man bygger ett motst\u00e5ndskraftigt f\u00f6retag i tuffa tider<\/a><\/li><li class=\"sitemap-item\"><a href=\"https:\/\/www.everbridge.com\/no\/blog\/hva-er-psim\/\">Hva er PSIM?<\/a><\/li><li class=\"sitemap-item\"><a href=\"https:\/\/www.everbridge.com\/no\/blog\/hvordan-bygge-motstandsyktige-bedrifter-i-toffe-tider\/\">Hvordan bygge motstandsdyktige bedrifter i t\u00f8ffe tider<\/a><\/li><li class=\"sitemap-item\"><a href=\"https:\/\/www.everbridge.com\/no\/blog\/hvordan-handtere-fysiske-og-digitale-sikkerhetstrusler-under-en-pandemi\/\">Hvordan h\u00e5ndtere fysiske og digitale sikkerhetstrusler?<\/a><\/li><li class=\"sitemap-item\"><a href=\"https:\/\/www.everbridge.com\/no\/blog\/potensielle-trusler-skiller-ikke-mellom-fem-og-tusen-ansatte\/\">Potensielle trusler skiller ikke mellom fem og tusen ansatte<\/a><\/li><li class=\"sitemap-item\"><a href=\"https:\/\/www.everbridge.com\/no\/blog\/vi-haller-personalen-saker-och-verksamheten-igang\/\">Vi h\u00e5ller personalen s\u00e4ker och verksamheten ig\u00e5ng<\/a><\/li><\/ul><\/div><\/div><br style=\"clear: both;\"><\/div>\n<\/div>\n","protected":false},"excerpt":{"rendered":"","protected":false},"author":7,"featured_media":0,"parent":0,"menu_order":0,"comment_status":"closed","ping_status":"closed","template":"","meta":{"_trash_the_other_posts":false,"_hide_footer":false,"resource_type":[],"editor_notices":[],"footnotes":"","page_schemas":[]},"coauthors":[],"class_list":["post-92114","page","type-page","status-publish","hentry"],"yoast_primary_category":null,"featured_image_src":null,"yoast_head":"<!-- This site is optimized with the Yoast SEO plugin v27.3 - https:\/\/yoast.com\/product\/yoast-seo-wordpress\/ -->\n<title>Sitemap - Everbridge - Norsk Bokmal<\/title>\n<meta name=\"robots\" content=\"index, follow, max-snippet:-1, max-image-preview:large, max-video-preview:-1\" \/>\n<link rel=\"canonical\" href=\"https:\/\/www.everbridge.com\/no\/sitemap\/\" \/>\n<meta property=\"og:locale\" content=\"nb_NO\" \/>\n<meta property=\"og:type\" content=\"article\" \/>\n<meta property=\"og:title\" content=\"Sitemap - Everbridge - Norsk Bokmal\" \/>\n<meta property=\"og:url\" content=\"https:\/\/www.everbridge.com\/no\/sitemap\/\" \/>\n<meta property=\"og:site_name\" content=\"Everbridge - Norsk Bokmal\" \/>\n<meta property=\"article:modified_time\" content=\"2025-02-12T18:19:33+00:00\" \/>\n<meta name=\"twitter:card\" content=\"summary_large_image\" \/>\n<meta name=\"twitter:label1\" content=\"Est. reading time\" \/>\n\t<meta name=\"twitter:data1\" content=\"1 minute\" \/>\n\t<meta name=\"twitter:label2\" content=\"Written by\" \/>\n\t<meta name=\"twitter:data2\" content=\"sbolak\" \/>\n<script type=\"application\/ld+json\" class=\"yoast-schema-graph\">{\"@context\":\"https:\\\/\\\/schema.org\",\"@graph\":[{\"@type\":\"WebPage\",\"@id\":\"https:\\\/\\\/www.everbridge.com\\\/no\\\/sitemap\\\/\",\"url\":\"https:\\\/\\\/www.everbridge.com\\\/no\\\/sitemap\\\/\",\"name\":\"Sitemap - Everbridge - Norsk Bokmal\",\"isPartOf\":{\"@id\":\"https:\\\/\\\/www.everbridge.com\\\/no\\\/#website\"},\"datePublished\":\"2024-02-08T19:56:26+00:00\",\"dateModified\":\"2025-02-12T18:19:33+00:00\",\"breadcrumb\":{\"@id\":\"https:\\\/\\\/www.everbridge.com\\\/no\\\/sitemap\\\/#breadcrumb\"},\"inLanguage\":\"nb-NO\",\"potentialAction\":[{\"@type\":\"ReadAction\",\"target\":[\"https:\\\/\\\/www.everbridge.com\\\/no\\\/sitemap\\\/\"]}]},{\"@type\":\"BreadcrumbList\",\"@id\":\"https:\\\/\\\/www.everbridge.com\\\/no\\\/sitemap\\\/#breadcrumb\",\"itemListElement\":[{\"@type\":\"ListItem\",\"position\":1,\"name\":\"Home\",\"item\":\"https:\\\/\\\/www.everbridge.com\\\/no\\\/\"},{\"@type\":\"ListItem\",\"position\":2,\"name\":\"Sitemap\"}]},{\"@type\":\"WebSite\",\"@id\":\"https:\\\/\\\/www.everbridge.com\\\/no\\\/#website\",\"url\":\"https:\\\/\\\/www.everbridge.com\\\/no\\\/\",\"name\":\"Everbridge - Norsk Bokmal\",\"description\":\"Just another www.everbridge.com site\",\"publisher\":{\"@id\":\"https:\\\/\\\/www.everbridge.com\\\/no\\\/#organization\"},\"potentialAction\":[{\"@type\":\"SearchAction\",\"target\":{\"@type\":\"EntryPoint\",\"urlTemplate\":\"https:\\\/\\\/www.everbridge.com\\\/no\\\/?s={search_term_string}\"},\"query-input\":{\"@type\":\"PropertyValueSpecification\",\"valueRequired\":true,\"valueName\":\"search_term_string\"}}],\"inLanguage\":\"nb-NO\"},{\"@type\":\"Organization\",\"@id\":\"https:\\\/\\\/www.everbridge.com\\\/no\\\/#organization\",\"name\":\"Everbridge - Norsk Bokmal\",\"url\":\"https:\\\/\\\/www.everbridge.com\\\/no\\\/\",\"logo\":{\"@type\":\"ImageObject\",\"inLanguage\":\"nb-NO\",\"@id\":\"https:\\\/\\\/www.everbridge.com\\\/no\\\/#\\\/schema\\\/logo\\\/image\\\/\",\"url\":\"https:\\\/\\\/www.everbridge.com\\\/no\\\/wp-content\\\/uploads\\\/sites\\\/7\\\/2023\\\/03\\\/EVBG-Logo-Full-Color-RGB.svg\",\"contentUrl\":\"https:\\\/\\\/www.everbridge.com\\\/no\\\/wp-content\\\/uploads\\\/sites\\\/7\\\/2023\\\/03\\\/EVBG-Logo-Full-Color-RGB.svg\",\"width\":1568,\"height\":310,\"caption\":\"Everbridge - Norsk Bokmal\"},\"image\":{\"@id\":\"https:\\\/\\\/www.everbridge.com\\\/no\\\/#\\\/schema\\\/logo\\\/image\\\/\"}}]}<\/script>\n<!-- \/ Yoast SEO plugin. -->","yoast_head_json":{"title":"Sitemap - Everbridge - Norsk Bokmal","robots":{"index":"index","follow":"follow","max-snippet":"max-snippet:-1","max-image-preview":"max-image-preview:large","max-video-preview":"max-video-preview:-1"},"canonical":"https:\/\/www.everbridge.com\/no\/sitemap\/","og_locale":"nb_NO","og_type":"article","og_title":"Sitemap - Everbridge - Norsk Bokmal","og_url":"https:\/\/www.everbridge.com\/no\/sitemap\/","og_site_name":"Everbridge - Norsk Bokmal","article_modified_time":"2025-02-12T18:19:33+00:00","twitter_card":"summary_large_image","twitter_misc":{"Est. reading time":"1 minute","Written by":"sbolak"},"schema":{"@context":"https:\/\/schema.org","@graph":[{"@type":"WebPage","@id":"https:\/\/www.everbridge.com\/no\/sitemap\/","url":"https:\/\/www.everbridge.com\/no\/sitemap\/","name":"Sitemap - Everbridge - Norsk Bokmal","isPartOf":{"@id":"https:\/\/www.everbridge.com\/no\/#website"},"datePublished":"2024-02-08T19:56:26+00:00","dateModified":"2025-02-12T18:19:33+00:00","breadcrumb":{"@id":"https:\/\/www.everbridge.com\/no\/sitemap\/#breadcrumb"},"inLanguage":"nb-NO","potentialAction":[{"@type":"ReadAction","target":["https:\/\/www.everbridge.com\/no\/sitemap\/"]}]},{"@type":"BreadcrumbList","@id":"https:\/\/www.everbridge.com\/no\/sitemap\/#breadcrumb","itemListElement":[{"@type":"ListItem","position":1,"name":"Home","item":"https:\/\/www.everbridge.com\/no\/"},{"@type":"ListItem","position":2,"name":"Sitemap"}]},{"@type":"WebSite","@id":"https:\/\/www.everbridge.com\/no\/#website","url":"https:\/\/www.everbridge.com\/no\/","name":"Everbridge - Norsk Bokmal","description":"Just another www.everbridge.com site","publisher":{"@id":"https:\/\/www.everbridge.com\/no\/#organization"},"potentialAction":[{"@type":"SearchAction","target":{"@type":"EntryPoint","urlTemplate":"https:\/\/www.everbridge.com\/no\/?s={search_term_string}"},"query-input":{"@type":"PropertyValueSpecification","valueRequired":true,"valueName":"search_term_string"}}],"inLanguage":"nb-NO"},{"@type":"Organization","@id":"https:\/\/www.everbridge.com\/no\/#organization","name":"Everbridge - Norsk Bokmal","url":"https:\/\/www.everbridge.com\/no\/","logo":{"@type":"ImageObject","inLanguage":"nb-NO","@id":"https:\/\/www.everbridge.com\/no\/#\/schema\/logo\/image\/","url":"https:\/\/www.everbridge.com\/no\/wp-content\/uploads\/sites\/7\/2023\/03\/EVBG-Logo-Full-Color-RGB.svg","contentUrl":"https:\/\/www.everbridge.com\/no\/wp-content\/uploads\/sites\/7\/2023\/03\/EVBG-Logo-Full-Color-RGB.svg","width":1568,"height":310,"caption":"Everbridge - Norsk Bokmal"},"image":{"@id":"https:\/\/www.everbridge.com\/no\/#\/schema\/logo\/image\/"}}]}},"get_extra_meta_fields":{"date_format":"F j, Y","is_summary":false,"description":"","external_url":"https:\/\/www.everbridge.com\/no\/sitemap\/","link_text":"Read more"},"get_external_url":"https:\/\/www.everbridge.com\/no\/sitemap\/","get_external_title":"Read more","get_term_title":{"author":""},"_links":{"self":[{"href":"https:\/\/www.everbridge.com\/no\/wp-json\/wp\/v2\/pages\/92114","targetHints":{"allow":["GET"]}}],"collection":[{"href":"https:\/\/www.everbridge.com\/no\/wp-json\/wp\/v2\/pages"}],"about":[{"href":"https:\/\/www.everbridge.com\/no\/wp-json\/wp\/v2\/types\/page"}],"author":[{"embeddable":true,"href":"https:\/\/www.everbridge.com\/no\/wp-json\/wp\/v2\/users\/7"}],"replies":[{"embeddable":true,"href":"https:\/\/www.everbridge.com\/no\/wp-json\/wp\/v2\/comments?post=92114"}],"version-history":[{"count":0,"href":"https:\/\/www.everbridge.com\/no\/wp-json\/wp\/v2\/pages\/92114\/revisions"}],"wp:attachment":[{"href":"https:\/\/www.everbridge.com\/no\/wp-json\/wp\/v2\/media?parent=92114"}],"wp:term":[{"taxonomy":"author","embeddable":true,"href":"https:\/\/www.everbridge.com\/no\/wp-json\/wp\/v2\/coauthors?post=92114"}],"curies":[{"name":"wp","href":"https:\/\/api.w.org\/{rel}","templated":true}]}}