{"id":92144,"date":"2025-01-24T14:44:04","date_gmt":"2025-01-24T14:44:04","guid":{"rendered":"https:\/\/www.everbridge.com\/no\/?page_id=92144"},"modified":"2025-02-06T13:22:13","modified_gmt":"2025-02-06T13:22:13","slug":"kontakt-oss-bekreftelse","status":"publish","type":"page","link":"https:\/\/www.everbridge.com\/no\/kontakt-oss-bekreftelse\/","title":{"rendered":"Kontakt oss bekreftelse"},"content":{"rendered":"\n<div class=\"wp-block-columns mt-5 is-layout-flex wp-container-core-columns-is-layout-9d6595d7 wp-block-columns-is-layout-flex\">\n<div class=\"wp-block-column mb-3 is-layout-flow wp-block-column-is-layout-flow\">\n<h2 class=\"wp-block-heading has-text-align-center\">Takk for din interesse for Everbridge. Vi er her for \u00e5 hjelpe p\u00e5 reisen din mot \u00f8kt resiliens.<\/h2>\n<\/div>\n<\/div>\n\n\n\n<div class=\"wp-block-columns is-layout-flex wp-container-core-columns-is-layout-9d6595d7 wp-block-columns-is-layout-flex\">\n<div class=\"wp-block-column is-layout-flow wp-block-column-is-layout-flow\">\n<h4 class=\"wp-block-heading has-text-align-center\">En av v\u00e5re eksperter vil ta kontakt med deg snart.<br>For umiddelbar hjelp, ikke n\u00f8l med \u00e5 kontakte oss p\u00e5 +47 95 25 26 10<\/h4>\n\n\n\n<p class=\"has-text-align-center \"><br>Vi spesialiserer oss p\u00e5 h\u00e5ndtering av kritiske hendelsesh\u00e5ndtering (CEM), og ser frem til \u00e5 hjelpe virksomheten din med \u00e5 v\u00e6re enda bedre forberedt og mer robust. Sammen kan vi redusere risiko og gj\u00f8re hensiktsmessige endringer for varig suksess.<\/p>\n<\/div>\n<\/div>\n\n\n\n<div class=\"wp-block-columns mt-5 mb-5 is-layout-flex wp-container-core-columns-is-layout-9d6595d7 wp-block-columns-is-layout-flex\">\n<div class=\"wp-block-column is-layout-flow wp-block-column-is-layout-flow\">\n<div class=\"wp-block-columns is-layout-flex wp-container-core-columns-is-layout-9d6595d7 wp-block-columns-is-layout-flex\">\n<div class=\"wp-block-column is-layout-flow wp-block-column-is-layout-flow\" style=\"flex-basis:10%\"><\/div>\n\n\n\n<div class=\"wp-block-column is-layout-flow wp-block-column-is-layout-flow\">\n<figure class=\"wp-block-image size-full  has-youtube-embed has-image-popup has-dark-mode hide-play-button-background\"><a href=\"https:\/\/youtu.be\/by3pG88adXg\"><img decoding=\"async\" src=\"https:\/\/www.everbridge.com\/es\/wp-content\/uploads\/sites\/5\/2022\/03\/Workplace-Violence-3.jpg\" alt=\"Workplace Violence Prevention\" class=\"wp-image-83748\"\/><\/a><\/figure>\n<\/div>\n\n\n\n<div class=\"wp-block-column is-layout-flow wp-block-column-is-layout-flow\" style=\"flex-basis:10%\"><\/div>\n<\/div>\n<\/div>\n<\/div>\n\n\n\n<div class=\"wp-block-group homepage-redesign-image-on-left has-e-9-f-0-f-2-background-color has-background is-layout-flow wp-block-group-is-layout-flow\">\n<div class=\"wp-block-columns are-vertically-aligned-center is-layout-flex wp-container-core-columns-is-layout-635756ed wp-block-columns-is-layout-flex\" style=\"padding-top:var(--wp--preset--spacing--3-xl);padding-bottom:var(--wp--preset--spacing--3-xl)\">\n<div class=\"wp-block-column is-vertically-aligned-center is-layout-flow wp-block-column-is-layout-flow\" style=\"flex-basis:58%\">\n<figure class=\"wp-block-image size-full is-style-default\"><img decoding=\"async\" src=\"https:\/\/www.everbridge.com\/wp-content\/uploads\/2025\/01\/Forrester-Wave-650x650-1.gif\" alt=\"Forrester Wave 650x650\" class=\"wp-image-101320\" style=\"object-fit:cover\"\/><\/figure>\n<\/div>\n\n\n\n<div class=\"wp-block-column is-vertically-aligned-center is-layout-flow wp-block-column-is-layout-flow\" style=\"flex-basis:42%\">\n<h2 class=\"wp-block-heading\" style=\"padding-right:0;padding-left:0\">Everbridge er k\u00e5ret til leder i The Forrester Wave\u2122:\u00a0Critical Event Management, Q4 2023<\/h2>\n\n\n\n<p class=\"\"><br>\u00d8k motstandskraft med den ledende plattformen for h\u00e5ndtering av kritiske hendelser.<\/p>\n\n\n\n<div class=\"wp-block-buttons is-layout-flex wp-block-buttons-is-layout-flex\">\n<div class=\"wp-block-button is-style-button-style-12\"><a class=\"wp-block-button__link wp-element-button\" href=\"https:\/\/go.everbridge.com\/forrester-cem-wave.html\" target=\"_blank\" rel=\"noreferrer noopener\">Tilgang til rapport<\/a><\/div>\n<\/div>\n<\/div>\n<\/div>\n<\/div>\n","protected":false},"excerpt":{"rendered":"<p>Takk for din interesse for Everbridge. Vi er her for \u00e5 hjelpe p\u00e5 reisen din mot \u00f8kt resiliens. En av\u2026 <\/p>\n","protected":false},"author":200,"featured_media":0,"parent":0,"menu_order":0,"comment_status":"closed","ping_status":"closed","template":"","meta":{"_trash_the_other_posts":false,"_hide_footer":false,"resource_type":[],"editor_notices":[],"footnotes":"","page_schemas":[]},"coauthors":[75],"class_list":["post-92144","page","type-page","status-publish","hentry"],"yoast_primary_category":{"author":"the-everbridge-team"},"featured_image_src":null,"yoast_head":"<!-- This site is optimized with the Yoast SEO plugin v27.3 - https:\/\/yoast.com\/product\/yoast-seo-wordpress\/ -->\n<title>Kontakt oss bekreftelse<\/title>\n<meta name=\"robots\" content=\"noindex, nofollow\" \/>\n<meta property=\"og:locale\" content=\"nb_NO\" \/>\n<meta property=\"og:type\" content=\"article\" \/>\n<meta property=\"og:title\" content=\"Kontakt oss bekreftelse\" \/>\n<meta property=\"og:description\" content=\"Takk for din interesse for Everbridge. Vi er her for \u00e5 hjelpe p\u00e5 reisen din mot \u00f8kt resiliens. En av\u2026\" \/>\n<meta property=\"og:url\" content=\"https:\/\/www.everbridge.com\/no\/kontakt-oss-bekreftelse\/\" \/>\n<meta property=\"og:site_name\" content=\"Everbridge - Norsk Bokmal\" \/>\n<meta property=\"article:modified_time\" content=\"2025-02-06T13:22:13+00:00\" \/>\n<meta name=\"twitter:card\" content=\"summary_large_image\" \/>\n<meta name=\"twitter:label1\" content=\"Est. reading time\" \/>\n\t<meta name=\"twitter:data1\" content=\"1 minute\" \/>\n\t<meta name=\"twitter:label2\" content=\"Written by\" \/>\n\t<meta name=\"twitter:data2\" content=\"The Everbridge Team\" \/>\n<script type=\"application\/ld+json\" class=\"yoast-schema-graph\">{\"@context\":\"https:\\\/\\\/schema.org\",\"@graph\":[{\"@type\":\"WebPage\",\"@id\":\"https:\\\/\\\/www.everbridge.com\\\/no\\\/kontakt-oss-bekreftelse\\\/\",\"url\":\"https:\\\/\\\/www.everbridge.com\\\/no\\\/kontakt-oss-bekreftelse\\\/\",\"name\":\"Kontakt oss bekreftelse\",\"isPartOf\":{\"@id\":\"https:\\\/\\\/www.everbridge.com\\\/no\\\/#website\"},\"primaryImageOfPage\":{\"@id\":\"https:\\\/\\\/www.everbridge.com\\\/no\\\/kontakt-oss-bekreftelse\\\/#primaryimage\"},\"image\":{\"@id\":\"https:\\\/\\\/www.everbridge.com\\\/no\\\/kontakt-oss-bekreftelse\\\/#primaryimage\"},\"thumbnailUrl\":\"https:\\\/\\\/www.everbridge.com\\\/es\\\/wp-content\\\/uploads\\\/sites\\\/5\\\/2022\\\/03\\\/Workplace-Violence-3.jpg\",\"datePublished\":\"2025-01-24T14:44:04+00:00\",\"dateModified\":\"2025-02-06T13:22:13+00:00\",\"breadcrumb\":{\"@id\":\"https:\\\/\\\/www.everbridge.com\\\/no\\\/kontakt-oss-bekreftelse\\\/#breadcrumb\"},\"inLanguage\":\"nb-NO\",\"potentialAction\":[{\"@type\":\"ReadAction\",\"target\":[\"https:\\\/\\\/www.everbridge.com\\\/no\\\/kontakt-oss-bekreftelse\\\/\"]}]},{\"@type\":\"ImageObject\",\"inLanguage\":\"nb-NO\",\"@id\":\"https:\\\/\\\/www.everbridge.com\\\/no\\\/kontakt-oss-bekreftelse\\\/#primaryimage\",\"url\":\"https:\\\/\\\/www.everbridge.com\\\/es\\\/wp-content\\\/uploads\\\/sites\\\/5\\\/2022\\\/03\\\/Workplace-Violence-3.jpg\",\"contentUrl\":\"https:\\\/\\\/www.everbridge.com\\\/es\\\/wp-content\\\/uploads\\\/sites\\\/5\\\/2022\\\/03\\\/Workplace-Violence-3.jpg\"},{\"@type\":\"BreadcrumbList\",\"@id\":\"https:\\\/\\\/www.everbridge.com\\\/no\\\/kontakt-oss-bekreftelse\\\/#breadcrumb\",\"itemListElement\":[{\"@type\":\"ListItem\",\"position\":1,\"name\":\"Home\",\"item\":\"https:\\\/\\\/www.everbridge.com\\\/no\\\/\"},{\"@type\":\"ListItem\",\"position\":2,\"name\":\"Kontakt oss bekreftelse\"}]},{\"@type\":\"WebSite\",\"@id\":\"https:\\\/\\\/www.everbridge.com\\\/no\\\/#website\",\"url\":\"https:\\\/\\\/www.everbridge.com\\\/no\\\/\",\"name\":\"Everbridge - Norsk Bokmal\",\"description\":\"Just another www.everbridge.com site\",\"publisher\":{\"@id\":\"https:\\\/\\\/www.everbridge.com\\\/no\\\/#organization\"},\"potentialAction\":[{\"@type\":\"SearchAction\",\"target\":{\"@type\":\"EntryPoint\",\"urlTemplate\":\"https:\\\/\\\/www.everbridge.com\\\/no\\\/?s={search_term_string}\"},\"query-input\":{\"@type\":\"PropertyValueSpecification\",\"valueRequired\":true,\"valueName\":\"search_term_string\"}}],\"inLanguage\":\"nb-NO\"},{\"@type\":\"Organization\",\"@id\":\"https:\\\/\\\/www.everbridge.com\\\/no\\\/#organization\",\"name\":\"Everbridge - Norsk Bokmal\",\"url\":\"https:\\\/\\\/www.everbridge.com\\\/no\\\/\",\"logo\":{\"@type\":\"ImageObject\",\"inLanguage\":\"nb-NO\",\"@id\":\"https:\\\/\\\/www.everbridge.com\\\/no\\\/#\\\/schema\\\/logo\\\/image\\\/\",\"url\":\"https:\\\/\\\/www.everbridge.com\\\/no\\\/wp-content\\\/uploads\\\/sites\\\/7\\\/2023\\\/03\\\/EVBG-Logo-Full-Color-RGB.svg\",\"contentUrl\":\"https:\\\/\\\/www.everbridge.com\\\/no\\\/wp-content\\\/uploads\\\/sites\\\/7\\\/2023\\\/03\\\/EVBG-Logo-Full-Color-RGB.svg\",\"width\":1568,\"height\":310,\"caption\":\"Everbridge - Norsk Bokmal\"},\"image\":{\"@id\":\"https:\\\/\\\/www.everbridge.com\\\/no\\\/#\\\/schema\\\/logo\\\/image\\\/\"}}]}<\/script>\n<!-- \/ Yoast SEO plugin. -->","yoast_head_json":{"title":"Kontakt oss bekreftelse","robots":{"index":"noindex","follow":"nofollow"},"og_locale":"nb_NO","og_type":"article","og_title":"Kontakt oss bekreftelse","og_description":"Takk for din interesse for Everbridge. Vi er her for \u00e5 hjelpe p\u00e5 reisen din mot \u00f8kt resiliens. En av\u2026","og_url":"https:\/\/www.everbridge.com\/no\/kontakt-oss-bekreftelse\/","og_site_name":"Everbridge - Norsk Bokmal","article_modified_time":"2025-02-06T13:22:13+00:00","twitter_card":"summary_large_image","twitter_misc":{"Est. reading time":"1 minute","Written by":"The Everbridge Team"},"schema":{"@context":"https:\/\/schema.org","@graph":[{"@type":"WebPage","@id":"https:\/\/www.everbridge.com\/no\/kontakt-oss-bekreftelse\/","url":"https:\/\/www.everbridge.com\/no\/kontakt-oss-bekreftelse\/","name":"Kontakt oss bekreftelse","isPartOf":{"@id":"https:\/\/www.everbridge.com\/no\/#website"},"primaryImageOfPage":{"@id":"https:\/\/www.everbridge.com\/no\/kontakt-oss-bekreftelse\/#primaryimage"},"image":{"@id":"https:\/\/www.everbridge.com\/no\/kontakt-oss-bekreftelse\/#primaryimage"},"thumbnailUrl":"https:\/\/www.everbridge.com\/es\/wp-content\/uploads\/sites\/5\/2022\/03\/Workplace-Violence-3.jpg","datePublished":"2025-01-24T14:44:04+00:00","dateModified":"2025-02-06T13:22:13+00:00","breadcrumb":{"@id":"https:\/\/www.everbridge.com\/no\/kontakt-oss-bekreftelse\/#breadcrumb"},"inLanguage":"nb-NO","potentialAction":[{"@type":"ReadAction","target":["https:\/\/www.everbridge.com\/no\/kontakt-oss-bekreftelse\/"]}]},{"@type":"ImageObject","inLanguage":"nb-NO","@id":"https:\/\/www.everbridge.com\/no\/kontakt-oss-bekreftelse\/#primaryimage","url":"https:\/\/www.everbridge.com\/es\/wp-content\/uploads\/sites\/5\/2022\/03\/Workplace-Violence-3.jpg","contentUrl":"https:\/\/www.everbridge.com\/es\/wp-content\/uploads\/sites\/5\/2022\/03\/Workplace-Violence-3.jpg"},{"@type":"BreadcrumbList","@id":"https:\/\/www.everbridge.com\/no\/kontakt-oss-bekreftelse\/#breadcrumb","itemListElement":[{"@type":"ListItem","position":1,"name":"Home","item":"https:\/\/www.everbridge.com\/no\/"},{"@type":"ListItem","position":2,"name":"Kontakt oss bekreftelse"}]},{"@type":"WebSite","@id":"https:\/\/www.everbridge.com\/no\/#website","url":"https:\/\/www.everbridge.com\/no\/","name":"Everbridge - Norsk Bokmal","description":"Just another www.everbridge.com site","publisher":{"@id":"https:\/\/www.everbridge.com\/no\/#organization"},"potentialAction":[{"@type":"SearchAction","target":{"@type":"EntryPoint","urlTemplate":"https:\/\/www.everbridge.com\/no\/?s={search_term_string}"},"query-input":{"@type":"PropertyValueSpecification","valueRequired":true,"valueName":"search_term_string"}}],"inLanguage":"nb-NO"},{"@type":"Organization","@id":"https:\/\/www.everbridge.com\/no\/#organization","name":"Everbridge - Norsk Bokmal","url":"https:\/\/www.everbridge.com\/no\/","logo":{"@type":"ImageObject","inLanguage":"nb-NO","@id":"https:\/\/www.everbridge.com\/no\/#\/schema\/logo\/image\/","url":"https:\/\/www.everbridge.com\/no\/wp-content\/uploads\/sites\/7\/2023\/03\/EVBG-Logo-Full-Color-RGB.svg","contentUrl":"https:\/\/www.everbridge.com\/no\/wp-content\/uploads\/sites\/7\/2023\/03\/EVBG-Logo-Full-Color-RGB.svg","width":1568,"height":310,"caption":"Everbridge - Norsk Bokmal"},"image":{"@id":"https:\/\/www.everbridge.com\/no\/#\/schema\/logo\/image\/"}}]}},"get_extra_meta_fields":{"date_format":"F j, Y","is_summary":false,"description":"Takk for din interesse for Everbridge. Vi er her for \u00e5 hjelpe p\u00e5 reisen din mot \u00f8kt resiliens. En av\u2026 ","external_url":"https:\/\/www.everbridge.com\/no\/kontakt-oss-bekreftelse\/","link_text":"Read more"},"get_external_url":"https:\/\/www.everbridge.com\/no\/kontakt-oss-bekreftelse\/","get_external_title":"Read more","get_term_title":{"author":"the-everbridge-team"},"_links":{"self":[{"href":"https:\/\/www.everbridge.com\/no\/wp-json\/wp\/v2\/pages\/92144","targetHints":{"allow":["GET"]}}],"collection":[{"href":"https:\/\/www.everbridge.com\/no\/wp-json\/wp\/v2\/pages"}],"about":[{"href":"https:\/\/www.everbridge.com\/no\/wp-json\/wp\/v2\/types\/page"}],"author":[{"embeddable":true,"href":"https:\/\/www.everbridge.com\/no\/wp-json\/wp\/v2\/users\/200"}],"replies":[{"embeddable":true,"href":"https:\/\/www.everbridge.com\/no\/wp-json\/wp\/v2\/comments?post=92144"}],"version-history":[{"count":0,"href":"https:\/\/www.everbridge.com\/no\/wp-json\/wp\/v2\/pages\/92144\/revisions"}],"wp:attachment":[{"href":"https:\/\/www.everbridge.com\/no\/wp-json\/wp\/v2\/media?parent=92144"}],"wp:term":[{"taxonomy":"author","embeddable":true,"href":"https:\/\/www.everbridge.com\/no\/wp-json\/wp\/v2\/coauthors?post=92144"}],"curies":[{"name":"wp","href":"https:\/\/api.w.org\/{rel}","templated":true}]}}